{"id":80,"date":"2023-04-25T15:27:20","date_gmt":"2023-04-25T15:27:20","guid":{"rendered":"https:\/\/miserecords.com\/?page_id=80"},"modified":"2026-02-04T10:11:45","modified_gmt":"2026-02-04T10:11:45","slug":"miserecords","status":"publish","type":"page","link":"https:\/\/miserecords.com\/","title":{"rendered":"MIS\u00c8RECORDS"},"content":{"rendered":"\n<blockquote class=\"wp-block-quote has-four-color has-text-color has-link-color wp-elements-c95fa7ebcd6c031baff74379842188f3 is-layout-flow wp-block-quote-is-layout-flow\">\n<p class=\"has-big-font-size\"><strong>\u00abL\u2019absurdit\u00e9 nous a cr\u00e9\u00e9s, nous cr\u00e9ons l\u2019absurdit\u00e9\u00bb<\/strong><\/p>\n\n\n\n<p class=\"animated backInRight\"><strong>Ind\u00e9pendantistes de la connerie en 2009, empire m\u00e9diatique en 2040.<br>Label, relations presse &amp; promo, productions musicales, concerts, vid\u00e9os, reportages, clips, court-m\u00e9trages, streaming&#8230; <\/strong><\/p>\n\n\n\n<p class=\"animated backInRight has-four-color has-text-color has-link-color wp-elements-686b31a2c948611595b088807f3d78f7\"><strong>Made in France ma poule !<\/strong><\/p>\n<\/blockquote>\n\n\n\t\t<div id=\"instagram-gallery-feed-qligg-1\" class=\"instagram-gallery-feed\" data-feed=\"{&quot;id&quot;:&quot;qligg-1&quot;,&quot;account_id&quot;:&quot;17841411844301226&quot;,&quot;source&quot;:&quot;username&quot;,&quot;tag&quot;:&quot;wordpress&quot;,&quot;order_by&quot;:&quot;top_media&quot;,&quot;layout&quot;:&quot;gallery&quot;,&quot;limit&quot;:12,&quot;columns&quot;:3,&quot;spacing&quot;:10,&quot;lazy&quot;:false,&quot;responsive&quot;:{&quot;desktop&quot;:{&quot;columns&quot;:3,&quot;spacing&quot;:10},&quot;tablet&quot;:{&quot;columns&quot;:2,&quot;spacing&quot;:8},&quot;mobile&quot;:{&quot;columns&quot;:1,&quot;spacing&quot;:6},&quot;breakpoints&quot;:{&quot;tablet&quot;:768,&quot;mobile&quot;:480}},&quot;aspect_ratio&quot;:{&quot;width&quot;:1,&quot;height&quot;:1},&quot;highlight&quot;:{&quot;tag&quot;:&quot;&quot;,&quot;id&quot;:&quot;&quot;,&quot;position&quot;:&quot;1,3,5&quot;},&quot;reel&quot;:{&quot;hide&quot;:false},&quot;copyright&quot;:{&quot;hide&quot;:false,&quot;placeholder&quot;:&quot;&quot;},&quot;profile&quot;:{&quot;display&quot;:false,&quot;username&quot;:&quot;&quot;,&quot;nickname&quot;:&quot;&quot;,&quot;website&quot;:&quot;&quot;,&quot;biography&quot;:&quot;&quot;,&quot;link_text&quot;:&quot;Follow&quot;,&quot;website_text&quot;:&quot;Website&quot;,&quot;avatar&quot;:&quot;&quot;},&quot;box&quot;:{&quot;display&quot;:false,&quot;padding&quot;:1,&quot;radius&quot;:0,&quot;background&quot;:&quot;#fefefe&quot;,&quot;profile&quot;:false,&quot;desc&quot;:&quot;&quot;,&quot;text_color&quot;:&quot;#000000&quot;},&quot;mask&quot;:{&quot;display&quot;:true,&quot;background&quot;:&quot;#000000&quot;,&quot;icon_color&quot;:&quot;#ffffff&quot;,&quot;likes_count&quot;:true,&quot;comments_count&quot;:true},&quot;card&quot;:{&quot;display&quot;:false,&quot;radius&quot;:1,&quot;font_size&quot;:12,&quot;background&quot;:&quot;#ffffff&quot;,&quot;background_hover&quot;:&quot;&quot;,&quot;text_color&quot;:&quot;#000000&quot;,&quot;padding&quot;:5,&quot;likes_count&quot;:true,&quot;text_length&quot;:10,&quot;comments_count&quot;:true,&quot;text_align&quot;:&quot;left&quot;},&quot;carousel&quot;:{&quot;centered_slides&quot;:false,&quot;autoplay&quot;:false,&quot;autoplay_interval&quot;:3000,&quot;navarrows&quot;:true,&quot;navarrows_color&quot;:&quot;&quot;,&quot;pagination&quot;:true,&quot;pagination_color&quot;:&quot;&quot;},&quot;modal&quot;:{&quot;display&quot;:true,&quot;profile&quot;:true,&quot;media_description&quot;:true,&quot;likes_count&quot;:true,&quot;comments_count&quot;:true,&quot;comments_list&quot;:false,&quot;text_align&quot;:&quot;left&quot;,&quot;modal_align&quot;:&quot;right&quot;,&quot;text_length&quot;:10000,&quot;font_size&quot;:12},&quot;button&quot;:{&quot;display&quot;:true,&quot;text&quot;:&quot;View on Instagram&quot;,&quot;text_color&quot;:&quot;#ffff&quot;,&quot;background&quot;:&quot;&quot;,&quot;background_hover&quot;:&quot;&quot;},&quot;button_load&quot;:{&quot;display&quot;:false,&quot;text&quot;:&quot;Load more...&quot;,&quot;text_color&quot;:&quot;#ffff&quot;,&quot;background&quot;:&quot;&quot;,&quot;background_hover&quot;:&quot;&quot;},&quot;hasCustomCSS&quot;:false,&quot;customCSS&quot;:&quot;&quot;,&quot;otterConditions&quot;:[]}\">\n\t\t<!-- <FeedContainer\/> -->\n\t\t<\/div>\n\t\t\n\n\n<p><\/p>\n","protected":false},"excerpt":{"rendered":"<p>\u00abL\u2019absurdit\u00e9 nous a cr\u00e9\u00e9s, nous cr\u00e9ons l\u2019absurdit\u00e9\u00bb Ind\u00e9pendantistes de la connerie en 2009, empire m\u00e9diatique en 2040.Label, relations presse &amp; promo, productions musicales, concerts, vid\u00e9os, reportages, clips, court-m\u00e9trages, streaming&#8230; Made in France ma poule !<\/p>\n","protected":false},"author":1,"featured_media":0,"parent":0,"menu_order":0,"comment_status":"closed","ping_status":"closed","template":"","meta":{"_themeisle_gutenberg_block_has_review":false,"footnotes":""},"class_list":["post-80","page","type-page","status-publish","hentry"],"yoast_head":"<!-- This site is optimized with the Yoast SEO plugin v27.1.1 - https:\/\/yoast.com\/product\/yoast-seo-wordpress\/ -->\n<title>MIS\u00c8RECORDS - Mis\u00e8Records<\/title>\n<meta name=\"robots\" content=\"index, follow, max-snippet:-1, max-image-preview:large, max-video-preview:-1\" \/>\n<link rel=\"canonical\" href=\"https:\/\/miserecords.com\/\" \/>\n<meta property=\"og:locale\" content=\"fr_FR\" \/>\n<meta property=\"og:type\" content=\"article\" \/>\n<meta property=\"og:title\" content=\"MIS\u00c8RECORDS - Mis\u00e8Records\" \/>\n<meta property=\"og:description\" content=\"\u00abL\u2019absurdit\u00e9 nous a cr\u00e9\u00e9s, nous cr\u00e9ons l\u2019absurdit\u00e9\u00bb Ind\u00e9pendantistes de la connerie en 2009, empire m\u00e9diatique en 2040.Label, relations presse &amp; promo, productions musicales, concerts, vid\u00e9os, reportages, clips, court-m\u00e9trages, streaming&#8230; Made in France ma poule !\" \/>\n<meta property=\"og:url\" content=\"https:\/\/miserecords.com\/\" \/>\n<meta property=\"og:site_name\" content=\"Mis\u00e8Records\" \/>\n<meta property=\"article:modified_time\" content=\"2026-02-04T10:11:45+00:00\" \/>\n<meta name=\"twitter:card\" content=\"summary_large_image\" \/>\n<script type=\"application\/ld+json\" class=\"yoast-schema-graph\">{\"@context\":\"https:\/\/schema.org\",\"@graph\":[{\"@type\":\"WebPage\",\"@id\":\"https:\/\/miserecords.com\/\",\"url\":\"https:\/\/miserecords.com\/\",\"name\":\"MIS\u00c8RECORDS - Mis\u00e8Records\",\"isPartOf\":{\"@id\":\"https:\/\/miserecords.com\/#website\"},\"datePublished\":\"2023-04-25T15:27:20+00:00\",\"dateModified\":\"2026-02-04T10:11:45+00:00\",\"breadcrumb\":{\"@id\":\"https:\/\/miserecords.com\/#breadcrumb\"},\"inLanguage\":\"fr-FR\",\"potentialAction\":[{\"@type\":\"ReadAction\",\"target\":[\"https:\/\/miserecords.com\/\"]}]},{\"@type\":\"BreadcrumbList\",\"@id\":\"https:\/\/miserecords.com\/#breadcrumb\",\"itemListElement\":[{\"@type\":\"ListItem\",\"position\":1,\"name\":\"Accueil\",\"item\":\"https:\/\/miserecords.com\/\"},{\"@type\":\"ListItem\",\"position\":2,\"name\":\"MIS\u00c8RECORDS\"}]},{\"@type\":\"WebSite\",\"@id\":\"https:\/\/miserecords.com\/#website\",\"url\":\"https:\/\/miserecords.com\/\",\"name\":\"Mis\u00e8Records\",\"description\":\"\",\"potentialAction\":[{\"@type\":\"SearchAction\",\"target\":{\"@type\":\"EntryPoint\",\"urlTemplate\":\"https:\/\/miserecords.com\/?s={search_term_string}\"},\"query-input\":{\"@type\":\"PropertyValueSpecification\",\"valueRequired\":true,\"valueName\":\"search_term_string\"}}],\"inLanguage\":\"fr-FR\"}]}<\/script>\n<!-- \/ Yoast SEO plugin. -->","yoast_head_json":{"title":"MIS\u00c8RECORDS - Mis\u00e8Records","robots":{"index":"index","follow":"follow","max-snippet":"max-snippet:-1","max-image-preview":"max-image-preview:large","max-video-preview":"max-video-preview:-1"},"canonical":"https:\/\/miserecords.com\/","og_locale":"fr_FR","og_type":"article","og_title":"MIS\u00c8RECORDS - Mis\u00e8Records","og_description":"\u00abL\u2019absurdit\u00e9 nous a cr\u00e9\u00e9s, nous cr\u00e9ons l\u2019absurdit\u00e9\u00bb Ind\u00e9pendantistes de la connerie en 2009, empire m\u00e9diatique en 2040.Label, relations presse &amp; promo, productions musicales, concerts, vid\u00e9os, reportages, clips, court-m\u00e9trages, streaming&#8230; Made in France ma poule !","og_url":"https:\/\/miserecords.com\/","og_site_name":"Mis\u00e8Records","article_modified_time":"2026-02-04T10:11:45+00:00","twitter_card":"summary_large_image","schema":{"@context":"https:\/\/schema.org","@graph":[{"@type":"WebPage","@id":"https:\/\/miserecords.com\/","url":"https:\/\/miserecords.com\/","name":"MIS\u00c8RECORDS - Mis\u00e8Records","isPartOf":{"@id":"https:\/\/miserecords.com\/#website"},"datePublished":"2023-04-25T15:27:20+00:00","dateModified":"2026-02-04T10:11:45+00:00","breadcrumb":{"@id":"https:\/\/miserecords.com\/#breadcrumb"},"inLanguage":"fr-FR","potentialAction":[{"@type":"ReadAction","target":["https:\/\/miserecords.com\/"]}]},{"@type":"BreadcrumbList","@id":"https:\/\/miserecords.com\/#breadcrumb","itemListElement":[{"@type":"ListItem","position":1,"name":"Accueil","item":"https:\/\/miserecords.com\/"},{"@type":"ListItem","position":2,"name":"MIS\u00c8RECORDS"}]},{"@type":"WebSite","@id":"https:\/\/miserecords.com\/#website","url":"https:\/\/miserecords.com\/","name":"Mis\u00e8Records","description":"","potentialAction":[{"@type":"SearchAction","target":{"@type":"EntryPoint","urlTemplate":"https:\/\/miserecords.com\/?s={search_term_string}"},"query-input":{"@type":"PropertyValueSpecification","valueRequired":true,"valueName":"search_term_string"}}],"inLanguage":"fr-FR"}]}},"_links":{"self":[{"href":"https:\/\/miserecords.com\/index.php?rest_route=\/wp\/v2\/pages\/80","targetHints":{"allow":["GET"]}}],"collection":[{"href":"https:\/\/miserecords.com\/index.php?rest_route=\/wp\/v2\/pages"}],"about":[{"href":"https:\/\/miserecords.com\/index.php?rest_route=\/wp\/v2\/types\/page"}],"author":[{"embeddable":true,"href":"https:\/\/miserecords.com\/index.php?rest_route=\/wp\/v2\/users\/1"}],"replies":[{"embeddable":true,"href":"https:\/\/miserecords.com\/index.php?rest_route=%2Fwp%2Fv2%2Fcomments&post=80"}],"version-history":[{"count":20,"href":"https:\/\/miserecords.com\/index.php?rest_route=\/wp\/v2\/pages\/80\/revisions"}],"predecessor-version":[{"id":691,"href":"https:\/\/miserecords.com\/index.php?rest_route=\/wp\/v2\/pages\/80\/revisions\/691"}],"wp:attachment":[{"href":"https:\/\/miserecords.com\/index.php?rest_route=%2Fwp%2Fv2%2Fmedia&parent=80"}],"curies":[{"name":"wp","href":"https:\/\/api.w.org\/{rel}","templated":true}]}}