{"id":460,"date":"2025-02-11T14:54:08","date_gmt":"2025-02-11T14:54:08","guid":{"rendered":"https:\/\/miserecords.com\/?page_id=460"},"modified":"2025-02-11T15:30:17","modified_gmt":"2025-02-11T15:30:17","slug":"spade","status":"publish","type":"page","link":"https:\/\/miserecords.com\/?page_id=460","title":{"rendered":"SPADE"},"content":{"rendered":"\n<div class=\"wp-block-media-text is-stacked-on-mobile animated backInDown\" style=\"grid-template-columns:28% auto\"><figure class=\"wp-block-media-text__media\"><img fetchpriority=\"high\" decoding=\"async\" width=\"819\" height=\"1024\" src=\"https:\/\/miserecords.com\/wp-content\/uploads\/2025\/02\/C27F43DE-D407-4D76-8FD8-44544D1C0779-819x1024.jpg\" alt=\"\" class=\"wp-image-431 size-full\" srcset=\"https:\/\/miserecords.com\/wp-content\/uploads\/2025\/02\/C27F43DE-D407-4D76-8FD8-44544D1C0779-819x1024.jpg 819w, https:\/\/miserecords.com\/wp-content\/uploads\/2025\/02\/C27F43DE-D407-4D76-8FD8-44544D1C0779-240x300.jpg 240w, https:\/\/miserecords.com\/wp-content\/uploads\/2025\/02\/C27F43DE-D407-4D76-8FD8-44544D1C0779-768x960.jpg 768w, https:\/\/miserecords.com\/wp-content\/uploads\/2025\/02\/C27F43DE-D407-4D76-8FD8-44544D1C0779.jpg 1170w\" sizes=\"(max-width: 819px) 100vw, 819px\" \/><\/figure><div class=\"wp-block-media-text__content\">\n<p class=\"has-midsmall-font-size\"><strong>Spade c&rsquo;est le pop-rock que tout le monde aime entendre. <br>La madeleine de Proust d&rsquo;une journ\u00e9e en voiture avec la playlist des parents : s&rsquo;imaginer dans un clip \u00e0 travers la vitre, r\u00eaver d&rsquo;\u00eatre une rockstar. <br>Multiples influences &amp; r\u00e9f\u00e9rences aux plus grands. De Fleetwood Mac au Red Hot Chili Peppers, de Diana Ross \u00e0 Alan Parsons Project. <br>Laissez-vous bercer dans son univers, et vous rem\u00e9morer vos premiers \u00e9mois musicaux. <\/strong><\/p>\n<\/div><\/div>\n\n\n\n<p class=\"has-text-align-center animated fadeIn slower has-three-color has-one-background-color has-text-color has-background has-link-color wp-elements-cee0241b8fadeb30a46d1e0c8bcc1a7d\"><strong>NOUVEL EP PR\u00c9VU POUR 2025 <\/strong><\/p>\n\n\n\n<p class=\"has-text-align-center\"><strong>R\u00e9seaux sociaux : <\/strong><\/p>\n\n\n\n<ul class=\"wp-block-social-links aligncenter has-large-icon-size is-layout-flex wp-block-social-links-is-layout-flex\"><li class=\"wp-social-link wp-social-link-instagram  wp-block-social-link\"><a href=\"https:\/\/www.instagram.com\/cha_comte_pic\/?locale=ne_NP&#038;hl=ar\" class=\"wp-block-social-link-anchor\"><svg width=\"24\" height=\"24\" viewBox=\"0 0 24 24\" version=\"1.1\" xmlns=\"http:\/\/www.w3.org\/2000\/svg\" aria-hidden=\"true\" focusable=\"false\"><path d=\"M12,4.622c2.403,0,2.688,0.009,3.637,0.052c0.877,0.04,1.354,0.187,1.671,0.31c0.42,0.163,0.72,0.358,1.035,0.673 c0.315,0.315,0.51,0.615,0.673,1.035c0.123,0.317,0.27,0.794,0.31,1.671c0.043,0.949,0.052,1.234,0.052,3.637 s-0.009,2.688-0.052,3.637c-0.04,0.877-0.187,1.354-0.31,1.671c-0.163,0.42-0.358,0.72-0.673,1.035 c-0.315,0.315-0.615,0.51-1.035,0.673c-0.317,0.123-0.794,0.27-1.671,0.31c-0.949,0.043-1.233,0.052-3.637,0.052 s-2.688-0.009-3.637-0.052c-0.877-0.04-1.354-0.187-1.671-0.31c-0.42-0.163-0.72-0.358-1.035-0.673 c-0.315-0.315-0.51-0.615-0.673-1.035c-0.123-0.317-0.27-0.794-0.31-1.671C4.631,14.688,4.622,14.403,4.622,12 s0.009-2.688,0.052-3.637c0.04-0.877,0.187-1.354,0.31-1.671c0.163-0.42,0.358-0.72,0.673-1.035 c0.315-0.315,0.615-0.51,1.035-0.673c0.317-0.123,0.794-0.27,1.671-0.31C9.312,4.631,9.597,4.622,12,4.622 M12,3 C9.556,3,9.249,3.01,8.289,3.054C7.331,3.098,6.677,3.25,6.105,3.472C5.513,3.702,5.011,4.01,4.511,4.511 c-0.5,0.5-0.808,1.002-1.038,1.594C3.25,6.677,3.098,7.331,3.054,8.289C3.01,9.249,3,9.556,3,12c0,2.444,0.01,2.751,0.054,3.711 c0.044,0.958,0.196,1.612,0.418,2.185c0.23,0.592,0.538,1.094,1.038,1.594c0.5,0.5,1.002,0.808,1.594,1.038 c0.572,0.222,1.227,0.375,2.185,0.418C9.249,20.99,9.556,21,12,21s2.751-0.01,3.711-0.054c0.958-0.044,1.612-0.196,2.185-0.418 c0.592-0.23,1.094-0.538,1.594-1.038c0.5-0.5,0.808-1.002,1.038-1.594c0.222-0.572,0.375-1.227,0.418-2.185 C20.99,14.751,21,14.444,21,12s-0.01-2.751-0.054-3.711c-0.044-0.958-0.196-1.612-0.418-2.185c-0.23-0.592-0.538-1.094-1.038-1.594 c-0.5-0.5-1.002-0.808-1.594-1.038c-0.572-0.222-1.227-0.375-2.185-0.418C14.751,3.01,14.444,3,12,3L12,3z M12,7.378 c-2.552,0-4.622,2.069-4.622,4.622S9.448,16.622,12,16.622s4.622-2.069,4.622-4.622S14.552,7.378,12,7.378z M12,15 c-1.657,0-3-1.343-3-3s1.343-3,3-3s3,1.343,3,3S13.657,15,12,15z M16.804,6.116c-0.596,0-1.08,0.484-1.08,1.08 s0.484,1.08,1.08,1.08c0.596,0,1.08-0.484,1.08-1.08S17.401,6.116,16.804,6.116z\"><\/path><\/svg><span class=\"wp-block-social-link-label screen-reader-text\">Instagram<\/span><\/a><\/li><\/ul>\n","protected":false},"excerpt":{"rendered":"<p>Spade c&rsquo;est le pop-rock que tout le monde aime entendre. La madeleine de Proust d&rsquo;une journ\u00e9e en voiture avec la playlist des parents : s&rsquo;imaginer dans un clip \u00e0 travers la vitre, r\u00eaver d&rsquo;\u00eatre une rockstar. Multiples influences &amp; r\u00e9f\u00e9rences aux plus grands. De Fleetwood Mac au Red Hot Chili Peppers, de Diana Ross \u00e0 [&hellip;]<\/p>\n","protected":false},"author":1,"featured_media":0,"parent":0,"menu_order":0,"comment_status":"closed","ping_status":"closed","template":"","meta":{"_themeisle_gutenberg_block_has_review":false,"footnotes":""},"class_list":["post-460","page","type-page","status-publish","hentry"],"yoast_head":"<!-- This site is optimized with the Yoast SEO plugin v27.1.1 - https:\/\/yoast.com\/product\/yoast-seo-wordpress\/ -->\n<title>SPADE - Mis\u00e8Records<\/title>\n<meta name=\"robots\" content=\"index, follow, max-snippet:-1, max-image-preview:large, max-video-preview:-1\" \/>\n<link rel=\"canonical\" href=\"https:\/\/miserecords.com\/?page_id=460\" \/>\n<meta property=\"og:locale\" content=\"fr_FR\" \/>\n<meta property=\"og:type\" content=\"article\" \/>\n<meta property=\"og:title\" content=\"SPADE - Mis\u00e8Records\" \/>\n<meta property=\"og:description\" content=\"Spade c&rsquo;est le pop-rock que tout le monde aime entendre. La madeleine de Proust d&rsquo;une journ\u00e9e en voiture avec la playlist des parents : s&rsquo;imaginer dans un clip \u00e0 travers la vitre, r\u00eaver d&rsquo;\u00eatre une rockstar. Multiples influences &amp; r\u00e9f\u00e9rences aux plus grands. De Fleetwood Mac au Red Hot Chili Peppers, de Diana Ross \u00e0 [&hellip;]\" \/>\n<meta property=\"og:url\" content=\"https:\/\/miserecords.com\/?page_id=460\" \/>\n<meta property=\"og:site_name\" content=\"Mis\u00e8Records\" \/>\n<meta property=\"article:modified_time\" content=\"2025-02-11T15:30:17+00:00\" \/>\n<meta property=\"og:image\" content=\"https:\/\/miserecords.com\/wp-content\/uploads\/2025\/02\/C27F43DE-D407-4D76-8FD8-44544D1C0779.jpg\" \/>\n\t<meta property=\"og:image:width\" content=\"1170\" \/>\n\t<meta property=\"og:image:height\" content=\"1462\" \/>\n\t<meta property=\"og:image:type\" content=\"image\/jpeg\" \/>\n<meta name=\"twitter:card\" content=\"summary_large_image\" \/>\n<meta name=\"twitter:label1\" content=\"Dur\u00e9e de lecture estim\u00e9e\" \/>\n\t<meta name=\"twitter:data1\" content=\"1 minute\" \/>\n<script type=\"application\/ld+json\" class=\"yoast-schema-graph\">{\"@context\":\"https:\/\/schema.org\",\"@graph\":[{\"@type\":\"WebPage\",\"@id\":\"https:\/\/miserecords.com\/?page_id=460\",\"url\":\"https:\/\/miserecords.com\/?page_id=460\",\"name\":\"SPADE - Mis\u00e8Records\",\"isPartOf\":{\"@id\":\"https:\/\/miserecords.com\/#website\"},\"primaryImageOfPage\":{\"@id\":\"https:\/\/miserecords.com\/?page_id=460#primaryimage\"},\"image\":{\"@id\":\"https:\/\/miserecords.com\/?page_id=460#primaryimage\"},\"thumbnailUrl\":\"https:\/\/miserecords.com\/wp-content\/uploads\/2025\/02\/C27F43DE-D407-4D76-8FD8-44544D1C0779-819x1024.jpg\",\"datePublished\":\"2025-02-11T14:54:08+00:00\",\"dateModified\":\"2025-02-11T15:30:17+00:00\",\"breadcrumb\":{\"@id\":\"https:\/\/miserecords.com\/?page_id=460#breadcrumb\"},\"inLanguage\":\"fr-FR\",\"potentialAction\":[{\"@type\":\"ReadAction\",\"target\":[\"https:\/\/miserecords.com\/?page_id=460\"]}]},{\"@type\":\"ImageObject\",\"inLanguage\":\"fr-FR\",\"@id\":\"https:\/\/miserecords.com\/?page_id=460#primaryimage\",\"url\":\"https:\/\/miserecords.com\/wp-content\/uploads\/2025\/02\/C27F43DE-D407-4D76-8FD8-44544D1C0779.jpg\",\"contentUrl\":\"https:\/\/miserecords.com\/wp-content\/uploads\/2025\/02\/C27F43DE-D407-4D76-8FD8-44544D1C0779.jpg\",\"width\":1170,\"height\":1462,\"caption\":\"{\\\"eId\\\":\\\"133309156178310\\\",\\\"CameraPosition\\\":2}\"},{\"@type\":\"BreadcrumbList\",\"@id\":\"https:\/\/miserecords.com\/?page_id=460#breadcrumb\",\"itemListElement\":[{\"@type\":\"ListItem\",\"position\":1,\"name\":\"Accueil\",\"item\":\"https:\/\/miserecords.com\/\"},{\"@type\":\"ListItem\",\"position\":2,\"name\":\"SPADE\"}]},{\"@type\":\"WebSite\",\"@id\":\"https:\/\/miserecords.com\/#website\",\"url\":\"https:\/\/miserecords.com\/\",\"name\":\"Mis\u00e8Records\",\"description\":\"\",\"potentialAction\":[{\"@type\":\"SearchAction\",\"target\":{\"@type\":\"EntryPoint\",\"urlTemplate\":\"https:\/\/miserecords.com\/?s={search_term_string}\"},\"query-input\":{\"@type\":\"PropertyValueSpecification\",\"valueRequired\":true,\"valueName\":\"search_term_string\"}}],\"inLanguage\":\"fr-FR\"}]}<\/script>\n<!-- \/ Yoast SEO plugin. -->","yoast_head_json":{"title":"SPADE - Mis\u00e8Records","robots":{"index":"index","follow":"follow","max-snippet":"max-snippet:-1","max-image-preview":"max-image-preview:large","max-video-preview":"max-video-preview:-1"},"canonical":"https:\/\/miserecords.com\/?page_id=460","og_locale":"fr_FR","og_type":"article","og_title":"SPADE - Mis\u00e8Records","og_description":"Spade c&rsquo;est le pop-rock que tout le monde aime entendre. La madeleine de Proust d&rsquo;une journ\u00e9e en voiture avec la playlist des parents : s&rsquo;imaginer dans un clip \u00e0 travers la vitre, r\u00eaver d&rsquo;\u00eatre une rockstar. Multiples influences &amp; r\u00e9f\u00e9rences aux plus grands. De Fleetwood Mac au Red Hot Chili Peppers, de Diana Ross \u00e0 [&hellip;]","og_url":"https:\/\/miserecords.com\/?page_id=460","og_site_name":"Mis\u00e8Records","article_modified_time":"2025-02-11T15:30:17+00:00","og_image":[{"width":1170,"height":1462,"url":"https:\/\/miserecords.com\/wp-content\/uploads\/2025\/02\/C27F43DE-D407-4D76-8FD8-44544D1C0779.jpg","type":"image\/jpeg"}],"twitter_card":"summary_large_image","twitter_misc":{"Dur\u00e9e de lecture estim\u00e9e":"1 minute"},"schema":{"@context":"https:\/\/schema.org","@graph":[{"@type":"WebPage","@id":"https:\/\/miserecords.com\/?page_id=460","url":"https:\/\/miserecords.com\/?page_id=460","name":"SPADE - Mis\u00e8Records","isPartOf":{"@id":"https:\/\/miserecords.com\/#website"},"primaryImageOfPage":{"@id":"https:\/\/miserecords.com\/?page_id=460#primaryimage"},"image":{"@id":"https:\/\/miserecords.com\/?page_id=460#primaryimage"},"thumbnailUrl":"https:\/\/miserecords.com\/wp-content\/uploads\/2025\/02\/C27F43DE-D407-4D76-8FD8-44544D1C0779-819x1024.jpg","datePublished":"2025-02-11T14:54:08+00:00","dateModified":"2025-02-11T15:30:17+00:00","breadcrumb":{"@id":"https:\/\/miserecords.com\/?page_id=460#breadcrumb"},"inLanguage":"fr-FR","potentialAction":[{"@type":"ReadAction","target":["https:\/\/miserecords.com\/?page_id=460"]}]},{"@type":"ImageObject","inLanguage":"fr-FR","@id":"https:\/\/miserecords.com\/?page_id=460#primaryimage","url":"https:\/\/miserecords.com\/wp-content\/uploads\/2025\/02\/C27F43DE-D407-4D76-8FD8-44544D1C0779.jpg","contentUrl":"https:\/\/miserecords.com\/wp-content\/uploads\/2025\/02\/C27F43DE-D407-4D76-8FD8-44544D1C0779.jpg","width":1170,"height":1462,"caption":"{\"eId\":\"133309156178310\",\"CameraPosition\":2}"},{"@type":"BreadcrumbList","@id":"https:\/\/miserecords.com\/?page_id=460#breadcrumb","itemListElement":[{"@type":"ListItem","position":1,"name":"Accueil","item":"https:\/\/miserecords.com\/"},{"@type":"ListItem","position":2,"name":"SPADE"}]},{"@type":"WebSite","@id":"https:\/\/miserecords.com\/#website","url":"https:\/\/miserecords.com\/","name":"Mis\u00e8Records","description":"","potentialAction":[{"@type":"SearchAction","target":{"@type":"EntryPoint","urlTemplate":"https:\/\/miserecords.com\/?s={search_term_string}"},"query-input":{"@type":"PropertyValueSpecification","valueRequired":true,"valueName":"search_term_string"}}],"inLanguage":"fr-FR"}]}},"_links":{"self":[{"href":"https:\/\/miserecords.com\/index.php?rest_route=\/wp\/v2\/pages\/460","targetHints":{"allow":["GET"]}}],"collection":[{"href":"https:\/\/miserecords.com\/index.php?rest_route=\/wp\/v2\/pages"}],"about":[{"href":"https:\/\/miserecords.com\/index.php?rest_route=\/wp\/v2\/types\/page"}],"author":[{"embeddable":true,"href":"https:\/\/miserecords.com\/index.php?rest_route=\/wp\/v2\/users\/1"}],"replies":[{"embeddable":true,"href":"https:\/\/miserecords.com\/index.php?rest_route=%2Fwp%2Fv2%2Fcomments&post=460"}],"version-history":[{"count":2,"href":"https:\/\/miserecords.com\/index.php?rest_route=\/wp\/v2\/pages\/460\/revisions"}],"predecessor-version":[{"id":481,"href":"https:\/\/miserecords.com\/index.php?rest_route=\/wp\/v2\/pages\/460\/revisions\/481"}],"wp:attachment":[{"href":"https:\/\/miserecords.com\/index.php?rest_route=%2Fwp%2Fv2%2Fmedia&parent=460"}],"curies":[{"name":"wp","href":"https:\/\/api.w.org\/{rel}","templated":true}]}}