{"id":441,"date":"2025-02-11T12:32:47","date_gmt":"2025-02-11T12:32:47","guid":{"rendered":"https:\/\/miserecords.com\/?page_id=441"},"modified":"2025-02-11T16:10:45","modified_gmt":"2025-02-11T16:10:45","slug":"prix-libre","status":"publish","type":"page","link":"https:\/\/miserecords.com\/?page_id=441","title":{"rendered":"PRIX LIBRE"},"content":{"rendered":"\n<p><em>T00L 4SSIST3D HxC D00M (punk hardcore \/ doom)<\/em><\/p>\n\n\n\n<p class=\"has-text-align-center animated backInDown has-three-color has-one-background-color has-text-color has-background has-link-color wp-elements-ad5e1672d0bdc3edcb980595a2f7a732\"><strong>NOUVEL EP EN PR\u00c9PARATION POUR 2025 ! <\/strong><\/p>\n\n\n\n<div class=\"wp-block-media-text is-stacked-on-mobile\" style=\"grid-template-columns:43% auto\"><figure class=\"wp-block-media-text__media\"><img fetchpriority=\"high\" decoding=\"async\" width=\"1024\" height=\"683\" src=\"https:\/\/miserecords.com\/wp-content\/uploads\/2025\/02\/PL_21_01_25__0082-crop-1024x683.jpg\" alt=\"\" class=\"wp-image-436 size-full\" srcset=\"https:\/\/miserecords.com\/wp-content\/uploads\/2025\/02\/PL_21_01_25__0082-crop-1024x683.jpg 1024w, https:\/\/miserecords.com\/wp-content\/uploads\/2025\/02\/PL_21_01_25__0082-crop-300x200.jpg 300w, https:\/\/miserecords.com\/wp-content\/uploads\/2025\/02\/PL_21_01_25__0082-crop-768x512.jpg 768w, https:\/\/miserecords.com\/wp-content\/uploads\/2025\/02\/PL_21_01_25__0082-crop-1536x1024.jpg 1536w, https:\/\/miserecords.com\/wp-content\/uploads\/2025\/02\/PL_21_01_25__0082-crop-2048x1366.jpg 2048w\" sizes=\"(max-width: 1024px) 100vw, 1024px\" \/><\/figure><div class=\"wp-block-media-text__content\">\n<p class=\"animated backInLeft has-small-font-size\"><strong>Savant m\u00e9lange de Punk Hardcore et de Doom, Prix Libre nous embarque dans leur qu\u00eate de la mati\u00e8re contre l\u2019immat\u00e9riel, port\u00e9e par des grognements d\u00e9pressifs et secousses \u00e9pider- <\/strong><strong>miques. Reflux gastriques et d\u00e9sociabilisation en perspective !<\/strong><\/p>\n\n\n\n<p class=\"animated backInLeft has-small-font-size\">Le but est simple : casser des dents avec un rouleau compresseur de riffs Punk Hardcore (\u00e0 la Knocked Loose, Code Orange) et engluer les miettes de m\u00e2choire restante avec du Doom bien gras (rappelant Conan ou Bongripper) ! Prix Libre, trio Parisien Punk Hardcore \/ Doom, revient ici avec une nouvelle formation au croisement du m\u00e9tal alternatif et ses nombreuses influences, une alternance de chant scream\u00e9 et de growl death, ponctu\u00e9e de samples dr\u00f4les et absurdes, de la patte d\u2019un groupe unique et sans \u00e9quivalent en France, \u00e0 la mani\u00e8re de Mr. Bungle ou Maximum the Hormone.<\/p>\n<\/div><\/div>\n\n\n\n<div id=\"wp-block-themeisle-blocks-advanced-columns-658abe50\" class=\"wp-block-themeisle-blocks-advanced-columns has-2-columns has-desktop-equal-layout has-tablet-equal-layout has-mobile-collapsedRows-layout has-vertical-unset\"><div class=\"wp-block-themeisle-blocks-advanced-columns-overlay\"><\/div><div class=\"innerblocks-wrap\">\n<div id=\"wp-block-themeisle-blocks-advanced-column-dfe69d35\" class=\"wp-block-themeisle-blocks-advanced-column\">\n<div class=\"wp-block-media-text has-media-on-the-right is-stacked-on-mobile animated backInLeft\"><div class=\"wp-block-media-text__content\">\n<p class=\"has-midsmall-font-size\"><strong>(Mais <\/strong><strong>Respectueux) 2019<\/strong><\/p>\n\n\n\n<p class=\"has-small-font-size\">Nous ne savons pas trop quoi dire sur cet album \u00e0 part qu\u2019il est dans le genre de Knocked Loose, Bongripper, Jesus Piece, Eyehategod, Trash Talk, Nails, Code Orange mais en fait pas vraiment. C\u2019est surtout trois allers- retours d\u2019une double paire de claque sur une moiti\u00e9 de t\u00eate (donc 6 titres), d\u00e9marrant avec le bien nomm\u00e9 \u00abDucon\u00bb. (Mais Respectueux) n\u2019est rien compar\u00e9 \u00e0 son successeur (En l\u2019\u00e9tat), tant en termes de violence gratuite consentie et de samples absurdes auto-inflig\u00e9s.<br>Aux fronti\u00e8res du r\u00e9\u00e9l ma gueule.<\/p>\n<\/div><figure class=\"wp-block-media-text__media\"><img decoding=\"async\" width=\"1024\" height=\"1024\" src=\"https:\/\/miserecords.com\/wp-content\/uploads\/2025\/02\/cover-1024x1024.jpg\" alt=\"\" class=\"wp-image-465 size-full\" srcset=\"https:\/\/miserecords.com\/wp-content\/uploads\/2025\/02\/cover-1024x1024.jpg 1024w, https:\/\/miserecords.com\/wp-content\/uploads\/2025\/02\/cover-300x300.jpg 300w, https:\/\/miserecords.com\/wp-content\/uploads\/2025\/02\/cover-150x150.jpg 150w, https:\/\/miserecords.com\/wp-content\/uploads\/2025\/02\/cover-768x768.jpg 768w, https:\/\/miserecords.com\/wp-content\/uploads\/2025\/02\/cover.jpg 1400w\" sizes=\"(max-width: 1024px) 100vw, 1024px\" \/><\/figure><\/div>\n<\/div>\n\n\n\n<div id=\"wp-block-themeisle-blocks-advanced-column-624fda79\" class=\"wp-block-themeisle-blocks-advanced-column\">\n<div class=\"wp-block-media-text has-media-on-the-right is-stacked-on-mobile animated backInRight\"><div class=\"wp-block-media-text__content\">\n<p><strong>A jou\u00e9 dans des llieux tels que :<\/strong><\/p>\n\n\n\n<p class=\"has-small-font-size\">LE POINT EPHEMERE, LE KLUB, LE SUPERSONIC, LE CIREQUE ELECTRIQUE, L\u2019ESPACE B, LE BARLOK, L\u2019ESSSPACE, AVEC DES GROUPES COMME JODIE FASTER, GUMMO, CHIENS, MARCEL, VOLP, HOOKS AND BONES<\/p>\n<\/div><figure class=\"wp-block-media-text__media\"><img decoding=\"async\" width=\"1024\" height=\"683\" src=\"https:\/\/miserecords.com\/wp-content\/uploads\/2025\/01\/694f4ba3-69e0-427c-82ee-6ef0b68eb259-1024x683.jpg\" alt=\"\" class=\"wp-image-275 size-full\" srcset=\"https:\/\/miserecords.com\/wp-content\/uploads\/2025\/01\/694f4ba3-69e0-427c-82ee-6ef0b68eb259-1024x683.jpg 1024w, https:\/\/miserecords.com\/wp-content\/uploads\/2025\/01\/694f4ba3-69e0-427c-82ee-6ef0b68eb259-300x200.jpg 300w, https:\/\/miserecords.com\/wp-content\/uploads\/2025\/01\/694f4ba3-69e0-427c-82ee-6ef0b68eb259-768x512.jpg 768w, https:\/\/miserecords.com\/wp-content\/uploads\/2025\/01\/694f4ba3-69e0-427c-82ee-6ef0b68eb259-1536x1025.jpg 1536w, https:\/\/miserecords.com\/wp-content\/uploads\/2025\/01\/694f4ba3-69e0-427c-82ee-6ef0b68eb259.jpg 2048w\" sizes=\"(max-width: 1024px) 100vw, 1024px\" \/><\/figure><\/div>\n<\/div>\n<\/div><\/div>\n\n\n\n<p class=\"has-text-align-center\"><strong>Les r\u00e9seaux sociaux : <\/strong><\/p>\n\n\n\n<ul class=\"wp-block-social-links aligncenter has-large-icon-size is-layout-flex wp-block-social-links-is-layout-flex\"><li class=\"wp-social-link wp-social-link-instagram  wp-block-social-link\"><a href=\"https:\/\/www.instagram.com\/prixlibre666\" class=\"wp-block-social-link-anchor\"><svg width=\"24\" height=\"24\" viewBox=\"0 0 24 24\" version=\"1.1\" xmlns=\"http:\/\/www.w3.org\/2000\/svg\" aria-hidden=\"true\" focusable=\"false\"><path d=\"M12,4.622c2.403,0,2.688,0.009,3.637,0.052c0.877,0.04,1.354,0.187,1.671,0.31c0.42,0.163,0.72,0.358,1.035,0.673 c0.315,0.315,0.51,0.615,0.673,1.035c0.123,0.317,0.27,0.794,0.31,1.671c0.043,0.949,0.052,1.234,0.052,3.637 s-0.009,2.688-0.052,3.637c-0.04,0.877-0.187,1.354-0.31,1.671c-0.163,0.42-0.358,0.72-0.673,1.035 c-0.315,0.315-0.615,0.51-1.035,0.673c-0.317,0.123-0.794,0.27-1.671,0.31c-0.949,0.043-1.233,0.052-3.637,0.052 s-2.688-0.009-3.637-0.052c-0.877-0.04-1.354-0.187-1.671-0.31c-0.42-0.163-0.72-0.358-1.035-0.673 c-0.315-0.315-0.51-0.615-0.673-1.035c-0.123-0.317-0.27-0.794-0.31-1.671C4.631,14.688,4.622,14.403,4.622,12 s0.009-2.688,0.052-3.637c0.04-0.877,0.187-1.354,0.31-1.671c0.163-0.42,0.358-0.72,0.673-1.035 c0.315-0.315,0.615-0.51,1.035-0.673c0.317-0.123,0.794-0.27,1.671-0.31C9.312,4.631,9.597,4.622,12,4.622 M12,3 C9.556,3,9.249,3.01,8.289,3.054C7.331,3.098,6.677,3.25,6.105,3.472C5.513,3.702,5.011,4.01,4.511,4.511 c-0.5,0.5-0.808,1.002-1.038,1.594C3.25,6.677,3.098,7.331,3.054,8.289C3.01,9.249,3,9.556,3,12c0,2.444,0.01,2.751,0.054,3.711 c0.044,0.958,0.196,1.612,0.418,2.185c0.23,0.592,0.538,1.094,1.038,1.594c0.5,0.5,1.002,0.808,1.594,1.038 c0.572,0.222,1.227,0.375,2.185,0.418C9.249,20.99,9.556,21,12,21s2.751-0.01,3.711-0.054c0.958-0.044,1.612-0.196,2.185-0.418 c0.592-0.23,1.094-0.538,1.594-1.038c0.5-0.5,0.808-1.002,1.038-1.594c0.222-0.572,0.375-1.227,0.418-2.185 C20.99,14.751,21,14.444,21,12s-0.01-2.751-0.054-3.711c-0.044-0.958-0.196-1.612-0.418-2.185c-0.23-0.592-0.538-1.094-1.038-1.594 c-0.5-0.5-1.002-0.808-1.594-1.038c-0.572-0.222-1.227-0.375-2.185-0.418C14.751,3.01,14.444,3,12,3L12,3z M12,7.378 c-2.552,0-4.622,2.069-4.622,4.622S9.448,16.622,12,16.622s4.622-2.069,4.622-4.622S14.552,7.378,12,7.378z M12,15 c-1.657,0-3-1.343-3-3s1.343-3,3-3s3,1.343,3,3S13.657,15,12,15z M16.804,6.116c-0.596,0-1.08,0.484-1.08,1.08 s0.484,1.08,1.08,1.08c0.596,0,1.08-0.484,1.08-1.08S17.401,6.116,16.804,6.116z\"><\/path><\/svg><span class=\"wp-block-social-link-label screen-reader-text\">Instagram<\/span><\/a><\/li>\n\n<li class=\"wp-social-link wp-social-link-facebook  wp-block-social-link\"><a href=\"https:\/\/www.facebook.com\/prixlibre666\" class=\"wp-block-social-link-anchor\"><svg width=\"24\" height=\"24\" viewBox=\"0 0 24 24\" version=\"1.1\" xmlns=\"http:\/\/www.w3.org\/2000\/svg\" aria-hidden=\"true\" focusable=\"false\"><path d=\"M12 2C6.5 2 2 6.5 2 12c0 5 3.7 9.1 8.4 9.9v-7H7.9V12h2.5V9.8c0-2.5 1.5-3.9 3.8-3.9 1.1 0 2.2.2 2.2.2v2.5h-1.3c-1.2 0-1.6.8-1.6 1.6V12h2.8l-.4 2.9h-2.3v7C18.3 21.1 22 17 22 12c0-5.5-4.5-10-10-10z\"><\/path><\/svg><span class=\"wp-block-social-link-label screen-reader-text\">Facebook<\/span><\/a><\/li>\n\n<li class=\"wp-social-link wp-social-link-spotify  wp-block-social-link\"><a href=\"https:\/\/open.spotify.com\/intl-fr\/artist\/2XtLPtIpIg7rJU7nRK4yiP?si=Zws1hOyvSJuMA7cS2WI6HA&#038;nd=1&#038;dlsi=26419da9c86d4ea9\" class=\"wp-block-social-link-anchor\"><svg width=\"24\" height=\"24\" viewBox=\"0 0 24 24\" version=\"1.1\" xmlns=\"http:\/\/www.w3.org\/2000\/svg\" aria-hidden=\"true\" focusable=\"false\"><path d=\"M12,2C6.477,2,2,6.477,2,12c0,5.523,4.477,10,10,10c5.523,0,10-4.477,10-10C22,6.477,17.523,2,12,2 M16.586,16.424 c-0.18,0.295-0.563,0.387-0.857,0.207c-2.348-1.435-5.304-1.76-8.785-0.964c-0.335,0.077-0.67-0.133-0.746-0.469 c-0.077-0.335,0.132-0.67,0.469-0.746c3.809-0.871,7.077-0.496,9.713,1.115C16.673,15.746,16.766,16.13,16.586,16.424 M17.81,13.7 c-0.226,0.367-0.706,0.482-1.072,0.257c-2.687-1.652-6.785-2.131-9.965-1.166C6.36,12.917,5.925,12.684,5.8,12.273 C5.675,11.86,5.908,11.425,6.32,11.3c3.632-1.102,8.147-0.568,11.234,1.328C17.92,12.854,18.035,13.335,17.81,13.7 M17.915,10.865 c-3.223-1.914-8.54-2.09-11.618-1.156C5.804,9.859,5.281,9.58,5.131,9.086C4.982,8.591,5.26,8.069,5.755,7.919 c3.532-1.072,9.404-0.865,13.115,1.338c0.445,0.264,0.59,0.838,0.327,1.282C18.933,10.983,18.359,11.129,17.915,10.865\"><\/path><\/svg><span class=\"wp-block-social-link-label screen-reader-text\">Spotify<\/span><\/a><\/li><\/ul>\n\n\n\n<figure class=\"wp-block-embed is-type-rich is-provider-spotify wp-block-embed-spotify wp-embed-aspect-21-9 wp-has-aspect-ratio animated fadeIn slower\"><div class=\"wp-block-embed__wrapper\">\n<iframe title=\"Spotify Embed: (Mais Respectueux)\" style=\"border-radius: 12px\" width=\"100%\" height=\"352\" frameborder=\"0\" allowfullscreen allow=\"autoplay; clipboard-write; encrypted-media; fullscreen; picture-in-picture\" loading=\"lazy\" src=\"https:\/\/open.spotify.com\/embed\/album\/1ktxVFGWCVe62FP2yEiX9o?utm_source=oembed\"><\/iframe>\n<\/div><\/figure>\n","protected":false},"excerpt":{"rendered":"<p>T00L 4SSIST3D HxC D00M (punk hardcore \/ doom) NOUVEL EP EN PR\u00c9PARATION POUR 2025 ! Savant m\u00e9lange de Punk Hardcore et de Doom, Prix Libre nous embarque dans leur qu\u00eate de la mati\u00e8re contre l\u2019immat\u00e9riel, port\u00e9e par des grognements d\u00e9pressifs et secousses \u00e9pider- miques. Reflux gastriques et d\u00e9sociabilisation en perspective ! Le but est simple [&hellip;]<\/p>\n","protected":false},"author":1,"featured_media":0,"parent":0,"menu_order":0,"comment_status":"closed","ping_status":"closed","template":"","meta":{"_themeisle_gutenberg_block_has_review":false,"footnotes":""},"class_list":["post-441","page","type-page","status-publish","hentry"],"yoast_head":"<!-- This site is optimized with the Yoast SEO plugin v27.1.1 - https:\/\/yoast.com\/product\/yoast-seo-wordpress\/ -->\n<title>PRIX LIBRE - Mis\u00e8Records<\/title>\n<meta name=\"robots\" content=\"index, follow, max-snippet:-1, max-image-preview:large, max-video-preview:-1\" \/>\n<link rel=\"canonical\" href=\"https:\/\/miserecords.com\/?page_id=441\" \/>\n<meta property=\"og:locale\" content=\"fr_FR\" \/>\n<meta property=\"og:type\" content=\"article\" \/>\n<meta property=\"og:title\" content=\"PRIX LIBRE - Mis\u00e8Records\" \/>\n<meta property=\"og:description\" content=\"T00L 4SSIST3D HxC D00M (punk hardcore \/ doom) NOUVEL EP EN PR\u00c9PARATION POUR 2025 ! Savant m\u00e9lange de Punk Hardcore et de Doom, Prix Libre nous embarque dans leur qu\u00eate de la mati\u00e8re contre l\u2019immat\u00e9riel, port\u00e9e par des grognements d\u00e9pressifs et secousses \u00e9pider- miques. Reflux gastriques et d\u00e9sociabilisation en perspective ! Le but est simple [&hellip;]\" \/>\n<meta property=\"og:url\" content=\"https:\/\/miserecords.com\/?page_id=441\" \/>\n<meta property=\"og:site_name\" content=\"Mis\u00e8Records\" \/>\n<meta property=\"article:modified_time\" content=\"2025-02-11T16:10:45+00:00\" \/>\n<meta property=\"og:image\" content=\"https:\/\/miserecords.com\/wp-content\/uploads\/2025\/02\/PL_21_01_25__0082-crop.jpg\" \/>\n\t<meta property=\"og:image:width\" content=\"2500\" \/>\n\t<meta property=\"og:image:height\" content=\"1667\" \/>\n\t<meta property=\"og:image:type\" content=\"image\/jpeg\" \/>\n<meta name=\"twitter:card\" content=\"summary_large_image\" \/>\n<meta name=\"twitter:label1\" content=\"Dur\u00e9e de lecture estim\u00e9e\" \/>\n\t<meta name=\"twitter:data1\" content=\"2 minutes\" \/>\n<script type=\"application\/ld+json\" class=\"yoast-schema-graph\">{\"@context\":\"https:\/\/schema.org\",\"@graph\":[{\"@type\":\"WebPage\",\"@id\":\"https:\/\/miserecords.com\/?page_id=441\",\"url\":\"https:\/\/miserecords.com\/?page_id=441\",\"name\":\"PRIX LIBRE - Mis\u00e8Records\",\"isPartOf\":{\"@id\":\"https:\/\/miserecords.com\/#website\"},\"primaryImageOfPage\":{\"@id\":\"https:\/\/miserecords.com\/?page_id=441#primaryimage\"},\"image\":{\"@id\":\"https:\/\/miserecords.com\/?page_id=441#primaryimage\"},\"thumbnailUrl\":\"https:\/\/miserecords.com\/wp-content\/uploads\/2025\/02\/PL_21_01_25__0082-crop-1024x683.jpg\",\"datePublished\":\"2025-02-11T12:32:47+00:00\",\"dateModified\":\"2025-02-11T16:10:45+00:00\",\"breadcrumb\":{\"@id\":\"https:\/\/miserecords.com\/?page_id=441#breadcrumb\"},\"inLanguage\":\"fr-FR\",\"potentialAction\":[{\"@type\":\"ReadAction\",\"target\":[\"https:\/\/miserecords.com\/?page_id=441\"]}]},{\"@type\":\"ImageObject\",\"inLanguage\":\"fr-FR\",\"@id\":\"https:\/\/miserecords.com\/?page_id=441#primaryimage\",\"url\":\"https:\/\/miserecords.com\/wp-content\/uploads\/2025\/02\/PL_21_01_25__0082-crop.jpg\",\"contentUrl\":\"https:\/\/miserecords.com\/wp-content\/uploads\/2025\/02\/PL_21_01_25__0082-crop.jpg\",\"width\":2500,\"height\":1667},{\"@type\":\"BreadcrumbList\",\"@id\":\"https:\/\/miserecords.com\/?page_id=441#breadcrumb\",\"itemListElement\":[{\"@type\":\"ListItem\",\"position\":1,\"name\":\"Accueil\",\"item\":\"https:\/\/miserecords.com\/\"},{\"@type\":\"ListItem\",\"position\":2,\"name\":\"PRIX LIBRE\"}]},{\"@type\":\"WebSite\",\"@id\":\"https:\/\/miserecords.com\/#website\",\"url\":\"https:\/\/miserecords.com\/\",\"name\":\"Mis\u00e8Records\",\"description\":\"\",\"potentialAction\":[{\"@type\":\"SearchAction\",\"target\":{\"@type\":\"EntryPoint\",\"urlTemplate\":\"https:\/\/miserecords.com\/?s={search_term_string}\"},\"query-input\":{\"@type\":\"PropertyValueSpecification\",\"valueRequired\":true,\"valueName\":\"search_term_string\"}}],\"inLanguage\":\"fr-FR\"}]}<\/script>\n<!-- \/ Yoast SEO plugin. -->","yoast_head_json":{"title":"PRIX LIBRE - Mis\u00e8Records","robots":{"index":"index","follow":"follow","max-snippet":"max-snippet:-1","max-image-preview":"max-image-preview:large","max-video-preview":"max-video-preview:-1"},"canonical":"https:\/\/miserecords.com\/?page_id=441","og_locale":"fr_FR","og_type":"article","og_title":"PRIX LIBRE - Mis\u00e8Records","og_description":"T00L 4SSIST3D HxC D00M (punk hardcore \/ doom) NOUVEL EP EN PR\u00c9PARATION POUR 2025 ! Savant m\u00e9lange de Punk Hardcore et de Doom, Prix Libre nous embarque dans leur qu\u00eate de la mati\u00e8re contre l\u2019immat\u00e9riel, port\u00e9e par des grognements d\u00e9pressifs et secousses \u00e9pider- miques. Reflux gastriques et d\u00e9sociabilisation en perspective ! Le but est simple [&hellip;]","og_url":"https:\/\/miserecords.com\/?page_id=441","og_site_name":"Mis\u00e8Records","article_modified_time":"2025-02-11T16:10:45+00:00","og_image":[{"width":2500,"height":1667,"url":"https:\/\/miserecords.com\/wp-content\/uploads\/2025\/02\/PL_21_01_25__0082-crop.jpg","type":"image\/jpeg"}],"twitter_card":"summary_large_image","twitter_misc":{"Dur\u00e9e de lecture estim\u00e9e":"2 minutes"},"schema":{"@context":"https:\/\/schema.org","@graph":[{"@type":"WebPage","@id":"https:\/\/miserecords.com\/?page_id=441","url":"https:\/\/miserecords.com\/?page_id=441","name":"PRIX LIBRE - Mis\u00e8Records","isPartOf":{"@id":"https:\/\/miserecords.com\/#website"},"primaryImageOfPage":{"@id":"https:\/\/miserecords.com\/?page_id=441#primaryimage"},"image":{"@id":"https:\/\/miserecords.com\/?page_id=441#primaryimage"},"thumbnailUrl":"https:\/\/miserecords.com\/wp-content\/uploads\/2025\/02\/PL_21_01_25__0082-crop-1024x683.jpg","datePublished":"2025-02-11T12:32:47+00:00","dateModified":"2025-02-11T16:10:45+00:00","breadcrumb":{"@id":"https:\/\/miserecords.com\/?page_id=441#breadcrumb"},"inLanguage":"fr-FR","potentialAction":[{"@type":"ReadAction","target":["https:\/\/miserecords.com\/?page_id=441"]}]},{"@type":"ImageObject","inLanguage":"fr-FR","@id":"https:\/\/miserecords.com\/?page_id=441#primaryimage","url":"https:\/\/miserecords.com\/wp-content\/uploads\/2025\/02\/PL_21_01_25__0082-crop.jpg","contentUrl":"https:\/\/miserecords.com\/wp-content\/uploads\/2025\/02\/PL_21_01_25__0082-crop.jpg","width":2500,"height":1667},{"@type":"BreadcrumbList","@id":"https:\/\/miserecords.com\/?page_id=441#breadcrumb","itemListElement":[{"@type":"ListItem","position":1,"name":"Accueil","item":"https:\/\/miserecords.com\/"},{"@type":"ListItem","position":2,"name":"PRIX LIBRE"}]},{"@type":"WebSite","@id":"https:\/\/miserecords.com\/#website","url":"https:\/\/miserecords.com\/","name":"Mis\u00e8Records","description":"","potentialAction":[{"@type":"SearchAction","target":{"@type":"EntryPoint","urlTemplate":"https:\/\/miserecords.com\/?s={search_term_string}"},"query-input":{"@type":"PropertyValueSpecification","valueRequired":true,"valueName":"search_term_string"}}],"inLanguage":"fr-FR"}]}},"_links":{"self":[{"href":"https:\/\/miserecords.com\/index.php?rest_route=\/wp\/v2\/pages\/441","targetHints":{"allow":["GET"]}}],"collection":[{"href":"https:\/\/miserecords.com\/index.php?rest_route=\/wp\/v2\/pages"}],"about":[{"href":"https:\/\/miserecords.com\/index.php?rest_route=\/wp\/v2\/types\/page"}],"author":[{"embeddable":true,"href":"https:\/\/miserecords.com\/index.php?rest_route=\/wp\/v2\/users\/1"}],"replies":[{"embeddable":true,"href":"https:\/\/miserecords.com\/index.php?rest_route=%2Fwp%2Fv2%2Fcomments&post=441"}],"version-history":[{"count":7,"href":"https:\/\/miserecords.com\/index.php?rest_route=\/wp\/v2\/pages\/441\/revisions"}],"predecessor-version":[{"id":485,"href":"https:\/\/miserecords.com\/index.php?rest_route=\/wp\/v2\/pages\/441\/revisions\/485"}],"wp:attachment":[{"href":"https:\/\/miserecords.com\/index.php?rest_route=%2Fwp%2Fv2%2Fmedia&parent=441"}],"curies":[{"name":"wp","href":"https:\/\/api.w.org\/{rel}","templated":true}]}}