{"id":42,"date":"2023-04-25T15:27:51","date_gmt":"2023-04-25T15:27:51","guid":{"rendered":"https:\/\/miserecords.com\/?page_id=42"},"modified":"2023-04-25T16:19:53","modified_gmt":"2023-04-25T16:19:53","slug":"miserestreams","status":"publish","type":"page","link":"https:\/\/miserecords.com\/?page_id=42","title":{"rendered":"MIS\u00c8RESTREAMS"},"content":{"rendered":"\n<div class=\"wp-block-media-text alignwide is-stacked-on-mobile animated backInLeft\"><figure class=\"wp-block-media-text__media\"><a href=\"https:\/\/www.twitch.tv\/miserecords\"><img fetchpriority=\"high\" decoding=\"async\" width=\"220\" height=\"292\" src=\"https:\/\/miserecords.com\/wp-content\/uploads\/2023\/04\/220px-Jeff_Goldblum.jpg\" alt=\"\" class=\"wp-image-143 size-full\"\/><\/a><\/figure><div class=\"wp-block-media-text__content\">\n<blockquote class=\"wp-block-quote is-layout-flow wp-block-quote-is-layout-flow\">\n<p>MIS\u00c8RESTREAMS<br>Depuis 2019 (en fait avant mais cela fonctionnait tr\u00e8s mal) et pour f\u00eater les<br>10 ans de Mis\u00e8Records (Covid Style, Covid Life), Mis\u00e8Records s\u2019est lanc\u00e9<br>dans le streaming, d\u2019abord de Jeux vid\u00e9os, ensuite du reste.<br>Retrouvez sur notre cha\u00eene Tuitch des Let\u2019s Play pr\u00e9sent\u00e9s par Gigi, ainsi<br>que bien d\u2019autres programmes comme des \u00e9missions jeux r\u00e9tros ou multi, des \u00e9missions diverses et vari\u00e9s, des captations multicam\u00e9ras de dj sets ou de concerts\u2026 et c\u2019est d\u00e9j\u00e0 suffisant.<\/p>\n<\/blockquote>\n<\/div><\/div>\n\n\n\n<div class=\"wp-block-buttons is-layout-flex wp-block-buttons-is-layout-flex\">\n<div class=\"wp-block-button has-custom-width wp-block-button__width-50 animated backInUp\"><a class=\"wp-block-button__link has-three-background-color has-text-color has-background wp-element-button\" href=\"https:\/\/www.youtube.com\/watch?v=O04IZyqB_KE&amp;list=PLdxo3-96KU_92_hrCcn91AEBCwQrCtwvx\" style=\"color:#ffc000\" target=\"_blank\" rel=\"noreferrer noopener\">MEILLEURS MOMENTS<\/a><\/div>\n\n\n\n<div class=\"wp-block-button has-custom-width wp-block-button__width-50 animated backInUp\"><a class=\"wp-block-button__link has-three-background-color has-text-color has-background wp-element-button\" href=\"https:\/\/www.youtube.com\/watch?v=2TuZkbDF15U\" style=\"color:#ffc000\" target=\"_blank\" rel=\"noreferrer noopener\">RADIOZIMANDYAS<\/a><\/div>\n<\/div>\n","protected":false},"excerpt":{"rendered":"","protected":false},"author":1,"featured_media":0,"parent":0,"menu_order":0,"comment_status":"closed","ping_status":"closed","template":"","meta":{"_themeisle_gutenberg_block_has_review":false,"footnotes":""},"class_list":["post-42","page","type-page","status-publish","hentry"],"yoast_head":"<!-- This site is optimized with the Yoast SEO plugin v27.1.1 - https:\/\/yoast.com\/product\/yoast-seo-wordpress\/ -->\n<title>MIS\u00c8RESTREAMS - Mis\u00e8Records<\/title>\n<meta name=\"robots\" content=\"index, follow, max-snippet:-1, max-image-preview:large, max-video-preview:-1\" \/>\n<link rel=\"canonical\" href=\"https:\/\/miserecords.com\/?page_id=42\" \/>\n<meta property=\"og:locale\" content=\"fr_FR\" \/>\n<meta property=\"og:type\" content=\"article\" \/>\n<meta property=\"og:title\" content=\"MIS\u00c8RESTREAMS - Mis\u00e8Records\" \/>\n<meta property=\"og:url\" content=\"https:\/\/miserecords.com\/?page_id=42\" \/>\n<meta property=\"og:site_name\" content=\"Mis\u00e8Records\" \/>\n<meta property=\"article:modified_time\" content=\"2023-04-25T16:19:53+00:00\" \/>\n<meta property=\"og:image\" content=\"https:\/\/miserecords.com\/wp-content\/uploads\/2023\/04\/220px-Jeff_Goldblum.jpg\" \/>\n<meta name=\"twitter:card\" content=\"summary_large_image\" \/>\n<meta name=\"twitter:label1\" content=\"Dur\u00e9e de lecture estim\u00e9e\" \/>\n\t<meta name=\"twitter:data1\" content=\"1 minute\" \/>\n<script type=\"application\/ld+json\" class=\"yoast-schema-graph\">{\"@context\":\"https:\/\/schema.org\",\"@graph\":[{\"@type\":\"WebPage\",\"@id\":\"https:\/\/miserecords.com\/?page_id=42\",\"url\":\"https:\/\/miserecords.com\/?page_id=42\",\"name\":\"MIS\u00c8RESTREAMS - Mis\u00e8Records\",\"isPartOf\":{\"@id\":\"https:\/\/miserecords.com\/#website\"},\"primaryImageOfPage\":{\"@id\":\"https:\/\/miserecords.com\/?page_id=42#primaryimage\"},\"image\":{\"@id\":\"https:\/\/miserecords.com\/?page_id=42#primaryimage\"},\"thumbnailUrl\":\"https:\/\/miserecords.com\/wp-content\/uploads\/2023\/04\/220px-Jeff_Goldblum.jpg\",\"datePublished\":\"2023-04-25T15:27:51+00:00\",\"dateModified\":\"2023-04-25T16:19:53+00:00\",\"breadcrumb\":{\"@id\":\"https:\/\/miserecords.com\/?page_id=42#breadcrumb\"},\"inLanguage\":\"fr-FR\",\"potentialAction\":[{\"@type\":\"ReadAction\",\"target\":[\"https:\/\/miserecords.com\/?page_id=42\"]}]},{\"@type\":\"ImageObject\",\"inLanguage\":\"fr-FR\",\"@id\":\"https:\/\/miserecords.com\/?page_id=42#primaryimage\",\"url\":\"https:\/\/miserecords.com\/wp-content\/uploads\/2023\/04\/220px-Jeff_Goldblum.jpg\",\"contentUrl\":\"https:\/\/miserecords.com\/wp-content\/uploads\/2023\/04\/220px-Jeff_Goldblum.jpg\",\"width\":220,\"height\":292},{\"@type\":\"BreadcrumbList\",\"@id\":\"https:\/\/miserecords.com\/?page_id=42#breadcrumb\",\"itemListElement\":[{\"@type\":\"ListItem\",\"position\":1,\"name\":\"Accueil\",\"item\":\"https:\/\/miserecords.com\/\"},{\"@type\":\"ListItem\",\"position\":2,\"name\":\"MIS\u00c8RESTREAMS\"}]},{\"@type\":\"WebSite\",\"@id\":\"https:\/\/miserecords.com\/#website\",\"url\":\"https:\/\/miserecords.com\/\",\"name\":\"Mis\u00e8Records\",\"description\":\"\",\"potentialAction\":[{\"@type\":\"SearchAction\",\"target\":{\"@type\":\"EntryPoint\",\"urlTemplate\":\"https:\/\/miserecords.com\/?s={search_term_string}\"},\"query-input\":{\"@type\":\"PropertyValueSpecification\",\"valueRequired\":true,\"valueName\":\"search_term_string\"}}],\"inLanguage\":\"fr-FR\"}]}<\/script>\n<!-- \/ Yoast SEO plugin. -->","yoast_head_json":{"title":"MIS\u00c8RESTREAMS - Mis\u00e8Records","robots":{"index":"index","follow":"follow","max-snippet":"max-snippet:-1","max-image-preview":"max-image-preview:large","max-video-preview":"max-video-preview:-1"},"canonical":"https:\/\/miserecords.com\/?page_id=42","og_locale":"fr_FR","og_type":"article","og_title":"MIS\u00c8RESTREAMS - Mis\u00e8Records","og_url":"https:\/\/miserecords.com\/?page_id=42","og_site_name":"Mis\u00e8Records","article_modified_time":"2023-04-25T16:19:53+00:00","og_image":[{"url":"https:\/\/miserecords.com\/wp-content\/uploads\/2023\/04\/220px-Jeff_Goldblum.jpg","type":"","width":"","height":""}],"twitter_card":"summary_large_image","twitter_misc":{"Dur\u00e9e de lecture estim\u00e9e":"1 minute"},"schema":{"@context":"https:\/\/schema.org","@graph":[{"@type":"WebPage","@id":"https:\/\/miserecords.com\/?page_id=42","url":"https:\/\/miserecords.com\/?page_id=42","name":"MIS\u00c8RESTREAMS - Mis\u00e8Records","isPartOf":{"@id":"https:\/\/miserecords.com\/#website"},"primaryImageOfPage":{"@id":"https:\/\/miserecords.com\/?page_id=42#primaryimage"},"image":{"@id":"https:\/\/miserecords.com\/?page_id=42#primaryimage"},"thumbnailUrl":"https:\/\/miserecords.com\/wp-content\/uploads\/2023\/04\/220px-Jeff_Goldblum.jpg","datePublished":"2023-04-25T15:27:51+00:00","dateModified":"2023-04-25T16:19:53+00:00","breadcrumb":{"@id":"https:\/\/miserecords.com\/?page_id=42#breadcrumb"},"inLanguage":"fr-FR","potentialAction":[{"@type":"ReadAction","target":["https:\/\/miserecords.com\/?page_id=42"]}]},{"@type":"ImageObject","inLanguage":"fr-FR","@id":"https:\/\/miserecords.com\/?page_id=42#primaryimage","url":"https:\/\/miserecords.com\/wp-content\/uploads\/2023\/04\/220px-Jeff_Goldblum.jpg","contentUrl":"https:\/\/miserecords.com\/wp-content\/uploads\/2023\/04\/220px-Jeff_Goldblum.jpg","width":220,"height":292},{"@type":"BreadcrumbList","@id":"https:\/\/miserecords.com\/?page_id=42#breadcrumb","itemListElement":[{"@type":"ListItem","position":1,"name":"Accueil","item":"https:\/\/miserecords.com\/"},{"@type":"ListItem","position":2,"name":"MIS\u00c8RESTREAMS"}]},{"@type":"WebSite","@id":"https:\/\/miserecords.com\/#website","url":"https:\/\/miserecords.com\/","name":"Mis\u00e8Records","description":"","potentialAction":[{"@type":"SearchAction","target":{"@type":"EntryPoint","urlTemplate":"https:\/\/miserecords.com\/?s={search_term_string}"},"query-input":{"@type":"PropertyValueSpecification","valueRequired":true,"valueName":"search_term_string"}}],"inLanguage":"fr-FR"}]}},"_links":{"self":[{"href":"https:\/\/miserecords.com\/index.php?rest_route=\/wp\/v2\/pages\/42","targetHints":{"allow":["GET"]}}],"collection":[{"href":"https:\/\/miserecords.com\/index.php?rest_route=\/wp\/v2\/pages"}],"about":[{"href":"https:\/\/miserecords.com\/index.php?rest_route=\/wp\/v2\/types\/page"}],"author":[{"embeddable":true,"href":"https:\/\/miserecords.com\/index.php?rest_route=\/wp\/v2\/users\/1"}],"replies":[{"embeddable":true,"href":"https:\/\/miserecords.com\/index.php?rest_route=%2Fwp%2Fv2%2Fcomments&post=42"}],"version-history":[{"count":12,"href":"https:\/\/miserecords.com\/index.php?rest_route=\/wp\/v2\/pages\/42\/revisions"}],"predecessor-version":[{"id":210,"href":"https:\/\/miserecords.com\/index.php?rest_route=\/wp\/v2\/pages\/42\/revisions\/210"}],"wp:attachment":[{"href":"https:\/\/miserecords.com\/index.php?rest_route=%2Fwp%2Fv2%2Fmedia&parent=42"}],"curies":[{"name":"wp","href":"https:\/\/api.w.org\/{rel}","templated":true}]}}