{"id":346,"date":"2025-01-14T11:34:00","date_gmt":"2025-01-14T11:34:00","guid":{"rendered":"https:\/\/miserecords.com\/?page_id=346"},"modified":"2025-01-14T17:04:44","modified_gmt":"2025-01-14T17:04:44","slug":"dj-ozimandyas","status":"publish","type":"page","link":"https:\/\/miserecords.com\/?page_id=346","title":{"rendered":"DJ OZIMANDYAS"},"content":{"rendered":"\n<div class=\"wp-block-media-text is-stacked-on-mobile animated backInRight\" style=\"grid-template-columns:38% auto\"><figure class=\"wp-block-media-text__media\"><img fetchpriority=\"high\" decoding=\"async\" width=\"610\" height=\"568\" src=\"https:\/\/miserecords.com\/wp-content\/uploads\/2025\/01\/Capture-decran-2025-01-14-a-12.29.23.png\" alt=\"\" class=\"wp-image-347 size-full\" srcset=\"https:\/\/miserecords.com\/wp-content\/uploads\/2025\/01\/Capture-decran-2025-01-14-a-12.29.23.png 610w, https:\/\/miserecords.com\/wp-content\/uploads\/2025\/01\/Capture-decran-2025-01-14-a-12.29.23-300x279.png 300w\" sizes=\"(max-width: 610px) 100vw, 610px\" \/><\/figure><div class=\"wp-block-media-text__content\">\n<p class=\"has-small-font-size\"><strong>Ozimandyas (alias Mahabdi, membre de Musique Post Bour- geoise &amp; SUPER SANS PLOMB), animateur de RadiOzimandyas (\u00e9mission 100% Vinyle sur le Twitch de Mis\u00e8Records)<\/strong><\/p>\n\n\n\n<p class=\"has-small-font-size\"><strong>R\u00c9SIDENT : LA MECANIQUE ONDULATOIRE<\/strong><\/p>\n\n\n\n<p class=\"has-small-font-size\">Lieux :<br>Festival Ch\u00e2teau Perch\u00e9, PRLLS Fest, Festival La Berge, La Folie Paris, Supersonic, Petit Bain, Pigalle Country Club, La M\u00e9canique Ondulatoire, Le Cirque Electrique, Le Motel, La Clef St Germain, Twitch Mis\u00e8Records&#8230;<\/p>\n<\/div><\/div>\n\n\n\n<p>Styles :<br>&#8211; Indus \/ EBM \/ EBSM \/ Hellektro<br>&#8211; Cold Wave \/ Post Punk <a href=\"https:\/\/www.youtube.com\/watch?v=8LtUH1wp6kk\">(B2B w\/ Le Dogue)<\/a> <br><a href=\"https:\/\/www.youtube.com\/watch?v=9R20aEtC8pM\">&#8211; New Wave Kitsch As Fuck \/ 80\u2019s \/ City Pop<\/a> <\/p>\n\n\n\n<p>&#8211; <a href=\"https:\/\/www.youtube.com\/watch?v=JXz0aCGa-co\">House 90\u2019s \/ 00\u2019s<\/a><br><a href=\"https:\/\/www.youtube.com\/watch?v=L2CBhecZ-Ro\">&#8211; Eurobeat \/ Eurodance \/ Trance<\/a><\/p>\n\n\n\n<figure class=\"wp-block-embed is-type-rich is-provider-spotify wp-block-embed-spotify wp-embed-aspect-21-9 wp-has-aspect-ratio animated fadeIn slow\"><div class=\"wp-block-embed__wrapper\">\n<iframe title=\"Spotify Embed: Ozimandyas WHITE MIX : Limiter Removal! (EUROBEAT)\" style=\"border-radius: 12px\" width=\"100%\" height=\"352\" frameborder=\"0\" allowfullscreen allow=\"autoplay; clipboard-write; encrypted-media; fullscreen; picture-in-picture\" loading=\"lazy\" src=\"https:\/\/open.spotify.com\/embed\/playlist\/1K89NHef2bAwFSAiFOoWdQ?utm_source=oembed\"><\/iframe>\n<\/div><\/figure>\n\n\n\n<figure class=\"wp-block-embed is-type-rich is-provider-spotify wp-block-embed-spotify wp-embed-aspect-21-9 wp-has-aspect-ratio animated fadeIn slow\"><div class=\"wp-block-embed__wrapper\">\n<iframe title=\"Spotify Embed: Ozimandyas&amp;apos; Favourites: ITALINFERNO\" style=\"border-radius: 12px\" width=\"100%\" height=\"352\" frameborder=\"0\" allowfullscreen allow=\"autoplay; clipboard-write; encrypted-media; fullscreen; picture-in-picture\" loading=\"lazy\" src=\"https:\/\/open.spotify.com\/embed\/playlist\/4AIaxmsArLVhXIzBLIULwa?utm_source=oembed\"><\/iframe>\n<\/div><\/figure>\n","protected":false},"excerpt":{"rendered":"<p>Ozimandyas (alias Mahabdi, membre de Musique Post Bour- geoise &amp; SUPER SANS PLOMB), animateur de RadiOzimandyas (\u00e9mission 100% Vinyle sur le Twitch de Mis\u00e8Records) R\u00c9SIDENT : LA MECANIQUE ONDULATOIRE Lieux :Festival Ch\u00e2teau Perch\u00e9, PRLLS Fest, Festival La Berge, La Folie Paris, Supersonic, Petit Bain, Pigalle Country Club, La M\u00e9canique Ondulatoire, Le Cirque Electrique, Le Motel, [&hellip;]<\/p>\n","protected":false},"author":1,"featured_media":0,"parent":0,"menu_order":0,"comment_status":"closed","ping_status":"closed","template":"","meta":{"_themeisle_gutenberg_block_has_review":false,"footnotes":""},"class_list":["post-346","page","type-page","status-publish","hentry"],"yoast_head":"<!-- This site is optimized with the Yoast SEO plugin v27.1.1 - https:\/\/yoast.com\/product\/yoast-seo-wordpress\/ -->\n<title>DJ OZIMANDYAS - Mis\u00e8Records<\/title>\n<meta name=\"robots\" content=\"index, follow, max-snippet:-1, max-image-preview:large, max-video-preview:-1\" \/>\n<link rel=\"canonical\" href=\"https:\/\/miserecords.com\/?page_id=346\" \/>\n<meta property=\"og:locale\" content=\"fr_FR\" \/>\n<meta property=\"og:type\" content=\"article\" \/>\n<meta property=\"og:title\" content=\"DJ OZIMANDYAS - Mis\u00e8Records\" \/>\n<meta property=\"og:description\" content=\"Ozimandyas (alias Mahabdi, membre de Musique Post Bour- geoise &amp; SUPER SANS PLOMB), animateur de RadiOzimandyas (\u00e9mission 100% Vinyle sur le Twitch de Mis\u00e8Records) R\u00c9SIDENT : LA MECANIQUE ONDULATOIRE Lieux :Festival Ch\u00e2teau Perch\u00e9, PRLLS Fest, Festival La Berge, La Folie Paris, Supersonic, Petit Bain, Pigalle Country Club, La M\u00e9canique Ondulatoire, Le Cirque Electrique, Le Motel, [&hellip;]\" \/>\n<meta property=\"og:url\" content=\"https:\/\/miserecords.com\/?page_id=346\" \/>\n<meta property=\"og:site_name\" content=\"Mis\u00e8Records\" \/>\n<meta property=\"article:modified_time\" content=\"2025-01-14T17:04:44+00:00\" \/>\n<meta property=\"og:image\" content=\"https:\/\/miserecords.com\/wp-content\/uploads\/2025\/01\/Capture-decran-2025-01-14-a-12.29.23.png\" \/>\n\t<meta property=\"og:image:width\" content=\"610\" \/>\n\t<meta property=\"og:image:height\" content=\"568\" \/>\n\t<meta property=\"og:image:type\" content=\"image\/png\" \/>\n<meta name=\"twitter:card\" content=\"summary_large_image\" \/>\n<meta name=\"twitter:label1\" content=\"Dur\u00e9e de lecture estim\u00e9e\" \/>\n\t<meta name=\"twitter:data1\" content=\"1 minute\" \/>\n<script type=\"application\/ld+json\" class=\"yoast-schema-graph\">{\"@context\":\"https:\/\/schema.org\",\"@graph\":[{\"@type\":\"WebPage\",\"@id\":\"https:\/\/miserecords.com\/?page_id=346\",\"url\":\"https:\/\/miserecords.com\/?page_id=346\",\"name\":\"DJ OZIMANDYAS - Mis\u00e8Records\",\"isPartOf\":{\"@id\":\"https:\/\/miserecords.com\/#website\"},\"primaryImageOfPage\":{\"@id\":\"https:\/\/miserecords.com\/?page_id=346#primaryimage\"},\"image\":{\"@id\":\"https:\/\/miserecords.com\/?page_id=346#primaryimage\"},\"thumbnailUrl\":\"https:\/\/miserecords.com\/wp-content\/uploads\/2025\/01\/Capture-decran-2025-01-14-a-12.29.23.png\",\"datePublished\":\"2025-01-14T11:34:00+00:00\",\"dateModified\":\"2025-01-14T17:04:44+00:00\",\"breadcrumb\":{\"@id\":\"https:\/\/miserecords.com\/?page_id=346#breadcrumb\"},\"inLanguage\":\"fr-FR\",\"potentialAction\":[{\"@type\":\"ReadAction\",\"target\":[\"https:\/\/miserecords.com\/?page_id=346\"]}]},{\"@type\":\"ImageObject\",\"inLanguage\":\"fr-FR\",\"@id\":\"https:\/\/miserecords.com\/?page_id=346#primaryimage\",\"url\":\"https:\/\/miserecords.com\/wp-content\/uploads\/2025\/01\/Capture-decran-2025-01-14-a-12.29.23.png\",\"contentUrl\":\"https:\/\/miserecords.com\/wp-content\/uploads\/2025\/01\/Capture-decran-2025-01-14-a-12.29.23.png\",\"width\":610,\"height\":568},{\"@type\":\"BreadcrumbList\",\"@id\":\"https:\/\/miserecords.com\/?page_id=346#breadcrumb\",\"itemListElement\":[{\"@type\":\"ListItem\",\"position\":1,\"name\":\"Accueil\",\"item\":\"https:\/\/miserecords.com\/\"},{\"@type\":\"ListItem\",\"position\":2,\"name\":\"DJ OZIMANDYAS\"}]},{\"@type\":\"WebSite\",\"@id\":\"https:\/\/miserecords.com\/#website\",\"url\":\"https:\/\/miserecords.com\/\",\"name\":\"Mis\u00e8Records\",\"description\":\"\",\"potentialAction\":[{\"@type\":\"SearchAction\",\"target\":{\"@type\":\"EntryPoint\",\"urlTemplate\":\"https:\/\/miserecords.com\/?s={search_term_string}\"},\"query-input\":{\"@type\":\"PropertyValueSpecification\",\"valueRequired\":true,\"valueName\":\"search_term_string\"}}],\"inLanguage\":\"fr-FR\"}]}<\/script>\n<!-- \/ Yoast SEO plugin. -->","yoast_head_json":{"title":"DJ OZIMANDYAS - Mis\u00e8Records","robots":{"index":"index","follow":"follow","max-snippet":"max-snippet:-1","max-image-preview":"max-image-preview:large","max-video-preview":"max-video-preview:-1"},"canonical":"https:\/\/miserecords.com\/?page_id=346","og_locale":"fr_FR","og_type":"article","og_title":"DJ OZIMANDYAS - Mis\u00e8Records","og_description":"Ozimandyas (alias Mahabdi, membre de Musique Post Bour- geoise &amp; SUPER SANS PLOMB), animateur de RadiOzimandyas (\u00e9mission 100% Vinyle sur le Twitch de Mis\u00e8Records) R\u00c9SIDENT : LA MECANIQUE ONDULATOIRE Lieux :Festival Ch\u00e2teau Perch\u00e9, PRLLS Fest, Festival La Berge, La Folie Paris, Supersonic, Petit Bain, Pigalle Country Club, La M\u00e9canique Ondulatoire, Le Cirque Electrique, Le Motel, [&hellip;]","og_url":"https:\/\/miserecords.com\/?page_id=346","og_site_name":"Mis\u00e8Records","article_modified_time":"2025-01-14T17:04:44+00:00","og_image":[{"width":610,"height":568,"url":"https:\/\/miserecords.com\/wp-content\/uploads\/2025\/01\/Capture-decran-2025-01-14-a-12.29.23.png","type":"image\/png"}],"twitter_card":"summary_large_image","twitter_misc":{"Dur\u00e9e de lecture estim\u00e9e":"1 minute"},"schema":{"@context":"https:\/\/schema.org","@graph":[{"@type":"WebPage","@id":"https:\/\/miserecords.com\/?page_id=346","url":"https:\/\/miserecords.com\/?page_id=346","name":"DJ OZIMANDYAS - Mis\u00e8Records","isPartOf":{"@id":"https:\/\/miserecords.com\/#website"},"primaryImageOfPage":{"@id":"https:\/\/miserecords.com\/?page_id=346#primaryimage"},"image":{"@id":"https:\/\/miserecords.com\/?page_id=346#primaryimage"},"thumbnailUrl":"https:\/\/miserecords.com\/wp-content\/uploads\/2025\/01\/Capture-decran-2025-01-14-a-12.29.23.png","datePublished":"2025-01-14T11:34:00+00:00","dateModified":"2025-01-14T17:04:44+00:00","breadcrumb":{"@id":"https:\/\/miserecords.com\/?page_id=346#breadcrumb"},"inLanguage":"fr-FR","potentialAction":[{"@type":"ReadAction","target":["https:\/\/miserecords.com\/?page_id=346"]}]},{"@type":"ImageObject","inLanguage":"fr-FR","@id":"https:\/\/miserecords.com\/?page_id=346#primaryimage","url":"https:\/\/miserecords.com\/wp-content\/uploads\/2025\/01\/Capture-decran-2025-01-14-a-12.29.23.png","contentUrl":"https:\/\/miserecords.com\/wp-content\/uploads\/2025\/01\/Capture-decran-2025-01-14-a-12.29.23.png","width":610,"height":568},{"@type":"BreadcrumbList","@id":"https:\/\/miserecords.com\/?page_id=346#breadcrumb","itemListElement":[{"@type":"ListItem","position":1,"name":"Accueil","item":"https:\/\/miserecords.com\/"},{"@type":"ListItem","position":2,"name":"DJ OZIMANDYAS"}]},{"@type":"WebSite","@id":"https:\/\/miserecords.com\/#website","url":"https:\/\/miserecords.com\/","name":"Mis\u00e8Records","description":"","potentialAction":[{"@type":"SearchAction","target":{"@type":"EntryPoint","urlTemplate":"https:\/\/miserecords.com\/?s={search_term_string}"},"query-input":{"@type":"PropertyValueSpecification","valueRequired":true,"valueName":"search_term_string"}}],"inLanguage":"fr-FR"}]}},"_links":{"self":[{"href":"https:\/\/miserecords.com\/index.php?rest_route=\/wp\/v2\/pages\/346","targetHints":{"allow":["GET"]}}],"collection":[{"href":"https:\/\/miserecords.com\/index.php?rest_route=\/wp\/v2\/pages"}],"about":[{"href":"https:\/\/miserecords.com\/index.php?rest_route=\/wp\/v2\/types\/page"}],"author":[{"embeddable":true,"href":"https:\/\/miserecords.com\/index.php?rest_route=\/wp\/v2\/users\/1"}],"replies":[{"embeddable":true,"href":"https:\/\/miserecords.com\/index.php?rest_route=%2Fwp%2Fv2%2Fcomments&post=346"}],"version-history":[{"count":5,"href":"https:\/\/miserecords.com\/index.php?rest_route=\/wp\/v2\/pages\/346\/revisions"}],"predecessor-version":[{"id":387,"href":"https:\/\/miserecords.com\/index.php?rest_route=\/wp\/v2\/pages\/346\/revisions\/387"}],"wp:attachment":[{"href":"https:\/\/miserecords.com\/index.php?rest_route=%2Fwp%2Fv2%2Fmedia&parent=346"}],"curies":[{"name":"wp","href":"https:\/\/api.w.org\/{rel}","templated":true}]}}