{"id":334,"date":"2025-01-13T15:25:27","date_gmt":"2025-01-13T15:25:27","guid":{"rendered":"https:\/\/miserecords.com\/?page_id=334"},"modified":"2025-02-11T15:23:18","modified_gmt":"2025-02-11T15:23:18","slug":"aggressive-extension","status":"publish","type":"page","link":"https:\/\/miserecords.com\/?page_id=334","title":{"rendered":"AGGRESSIVE EXTENSION"},"content":{"rendered":"\n<p><em>Punk M\u00e9tal Industriel<\/em><\/p>\n\n\n\n<div class=\"wp-block-media-text is-stacked-on-mobile has-small-font-size\"><figure class=\"wp-block-media-text__media\"><img fetchpriority=\"high\" decoding=\"async\" width=\"748\" height=\"506\" src=\"https:\/\/miserecords.com\/wp-content\/uploads\/2025\/01\/Capture-decran-2025-01-13-a-15.11.16.png\" alt=\"\" class=\"wp-image-280 size-full\" srcset=\"https:\/\/miserecords.com\/wp-content\/uploads\/2025\/01\/Capture-decran-2025-01-13-a-15.11.16.png 748w, https:\/\/miserecords.com\/wp-content\/uploads\/2025\/01\/Capture-decran-2025-01-13-a-15.11.16-300x203.png 300w\" sizes=\"(max-width: 748px) 100vw, 748px\" \/><\/figure><div class=\"wp-block-media-text__content\">\n<p class=\"animated backInDown\"><strong>Aggressive Extension est form\u00e9 en 2015 et se d\u00e9finit comme <\/strong><strong>\u00e9tant un groupe de punk-metal industriel.<br>\u00c0 travers diverses phases, ce n\u2019est qu\u2019en 2022 que le groupe est <\/strong><strong>fin pr\u00eat en formation compl\u00e8te et commence \u00e0 se produire en <\/strong><strong>live.<br><\/strong><strong>D\u2019influence \u00e9clectique, la musique dot\u00e9e de paroles en anglais, <\/strong><strong>fran\u00e7ais et parfois danois, varie entre industriel lourd, punk, hardcore, darkwave, gothique et autres horizons.<\/strong><\/p>\n\n\n\n<p class=\"animated backInRight\">Comme son nom l\u2019indique, le ton est donn\u00e9 dans le domaine exp\u00e9ditif impressionniste,<br>tout en pr\u00e9servant une esth\u00e9tique dansante et hypnotique.<\/p>\n\n\n\n<p class=\"animated backInLeft\">Bas\u00e9 sur une fusion de l\u2019\u00e9lectronique et de l\u2019organique, incluant du sampling sur batterie, double guitare et chant, Aggressive Extension agr\u00e9mente sa composition d\u2019univers et th\u00e9matiques, souvent<br>bas\u00e9e sur la douleur existentielle, une spiritualit\u00e9 \u00e9sot\u00e9rique, l\u2019interrogation de la vie apr\u00e8s la mort, de romantisme et de pens\u00e9e envers la notion de sacrifice, et d\u2019autres histoires de violence et de passion, tout ceci abordant des identit\u00e9s, formes d\u2019intensit\u00e9s, et langues diff\u00e9rentes selon les chansons.<\/p>\n<\/div><\/div>\n\n\n\n<div id=\"wp-block-themeisle-blocks-advanced-columns-0e9aee50\" class=\"wp-block-themeisle-blocks-advanced-columns has-2-columns has-desktop-equal-layout has-tablet-equal-layout has-mobile-collapsedRows-layout has-vertical-unset\"><div class=\"wp-block-themeisle-blocks-advanced-columns-overlay\"><\/div><div class=\"innerblocks-wrap\">\n<div id=\"wp-block-themeisle-blocks-advanced-column-4b39b619\" class=\"wp-block-themeisle-blocks-advanced-column\">\n<div class=\"wp-block-media-text has-media-on-the-right is-stacked-on-mobile animated backInLeft has-three-color has-text-color has-link-color has-small-font-size wp-elements-9516680b3c075b2cb76cdf0036dbc169\"><div class=\"wp-block-media-text__content\">\n<p><strong>Shotguns EP 2019<\/strong><\/p>\n\n\n\n<p><em>Le groupe ambitionne de se produire entre le Danemark et la France, et d\u2019enregistrer et diffuser dans ces deux pays respectifs dans les ann\u00e9es \u00e0 venir. Shotguns, leur pr\u00e9c\u00e9dent EP enregistr\u00e9 en 2019, doit laisser sa place en 2025 au premier album du groupe, actuellement en cours de production<\/em><\/p>\n<\/div><figure class=\"wp-block-media-text__media\"><img decoding=\"async\" width=\"284\" height=\"284\" src=\"https:\/\/miserecords.com\/wp-content\/uploads\/2025\/01\/Capture-decran-2025-01-13-a-16.24.42.png\" alt=\"\" class=\"wp-image-335 size-full\" srcset=\"https:\/\/miserecords.com\/wp-content\/uploads\/2025\/01\/Capture-decran-2025-01-13-a-16.24.42.png 284w, https:\/\/miserecords.com\/wp-content\/uploads\/2025\/01\/Capture-decran-2025-01-13-a-16.24.42-150x150.png 150w\" sizes=\"(max-width: 284px) 100vw, 284px\" \/><\/figure><\/div>\n<\/div>\n\n\n\n<div id=\"wp-block-themeisle-blocks-advanced-column-9ea0ae4b\" class=\"wp-block-themeisle-blocks-advanced-column animated backInRight\">\n<div class=\"wp-block-media-text has-media-on-the-right is-stacked-on-mobile has-three-color has-text-color has-link-color has-small-font-size wp-elements-120de38e599b13f5909d043a136af7af\"><div class=\"wp-block-media-text__content\">\n<p><strong>A jou\u00e9 dans des lieux tels que :<\/strong><\/p>\n\n\n\n<p class=\"has-three-color has-text-color has-link-color wp-elements-d619b04b76d132c8d2f2fc986d4d4559\">LE CIRQUE ELECTRIQUE ET UNE SALLE AU DANEMARK<\/p>\n<\/div><figure class=\"wp-block-media-text__media\"><img decoding=\"async\" width=\"618\" height=\"482\" src=\"https:\/\/miserecords.com\/wp-content\/uploads\/2025\/01\/Capture-decran-2025-01-13-a-16.24.51.png\" alt=\"\" class=\"wp-image-336 size-full\" srcset=\"https:\/\/miserecords.com\/wp-content\/uploads\/2025\/01\/Capture-decran-2025-01-13-a-16.24.51.png 618w, https:\/\/miserecords.com\/wp-content\/uploads\/2025\/01\/Capture-decran-2025-01-13-a-16.24.51-300x234.png 300w\" sizes=\"(max-width: 618px) 100vw, 618px\" \/><\/figure><\/div>\n<\/div>\n<\/div><\/div>\n\n\n\n<p class=\"has-text-align-center\"><strong>R\u00e9seaux sociaux : <\/strong><\/p>\n\n\n\n<ul class=\"wp-block-social-links aligncenter has-large-icon-size is-layout-flex wp-block-social-links-is-layout-flex\"><li class=\"wp-social-link wp-social-link-instagram  wp-block-social-link\"><a href=\"https:\/\/www.instagram.com\/aggressiveextension\/\" class=\"wp-block-social-link-anchor\"><svg width=\"24\" height=\"24\" viewBox=\"0 0 24 24\" version=\"1.1\" xmlns=\"http:\/\/www.w3.org\/2000\/svg\" aria-hidden=\"true\" focusable=\"false\"><path d=\"M12,4.622c2.403,0,2.688,0.009,3.637,0.052c0.877,0.04,1.354,0.187,1.671,0.31c0.42,0.163,0.72,0.358,1.035,0.673 c0.315,0.315,0.51,0.615,0.673,1.035c0.123,0.317,0.27,0.794,0.31,1.671c0.043,0.949,0.052,1.234,0.052,3.637 s-0.009,2.688-0.052,3.637c-0.04,0.877-0.187,1.354-0.31,1.671c-0.163,0.42-0.358,0.72-0.673,1.035 c-0.315,0.315-0.615,0.51-1.035,0.673c-0.317,0.123-0.794,0.27-1.671,0.31c-0.949,0.043-1.233,0.052-3.637,0.052 s-2.688-0.009-3.637-0.052c-0.877-0.04-1.354-0.187-1.671-0.31c-0.42-0.163-0.72-0.358-1.035-0.673 c-0.315-0.315-0.51-0.615-0.673-1.035c-0.123-0.317-0.27-0.794-0.31-1.671C4.631,14.688,4.622,14.403,4.622,12 s0.009-2.688,0.052-3.637c0.04-0.877,0.187-1.354,0.31-1.671c0.163-0.42,0.358-0.72,0.673-1.035 c0.315-0.315,0.615-0.51,1.035-0.673c0.317-0.123,0.794-0.27,1.671-0.31C9.312,4.631,9.597,4.622,12,4.622 M12,3 C9.556,3,9.249,3.01,8.289,3.054C7.331,3.098,6.677,3.25,6.105,3.472C5.513,3.702,5.011,4.01,4.511,4.511 c-0.5,0.5-0.808,1.002-1.038,1.594C3.25,6.677,3.098,7.331,3.054,8.289C3.01,9.249,3,9.556,3,12c0,2.444,0.01,2.751,0.054,3.711 c0.044,0.958,0.196,1.612,0.418,2.185c0.23,0.592,0.538,1.094,1.038,1.594c0.5,0.5,1.002,0.808,1.594,1.038 c0.572,0.222,1.227,0.375,2.185,0.418C9.249,20.99,9.556,21,12,21s2.751-0.01,3.711-0.054c0.958-0.044,1.612-0.196,2.185-0.418 c0.592-0.23,1.094-0.538,1.594-1.038c0.5-0.5,0.808-1.002,1.038-1.594c0.222-0.572,0.375-1.227,0.418-2.185 C20.99,14.751,21,14.444,21,12s-0.01-2.751-0.054-3.711c-0.044-0.958-0.196-1.612-0.418-2.185c-0.23-0.592-0.538-1.094-1.038-1.594 c-0.5-0.5-1.002-0.808-1.594-1.038c-0.572-0.222-1.227-0.375-2.185-0.418C14.751,3.01,14.444,3,12,3L12,3z M12,7.378 c-2.552,0-4.622,2.069-4.622,4.622S9.448,16.622,12,16.622s4.622-2.069,4.622-4.622S14.552,7.378,12,7.378z M12,15 c-1.657,0-3-1.343-3-3s1.343-3,3-3s3,1.343,3,3S13.657,15,12,15z M16.804,6.116c-0.596,0-1.08,0.484-1.08,1.08 s0.484,1.08,1.08,1.08c0.596,0,1.08-0.484,1.08-1.08S17.401,6.116,16.804,6.116z\"><\/path><\/svg><span class=\"wp-block-social-link-label screen-reader-text\">Instagram<\/span><\/a><\/li>\n\n<li class=\"wp-social-link wp-social-link-facebook  wp-block-social-link\"><a href=\"https:\/\/www.facebook.com\/aggressiveextension\" class=\"wp-block-social-link-anchor\"><svg width=\"24\" height=\"24\" viewBox=\"0 0 24 24\" version=\"1.1\" xmlns=\"http:\/\/www.w3.org\/2000\/svg\" aria-hidden=\"true\" focusable=\"false\"><path d=\"M12 2C6.5 2 2 6.5 2 12c0 5 3.7 9.1 8.4 9.9v-7H7.9V12h2.5V9.8c0-2.5 1.5-3.9 3.8-3.9 1.1 0 2.2.2 2.2.2v2.5h-1.3c-1.2 0-1.6.8-1.6 1.6V12h2.8l-.4 2.9h-2.3v7C18.3 21.1 22 17 22 12c0-5.5-4.5-10-10-10z\"><\/path><\/svg><span class=\"wp-block-social-link-label screen-reader-text\">Facebook<\/span><\/a><\/li><\/ul>\n","protected":false},"excerpt":{"rendered":"<p>Punk M\u00e9tal Industriel Aggressive Extension est form\u00e9 en 2015 et se d\u00e9finit comme \u00e9tant un groupe de punk-metal industriel.\u00c0 travers diverses phases, ce n\u2019est qu\u2019en 2022 que le groupe est fin pr\u00eat en formation compl\u00e8te et commence \u00e0 se produire en live.D\u2019influence \u00e9clectique, la musique dot\u00e9e de paroles en anglais, fran\u00e7ais et parfois danois, varie [&hellip;]<\/p>\n","protected":false},"author":1,"featured_media":0,"parent":0,"menu_order":0,"comment_status":"closed","ping_status":"closed","template":"","meta":{"_themeisle_gutenberg_block_has_review":false,"footnotes":""},"class_list":["post-334","page","type-page","status-publish","hentry"],"yoast_head":"<!-- This site is optimized with the Yoast SEO plugin v27.1.1 - https:\/\/yoast.com\/product\/yoast-seo-wordpress\/ -->\n<title>AGGRESSIVE EXTENSION - Mis\u00e8Records<\/title>\n<meta name=\"robots\" content=\"index, follow, max-snippet:-1, max-image-preview:large, max-video-preview:-1\" \/>\n<link rel=\"canonical\" href=\"https:\/\/miserecords.com\/?page_id=334\" \/>\n<meta property=\"og:locale\" content=\"fr_FR\" \/>\n<meta property=\"og:type\" content=\"article\" \/>\n<meta property=\"og:title\" content=\"AGGRESSIVE EXTENSION - Mis\u00e8Records\" \/>\n<meta property=\"og:description\" content=\"Punk M\u00e9tal Industriel Aggressive Extension est form\u00e9 en 2015 et se d\u00e9finit comme \u00e9tant un groupe de punk-metal industriel.\u00c0 travers diverses phases, ce n\u2019est qu\u2019en 2022 que le groupe est fin pr\u00eat en formation compl\u00e8te et commence \u00e0 se produire en live.D\u2019influence \u00e9clectique, la musique dot\u00e9e de paroles en anglais, fran\u00e7ais et parfois danois, varie [&hellip;]\" \/>\n<meta property=\"og:url\" content=\"https:\/\/miserecords.com\/?page_id=334\" \/>\n<meta property=\"og:site_name\" content=\"Mis\u00e8Records\" \/>\n<meta property=\"article:modified_time\" content=\"2025-02-11T15:23:18+00:00\" \/>\n<meta property=\"og:image\" content=\"https:\/\/miserecords.com\/wp-content\/uploads\/2025\/01\/Capture-decran-2025-01-13-a-15.11.16.png\" \/>\n\t<meta property=\"og:image:width\" content=\"748\" \/>\n\t<meta property=\"og:image:height\" content=\"506\" \/>\n\t<meta property=\"og:image:type\" content=\"image\/png\" \/>\n<meta name=\"twitter:card\" content=\"summary_large_image\" \/>\n<meta name=\"twitter:label1\" content=\"Dur\u00e9e de lecture estim\u00e9e\" \/>\n\t<meta name=\"twitter:data1\" content=\"2 minutes\" \/>\n<script type=\"application\/ld+json\" class=\"yoast-schema-graph\">{\"@context\":\"https:\/\/schema.org\",\"@graph\":[{\"@type\":\"WebPage\",\"@id\":\"https:\/\/miserecords.com\/?page_id=334\",\"url\":\"https:\/\/miserecords.com\/?page_id=334\",\"name\":\"AGGRESSIVE EXTENSION - Mis\u00e8Records\",\"isPartOf\":{\"@id\":\"https:\/\/miserecords.com\/#website\"},\"primaryImageOfPage\":{\"@id\":\"https:\/\/miserecords.com\/?page_id=334#primaryimage\"},\"image\":{\"@id\":\"https:\/\/miserecords.com\/?page_id=334#primaryimage\"},\"thumbnailUrl\":\"https:\/\/miserecords.com\/wp-content\/uploads\/2025\/01\/Capture-decran-2025-01-13-a-15.11.16.png\",\"datePublished\":\"2025-01-13T15:25:27+00:00\",\"dateModified\":\"2025-02-11T15:23:18+00:00\",\"breadcrumb\":{\"@id\":\"https:\/\/miserecords.com\/?page_id=334#breadcrumb\"},\"inLanguage\":\"fr-FR\",\"potentialAction\":[{\"@type\":\"ReadAction\",\"target\":[\"https:\/\/miserecords.com\/?page_id=334\"]}]},{\"@type\":\"ImageObject\",\"inLanguage\":\"fr-FR\",\"@id\":\"https:\/\/miserecords.com\/?page_id=334#primaryimage\",\"url\":\"https:\/\/miserecords.com\/wp-content\/uploads\/2025\/01\/Capture-decran-2025-01-13-a-15.11.16.png\",\"contentUrl\":\"https:\/\/miserecords.com\/wp-content\/uploads\/2025\/01\/Capture-decran-2025-01-13-a-15.11.16.png\",\"width\":748,\"height\":506},{\"@type\":\"BreadcrumbList\",\"@id\":\"https:\/\/miserecords.com\/?page_id=334#breadcrumb\",\"itemListElement\":[{\"@type\":\"ListItem\",\"position\":1,\"name\":\"Accueil\",\"item\":\"https:\/\/miserecords.com\/\"},{\"@type\":\"ListItem\",\"position\":2,\"name\":\"AGGRESSIVE EXTENSION\"}]},{\"@type\":\"WebSite\",\"@id\":\"https:\/\/miserecords.com\/#website\",\"url\":\"https:\/\/miserecords.com\/\",\"name\":\"Mis\u00e8Records\",\"description\":\"\",\"potentialAction\":[{\"@type\":\"SearchAction\",\"target\":{\"@type\":\"EntryPoint\",\"urlTemplate\":\"https:\/\/miserecords.com\/?s={search_term_string}\"},\"query-input\":{\"@type\":\"PropertyValueSpecification\",\"valueRequired\":true,\"valueName\":\"search_term_string\"}}],\"inLanguage\":\"fr-FR\"}]}<\/script>\n<!-- \/ Yoast SEO plugin. -->","yoast_head_json":{"title":"AGGRESSIVE EXTENSION - Mis\u00e8Records","robots":{"index":"index","follow":"follow","max-snippet":"max-snippet:-1","max-image-preview":"max-image-preview:large","max-video-preview":"max-video-preview:-1"},"canonical":"https:\/\/miserecords.com\/?page_id=334","og_locale":"fr_FR","og_type":"article","og_title":"AGGRESSIVE EXTENSION - Mis\u00e8Records","og_description":"Punk M\u00e9tal Industriel Aggressive Extension est form\u00e9 en 2015 et se d\u00e9finit comme \u00e9tant un groupe de punk-metal industriel.\u00c0 travers diverses phases, ce n\u2019est qu\u2019en 2022 que le groupe est fin pr\u00eat en formation compl\u00e8te et commence \u00e0 se produire en live.D\u2019influence \u00e9clectique, la musique dot\u00e9e de paroles en anglais, fran\u00e7ais et parfois danois, varie [&hellip;]","og_url":"https:\/\/miserecords.com\/?page_id=334","og_site_name":"Mis\u00e8Records","article_modified_time":"2025-02-11T15:23:18+00:00","og_image":[{"width":748,"height":506,"url":"https:\/\/miserecords.com\/wp-content\/uploads\/2025\/01\/Capture-decran-2025-01-13-a-15.11.16.png","type":"image\/png"}],"twitter_card":"summary_large_image","twitter_misc":{"Dur\u00e9e de lecture estim\u00e9e":"2 minutes"},"schema":{"@context":"https:\/\/schema.org","@graph":[{"@type":"WebPage","@id":"https:\/\/miserecords.com\/?page_id=334","url":"https:\/\/miserecords.com\/?page_id=334","name":"AGGRESSIVE EXTENSION - Mis\u00e8Records","isPartOf":{"@id":"https:\/\/miserecords.com\/#website"},"primaryImageOfPage":{"@id":"https:\/\/miserecords.com\/?page_id=334#primaryimage"},"image":{"@id":"https:\/\/miserecords.com\/?page_id=334#primaryimage"},"thumbnailUrl":"https:\/\/miserecords.com\/wp-content\/uploads\/2025\/01\/Capture-decran-2025-01-13-a-15.11.16.png","datePublished":"2025-01-13T15:25:27+00:00","dateModified":"2025-02-11T15:23:18+00:00","breadcrumb":{"@id":"https:\/\/miserecords.com\/?page_id=334#breadcrumb"},"inLanguage":"fr-FR","potentialAction":[{"@type":"ReadAction","target":["https:\/\/miserecords.com\/?page_id=334"]}]},{"@type":"ImageObject","inLanguage":"fr-FR","@id":"https:\/\/miserecords.com\/?page_id=334#primaryimage","url":"https:\/\/miserecords.com\/wp-content\/uploads\/2025\/01\/Capture-decran-2025-01-13-a-15.11.16.png","contentUrl":"https:\/\/miserecords.com\/wp-content\/uploads\/2025\/01\/Capture-decran-2025-01-13-a-15.11.16.png","width":748,"height":506},{"@type":"BreadcrumbList","@id":"https:\/\/miserecords.com\/?page_id=334#breadcrumb","itemListElement":[{"@type":"ListItem","position":1,"name":"Accueil","item":"https:\/\/miserecords.com\/"},{"@type":"ListItem","position":2,"name":"AGGRESSIVE EXTENSION"}]},{"@type":"WebSite","@id":"https:\/\/miserecords.com\/#website","url":"https:\/\/miserecords.com\/","name":"Mis\u00e8Records","description":"","potentialAction":[{"@type":"SearchAction","target":{"@type":"EntryPoint","urlTemplate":"https:\/\/miserecords.com\/?s={search_term_string}"},"query-input":{"@type":"PropertyValueSpecification","valueRequired":true,"valueName":"search_term_string"}}],"inLanguage":"fr-FR"}]}},"_links":{"self":[{"href":"https:\/\/miserecords.com\/index.php?rest_route=\/wp\/v2\/pages\/334","targetHints":{"allow":["GET"]}}],"collection":[{"href":"https:\/\/miserecords.com\/index.php?rest_route=\/wp\/v2\/pages"}],"about":[{"href":"https:\/\/miserecords.com\/index.php?rest_route=\/wp\/v2\/types\/page"}],"author":[{"embeddable":true,"href":"https:\/\/miserecords.com\/index.php?rest_route=\/wp\/v2\/users\/1"}],"replies":[{"embeddable":true,"href":"https:\/\/miserecords.com\/index.php?rest_route=%2Fwp%2Fv2%2Fcomments&post=334"}],"version-history":[{"count":3,"href":"https:\/\/miserecords.com\/index.php?rest_route=\/wp\/v2\/pages\/334\/revisions"}],"predecessor-version":[{"id":478,"href":"https:\/\/miserecords.com\/index.php?rest_route=\/wp\/v2\/pages\/334\/revisions\/478"}],"wp:attachment":[{"href":"https:\/\/miserecords.com\/index.php?rest_route=%2Fwp%2Fv2%2Fmedia&parent=334"}],"curies":[{"name":"wp","href":"https:\/\/api.w.org\/{rel}","templated":true}]}}