{"id":316,"date":"2025-01-13T15:12:45","date_gmt":"2025-01-13T15:12:45","guid":{"rendered":"https:\/\/miserecords.com\/?page_id=316"},"modified":"2025-02-11T15:18:58","modified_gmt":"2025-02-11T15:18:58","slug":"black-scoumoune","status":"publish","type":"page","link":"https:\/\/miserecords.com\/?page_id=316","title":{"rendered":"BLACK SCOUMOUNE"},"content":{"rendered":"\n<p><em>Surf Punk Malchanceux<\/em><\/p>\n\n\n\n<div class=\"wp-block-media-text is-stacked-on-mobile has-small-font-size\" style=\"grid-template-columns:43% auto\"><figure class=\"wp-block-media-text__media\"><img fetchpriority=\"high\" decoding=\"async\" width=\"610\" height=\"570\" src=\"https:\/\/miserecords.com\/wp-content\/uploads\/2025\/01\/Capture-decran-2025-01-13-a-15.07.11.png\" alt=\"\" class=\"wp-image-276 size-full\" srcset=\"https:\/\/miserecords.com\/wp-content\/uploads\/2025\/01\/Capture-decran-2025-01-13-a-15.07.11.png 610w, https:\/\/miserecords.com\/wp-content\/uploads\/2025\/01\/Capture-decran-2025-01-13-a-15.07.11-300x280.png 300w\" sizes=\"(max-width: 610px) 100vw, 610px\" \/><\/figure><div class=\"wp-block-media-text__content\">\n<p class=\"animated backInDown\"><strong>Form\u00e9 en janvier 2016 \u00e0 Saint-Ouen (93), BLACK SCOUMOUNE est un power trio perdu quelque part entre TURNSTILE, DICK DALE et SLAYER. Si Matteo (guitare\/chant), Theo (batterie) et Laurent (basse\/chant) jouent de la musique ensemble, ce n\u2019est pas tant pour le plaisir que pour remplir un objectif tr\u00e8s clair :<\/strong><\/p>\n\n\n\n<p class=\"animated backInLeft\"><strong>FOUTRE LE BORDEL<\/strong><\/p>\n\n\n\n<p class=\"animated backInUp\">Apr\u00e8s quelques mis\u00e9rables d\u00e9mos, BLACK SCOUMOUNE a enregistr\u00e9 son premier EP \u00e9ponyme au Labo des Sons (Pantin, neuf- trois), avant de le sortir en d\u00e9cembre 2017 (digital) et janvier 2018 (CD) chez Fauchage Records. Au menu : 9 super titres capt\u00e9s live comme \u201cKenavo Gestapo\u201d (une chanson sur les Bretons), \u201cS\u00e9gu\u00e9la\u201d (une chanson sur les publicitaires), ou encore \u201cUr\u00e8tre ou ne pas \u00eatre\u201d (une chanson).<\/p>\n<\/div><\/div>\n\n\n\n<div id=\"wp-block-themeisle-blocks-advanced-columns-ddede02b\" class=\"wp-block-themeisle-blocks-advanced-columns has-2-columns has-desktop-equal-layout has-tablet-equal-layout has-mobile-collapsedRows-layout has-vertical-unset\"><div class=\"wp-block-themeisle-blocks-advanced-columns-overlay\"><\/div><div class=\"innerblocks-wrap\">\n<div id=\"wp-block-themeisle-blocks-advanced-column-58531247\" class=\"wp-block-themeisle-blocks-advanced-column\">\n<div class=\"wp-block-media-text has-media-on-the-right is-stacked-on-mobile animated backInLeft\"><div class=\"wp-block-media-text__content\">\n<p class=\"has-three-color has-text-color has-link-color has-small-font-size wp-elements-b3afc5355b876eb7070115e058ba0d13\">Douche France<br><em>Cinq ans plus tard, BLACK SCOUMOUNE est de retour avec son nouvel EP baptis\u00e9 (mdr) \u201cDouche France\u201d, enregistr\u00e9 chez Mis\u00e8records en<br>plein confinement et sorti en hiver 2023. Plus lourd, plus sombre, plus rapide, le trio d\u00e9montre en 8,6 morceaux et 1664 riffs qu\u2019il n\u2019est pas l\u00e0 pour consigner les canettes. \u201cDeux claques et au lit\u201d, \u201cWorm in a fruit\u201d, \u201cContr\u00f4leur violeur\u201d, \u201cFin de vie\u201d&#8230; Une demi-heure de col\u00e8re noire et de rires jaunes pour inhiber tout sentiment agr\u00e9able et avorter toute pens\u00e9e positive, si ce n\u2019est le plaisir de voir tout cramer depuis la fen\u00eatre de sa cuisine en sirotant un p\u2019tit caf\u00e9.<\/em><\/p>\n<\/div><figure class=\"wp-block-media-text__media\"><img decoding=\"async\" width=\"290\" height=\"288\" src=\"https:\/\/miserecords.com\/wp-content\/uploads\/2025\/01\/Capture-decran-2025-01-13-a-16.11.24.png\" alt=\"\" class=\"wp-image-317 size-full\" srcset=\"https:\/\/miserecords.com\/wp-content\/uploads\/2025\/01\/Capture-decran-2025-01-13-a-16.11.24.png 290w, https:\/\/miserecords.com\/wp-content\/uploads\/2025\/01\/Capture-decran-2025-01-13-a-16.11.24-150x150.png 150w\" sizes=\"(max-width: 290px) 100vw, 290px\" \/><\/figure><\/div>\n<\/div>\n\n\n\n<div id=\"wp-block-themeisle-blocks-advanced-column-9d8dcf9f\" class=\"wp-block-themeisle-blocks-advanced-column\">\n<div class=\"wp-block-media-text has-media-on-the-right is-stacked-on-mobile animated backInRight has-three-color has-text-color has-link-color has-small-font-size wp-elements-e33c1efc7f92268c5a916e2158195b27\"><div class=\"wp-block-media-text__content\">\n<p><strong>A partag\u00e9 la sc\u00e8ne avec :<\/strong><\/p>\n\n\n\n<p>PRINCESSE NAP\u00c4LM (TOURN\u00c9E DE 6 DATES EN 2018), MSS FRNCE, ANNA SAGE, L\u2019ORCHID\u00c9E COSMIQUE, COILGUNS, STUPID KARATE, BORIS VIANDE, THE BAD PELICANS, P.M.S, DDASH, TROMBLON, THE RABBLERS, SPANKED, A SHRIMP CASE, HARASSMENT, CHEVIGNON, GROS OISEAU, BOMBYX MORI, MY BODY HORSE, L\u00c9ON, ETC.<\/p>\n<\/div><figure class=\"wp-block-media-text__media\"><img decoding=\"async\" width=\"540\" height=\"422\" src=\"https:\/\/miserecords.com\/wp-content\/uploads\/2025\/01\/Capture-decran-2025-01-13-a-16.11.39.png\" alt=\"\" class=\"wp-image-318 size-full\" srcset=\"https:\/\/miserecords.com\/wp-content\/uploads\/2025\/01\/Capture-decran-2025-01-13-a-16.11.39.png 540w, https:\/\/miserecords.com\/wp-content\/uploads\/2025\/01\/Capture-decran-2025-01-13-a-16.11.39-300x234.png 300w\" sizes=\"(max-width: 540px) 100vw, 540px\" \/><\/figure><\/div>\n<\/div>\n<\/div><\/div>\n\n\n\n<p class=\"has-text-align-center\"><strong>R\u00e9seaux sociaux : <\/strong><\/p>\n\n\n\n<ul class=\"wp-block-social-links aligncenter has-large-icon-size is-layout-flex wp-block-social-links-is-layout-flex\"><li class=\"wp-social-link wp-social-link-instagram  wp-block-social-link\"><a href=\"https:\/\/www.instagram.com\/blackscoumoune\/\" class=\"wp-block-social-link-anchor\"><svg width=\"24\" height=\"24\" viewBox=\"0 0 24 24\" version=\"1.1\" xmlns=\"http:\/\/www.w3.org\/2000\/svg\" aria-hidden=\"true\" focusable=\"false\"><path d=\"M12,4.622c2.403,0,2.688,0.009,3.637,0.052c0.877,0.04,1.354,0.187,1.671,0.31c0.42,0.163,0.72,0.358,1.035,0.673 c0.315,0.315,0.51,0.615,0.673,1.035c0.123,0.317,0.27,0.794,0.31,1.671c0.043,0.949,0.052,1.234,0.052,3.637 s-0.009,2.688-0.052,3.637c-0.04,0.877-0.187,1.354-0.31,1.671c-0.163,0.42-0.358,0.72-0.673,1.035 c-0.315,0.315-0.615,0.51-1.035,0.673c-0.317,0.123-0.794,0.27-1.671,0.31c-0.949,0.043-1.233,0.052-3.637,0.052 s-2.688-0.009-3.637-0.052c-0.877-0.04-1.354-0.187-1.671-0.31c-0.42-0.163-0.72-0.358-1.035-0.673 c-0.315-0.315-0.51-0.615-0.673-1.035c-0.123-0.317-0.27-0.794-0.31-1.671C4.631,14.688,4.622,14.403,4.622,12 s0.009-2.688,0.052-3.637c0.04-0.877,0.187-1.354,0.31-1.671c0.163-0.42,0.358-0.72,0.673-1.035 c0.315-0.315,0.615-0.51,1.035-0.673c0.317-0.123,0.794-0.27,1.671-0.31C9.312,4.631,9.597,4.622,12,4.622 M12,3 C9.556,3,9.249,3.01,8.289,3.054C7.331,3.098,6.677,3.25,6.105,3.472C5.513,3.702,5.011,4.01,4.511,4.511 c-0.5,0.5-0.808,1.002-1.038,1.594C3.25,6.677,3.098,7.331,3.054,8.289C3.01,9.249,3,9.556,3,12c0,2.444,0.01,2.751,0.054,3.711 c0.044,0.958,0.196,1.612,0.418,2.185c0.23,0.592,0.538,1.094,1.038,1.594c0.5,0.5,1.002,0.808,1.594,1.038 c0.572,0.222,1.227,0.375,2.185,0.418C9.249,20.99,9.556,21,12,21s2.751-0.01,3.711-0.054c0.958-0.044,1.612-0.196,2.185-0.418 c0.592-0.23,1.094-0.538,1.594-1.038c0.5-0.5,0.808-1.002,1.038-1.594c0.222-0.572,0.375-1.227,0.418-2.185 C20.99,14.751,21,14.444,21,12s-0.01-2.751-0.054-3.711c-0.044-0.958-0.196-1.612-0.418-2.185c-0.23-0.592-0.538-1.094-1.038-1.594 c-0.5-0.5-1.002-0.808-1.594-1.038c-0.572-0.222-1.227-0.375-2.185-0.418C14.751,3.01,14.444,3,12,3L12,3z M12,7.378 c-2.552,0-4.622,2.069-4.622,4.622S9.448,16.622,12,16.622s4.622-2.069,4.622-4.622S14.552,7.378,12,7.378z M12,15 c-1.657,0-3-1.343-3-3s1.343-3,3-3s3,1.343,3,3S13.657,15,12,15z M16.804,6.116c-0.596,0-1.08,0.484-1.08,1.08 s0.484,1.08,1.08,1.08c0.596,0,1.08-0.484,1.08-1.08S17.401,6.116,16.804,6.116z\"><\/path><\/svg><span class=\"wp-block-social-link-label screen-reader-text\">Instagram<\/span><\/a><\/li>\n\n<li class=\"wp-social-link wp-social-link-facebook  wp-block-social-link\"><a href=\"https:\/\/www.facebook.com\/blackscoumoune\" class=\"wp-block-social-link-anchor\"><svg width=\"24\" height=\"24\" viewBox=\"0 0 24 24\" version=\"1.1\" xmlns=\"http:\/\/www.w3.org\/2000\/svg\" aria-hidden=\"true\" focusable=\"false\"><path d=\"M12 2C6.5 2 2 6.5 2 12c0 5 3.7 9.1 8.4 9.9v-7H7.9V12h2.5V9.8c0-2.5 1.5-3.9 3.8-3.9 1.1 0 2.2.2 2.2.2v2.5h-1.3c-1.2 0-1.6.8-1.6 1.6V12h2.8l-.4 2.9h-2.3v7C18.3 21.1 22 17 22 12c0-5.5-4.5-10-10-10z\"><\/path><\/svg><span class=\"wp-block-social-link-label screen-reader-text\">Facebook<\/span><\/a><\/li><\/ul>\n","protected":false},"excerpt":{"rendered":"<p>Surf Punk Malchanceux Form\u00e9 en janvier 2016 \u00e0 Saint-Ouen (93), BLACK SCOUMOUNE est un power trio perdu quelque part entre TURNSTILE, DICK DALE et SLAYER. Si Matteo (guitare\/chant), Theo (batterie) et Laurent (basse\/chant) jouent de la musique ensemble, ce n\u2019est pas tant pour le plaisir que pour remplir un objectif tr\u00e8s clair : FOUTRE LE [&hellip;]<\/p>\n","protected":false},"author":1,"featured_media":0,"parent":0,"menu_order":0,"comment_status":"closed","ping_status":"closed","template":"","meta":{"_themeisle_gutenberg_block_has_review":false,"footnotes":""},"class_list":["post-316","page","type-page","status-publish","hentry"],"yoast_head":"<!-- This site is optimized with the Yoast SEO plugin v27.1.1 - https:\/\/yoast.com\/product\/yoast-seo-wordpress\/ -->\n<title>BLACK SCOUMOUNE - Mis\u00e8Records<\/title>\n<meta name=\"robots\" content=\"index, follow, max-snippet:-1, max-image-preview:large, max-video-preview:-1\" \/>\n<link rel=\"canonical\" href=\"https:\/\/miserecords.com\/?page_id=316\" \/>\n<meta property=\"og:locale\" content=\"fr_FR\" \/>\n<meta property=\"og:type\" content=\"article\" \/>\n<meta property=\"og:title\" content=\"BLACK SCOUMOUNE - Mis\u00e8Records\" \/>\n<meta property=\"og:description\" content=\"Surf Punk Malchanceux Form\u00e9 en janvier 2016 \u00e0 Saint-Ouen (93), BLACK SCOUMOUNE est un power trio perdu quelque part entre TURNSTILE, DICK DALE et SLAYER. Si Matteo (guitare\/chant), Theo (batterie) et Laurent (basse\/chant) jouent de la musique ensemble, ce n\u2019est pas tant pour le plaisir que pour remplir un objectif tr\u00e8s clair : FOUTRE LE [&hellip;]\" \/>\n<meta property=\"og:url\" content=\"https:\/\/miserecords.com\/?page_id=316\" \/>\n<meta property=\"og:site_name\" content=\"Mis\u00e8Records\" \/>\n<meta property=\"article:modified_time\" content=\"2025-02-11T15:18:58+00:00\" \/>\n<meta property=\"og:image\" content=\"https:\/\/miserecords.com\/wp-content\/uploads\/2025\/01\/Capture-decran-2025-01-13-a-15.07.11.png\" \/>\n\t<meta property=\"og:image:width\" content=\"610\" \/>\n\t<meta property=\"og:image:height\" content=\"570\" \/>\n\t<meta property=\"og:image:type\" content=\"image\/png\" \/>\n<meta name=\"twitter:card\" content=\"summary_large_image\" \/>\n<meta name=\"twitter:label1\" content=\"Dur\u00e9e de lecture estim\u00e9e\" \/>\n\t<meta name=\"twitter:data1\" content=\"3 minutes\" \/>\n<script type=\"application\/ld+json\" class=\"yoast-schema-graph\">{\"@context\":\"https:\/\/schema.org\",\"@graph\":[{\"@type\":\"WebPage\",\"@id\":\"https:\/\/miserecords.com\/?page_id=316\",\"url\":\"https:\/\/miserecords.com\/?page_id=316\",\"name\":\"BLACK SCOUMOUNE - Mis\u00e8Records\",\"isPartOf\":{\"@id\":\"https:\/\/miserecords.com\/#website\"},\"primaryImageOfPage\":{\"@id\":\"https:\/\/miserecords.com\/?page_id=316#primaryimage\"},\"image\":{\"@id\":\"https:\/\/miserecords.com\/?page_id=316#primaryimage\"},\"thumbnailUrl\":\"https:\/\/miserecords.com\/wp-content\/uploads\/2025\/01\/Capture-decran-2025-01-13-a-15.07.11.png\",\"datePublished\":\"2025-01-13T15:12:45+00:00\",\"dateModified\":\"2025-02-11T15:18:58+00:00\",\"breadcrumb\":{\"@id\":\"https:\/\/miserecords.com\/?page_id=316#breadcrumb\"},\"inLanguage\":\"fr-FR\",\"potentialAction\":[{\"@type\":\"ReadAction\",\"target\":[\"https:\/\/miserecords.com\/?page_id=316\"]}]},{\"@type\":\"ImageObject\",\"inLanguage\":\"fr-FR\",\"@id\":\"https:\/\/miserecords.com\/?page_id=316#primaryimage\",\"url\":\"https:\/\/miserecords.com\/wp-content\/uploads\/2025\/01\/Capture-decran-2025-01-13-a-15.07.11.png\",\"contentUrl\":\"https:\/\/miserecords.com\/wp-content\/uploads\/2025\/01\/Capture-decran-2025-01-13-a-15.07.11.png\",\"width\":610,\"height\":570},{\"@type\":\"BreadcrumbList\",\"@id\":\"https:\/\/miserecords.com\/?page_id=316#breadcrumb\",\"itemListElement\":[{\"@type\":\"ListItem\",\"position\":1,\"name\":\"Accueil\",\"item\":\"https:\/\/miserecords.com\/\"},{\"@type\":\"ListItem\",\"position\":2,\"name\":\"BLACK SCOUMOUNE\"}]},{\"@type\":\"WebSite\",\"@id\":\"https:\/\/miserecords.com\/#website\",\"url\":\"https:\/\/miserecords.com\/\",\"name\":\"Mis\u00e8Records\",\"description\":\"\",\"potentialAction\":[{\"@type\":\"SearchAction\",\"target\":{\"@type\":\"EntryPoint\",\"urlTemplate\":\"https:\/\/miserecords.com\/?s={search_term_string}\"},\"query-input\":{\"@type\":\"PropertyValueSpecification\",\"valueRequired\":true,\"valueName\":\"search_term_string\"}}],\"inLanguage\":\"fr-FR\"}]}<\/script>\n<!-- \/ Yoast SEO plugin. -->","yoast_head_json":{"title":"BLACK SCOUMOUNE - Mis\u00e8Records","robots":{"index":"index","follow":"follow","max-snippet":"max-snippet:-1","max-image-preview":"max-image-preview:large","max-video-preview":"max-video-preview:-1"},"canonical":"https:\/\/miserecords.com\/?page_id=316","og_locale":"fr_FR","og_type":"article","og_title":"BLACK SCOUMOUNE - Mis\u00e8Records","og_description":"Surf Punk Malchanceux Form\u00e9 en janvier 2016 \u00e0 Saint-Ouen (93), BLACK SCOUMOUNE est un power trio perdu quelque part entre TURNSTILE, DICK DALE et SLAYER. Si Matteo (guitare\/chant), Theo (batterie) et Laurent (basse\/chant) jouent de la musique ensemble, ce n\u2019est pas tant pour le plaisir que pour remplir un objectif tr\u00e8s clair : FOUTRE LE [&hellip;]","og_url":"https:\/\/miserecords.com\/?page_id=316","og_site_name":"Mis\u00e8Records","article_modified_time":"2025-02-11T15:18:58+00:00","og_image":[{"width":610,"height":570,"url":"https:\/\/miserecords.com\/wp-content\/uploads\/2025\/01\/Capture-decran-2025-01-13-a-15.07.11.png","type":"image\/png"}],"twitter_card":"summary_large_image","twitter_misc":{"Dur\u00e9e de lecture estim\u00e9e":"3 minutes"},"schema":{"@context":"https:\/\/schema.org","@graph":[{"@type":"WebPage","@id":"https:\/\/miserecords.com\/?page_id=316","url":"https:\/\/miserecords.com\/?page_id=316","name":"BLACK SCOUMOUNE - Mis\u00e8Records","isPartOf":{"@id":"https:\/\/miserecords.com\/#website"},"primaryImageOfPage":{"@id":"https:\/\/miserecords.com\/?page_id=316#primaryimage"},"image":{"@id":"https:\/\/miserecords.com\/?page_id=316#primaryimage"},"thumbnailUrl":"https:\/\/miserecords.com\/wp-content\/uploads\/2025\/01\/Capture-decran-2025-01-13-a-15.07.11.png","datePublished":"2025-01-13T15:12:45+00:00","dateModified":"2025-02-11T15:18:58+00:00","breadcrumb":{"@id":"https:\/\/miserecords.com\/?page_id=316#breadcrumb"},"inLanguage":"fr-FR","potentialAction":[{"@type":"ReadAction","target":["https:\/\/miserecords.com\/?page_id=316"]}]},{"@type":"ImageObject","inLanguage":"fr-FR","@id":"https:\/\/miserecords.com\/?page_id=316#primaryimage","url":"https:\/\/miserecords.com\/wp-content\/uploads\/2025\/01\/Capture-decran-2025-01-13-a-15.07.11.png","contentUrl":"https:\/\/miserecords.com\/wp-content\/uploads\/2025\/01\/Capture-decran-2025-01-13-a-15.07.11.png","width":610,"height":570},{"@type":"BreadcrumbList","@id":"https:\/\/miserecords.com\/?page_id=316#breadcrumb","itemListElement":[{"@type":"ListItem","position":1,"name":"Accueil","item":"https:\/\/miserecords.com\/"},{"@type":"ListItem","position":2,"name":"BLACK SCOUMOUNE"}]},{"@type":"WebSite","@id":"https:\/\/miserecords.com\/#website","url":"https:\/\/miserecords.com\/","name":"Mis\u00e8Records","description":"","potentialAction":[{"@type":"SearchAction","target":{"@type":"EntryPoint","urlTemplate":"https:\/\/miserecords.com\/?s={search_term_string}"},"query-input":{"@type":"PropertyValueSpecification","valueRequired":true,"valueName":"search_term_string"}}],"inLanguage":"fr-FR"}]}},"_links":{"self":[{"href":"https:\/\/miserecords.com\/index.php?rest_route=\/wp\/v2\/pages\/316","targetHints":{"allow":["GET"]}}],"collection":[{"href":"https:\/\/miserecords.com\/index.php?rest_route=\/wp\/v2\/pages"}],"about":[{"href":"https:\/\/miserecords.com\/index.php?rest_route=\/wp\/v2\/types\/page"}],"author":[{"embeddable":true,"href":"https:\/\/miserecords.com\/index.php?rest_route=\/wp\/v2\/users\/1"}],"replies":[{"embeddable":true,"href":"https:\/\/miserecords.com\/index.php?rest_route=%2Fwp%2Fv2%2Fcomments&post=316"}],"version-history":[{"count":3,"href":"https:\/\/miserecords.com\/index.php?rest_route=\/wp\/v2\/pages\/316\/revisions"}],"predecessor-version":[{"id":474,"href":"https:\/\/miserecords.com\/index.php?rest_route=\/wp\/v2\/pages\/316\/revisions\/474"}],"wp:attachment":[{"href":"https:\/\/miserecords.com\/index.php?rest_route=%2Fwp%2Fv2%2Fmedia&parent=316"}],"curies":[{"name":"wp","href":"https:\/\/api.w.org\/{rel}","templated":true}]}}