{"id":304,"date":"2025-01-13T15:01:02","date_gmt":"2025-01-13T15:01:02","guid":{"rendered":"https:\/\/miserecords.com\/?page_id=304"},"modified":"2025-02-11T15:14:55","modified_gmt":"2025-02-11T15:14:55","slug":"titus-denfer","status":"publish","type":"page","link":"https:\/\/miserecords.com\/?page_id=304","title":{"rendered":"TITUS D&rsquo;ENFER"},"content":{"rendered":"\n<p><em>pop d\u00e9sax\u00e9e &amp; \u00e9pique (musique postpop \/ mathpop)<\/em><\/p>\n\n\n\n<div class=\"wp-block-media-text is-stacked-on-mobile\" style=\"grid-template-columns:44% auto\"><figure class=\"wp-block-media-text__media\"><img fetchpriority=\"high\" decoding=\"async\" width=\"936\" height=\"1024\" src=\"https:\/\/miserecords.com\/wp-content\/uploads\/2023\/04\/Capture-decran-2023-04-25-a-13.43.45-936x1024.png\" alt=\"\" class=\"wp-image-93 size-full\" srcset=\"https:\/\/miserecords.com\/wp-content\/uploads\/2023\/04\/Capture-decran-2023-04-25-a-13.43.45-936x1024.png 936w, https:\/\/miserecords.com\/wp-content\/uploads\/2023\/04\/Capture-decran-2023-04-25-a-13.43.45-274x300.png 274w, https:\/\/miserecords.com\/wp-content\/uploads\/2023\/04\/Capture-decran-2023-04-25-a-13.43.45-768x840.png 768w, https:\/\/miserecords.com\/wp-content\/uploads\/2023\/04\/Capture-decran-2023-04-25-a-13.43.45.png 980w\" sizes=\"(max-width: 936px) 100vw, 936px\" \/><\/figure><div class=\"wp-block-media-text__content\">\n<p class=\"animated backInDown has-small-font-size\"><strong>Titus d\u2019Enfer est le 22\u00e8me roi de la prestigieuse famille d\u2019Enfer. Apr\u00e8s l\u2019incendie de la biblioth\u00e8que en l\u2019an 22, o\u00f9 p\u00e9rit la totalit\u00e9 de sa famille et de ses sujets, le brave Titus, confront\u00e9 \u00e0 lui- m\u00eame, abandonna son ch\u00e2teau. Le voici parmi vous, pauvre et bossu, Titus d\u2019Enfer, Titus l\u2019errant, accompagn\u00e9 de son fid\u00e8le Antonelli, ils vagabondent \u00e0 la recherche d\u2019une oreille bienveillante.<\/strong><\/p>\n\n\n\n<p class=\"animated backInRight has-small-font-size\">Le tout premier EP de Titus D\u2019Enfer r\u00e9sume \u00e0 la perfection l\u2019univers singulier du chanteur \/ producteur fran\u00e7ais : un assemblage de rythmes m\u00e9caniques, d\u2019harmonies d\u00e9licates et de paroles d\u00e9traqu\u00e9es au service d\u2019une pop d\u00e9sax\u00e9e et \u00e9pique. <br>Titus D\u2019Enfer galope de plaine en plaine, arm\u00e9 de sa folie contagieuse, dans un univers fantasque et color\u00e9, entre Klaus Nomi et Animal Collective.<\/p>\n<\/div><\/div>\n\n\n\n<div id=\"wp-block-themeisle-blocks-advanced-columns-98b15841\" class=\"wp-block-themeisle-blocks-advanced-columns has-2-columns has-desktop-equal-layout has-tablet-equal-layout has-mobile-collapsedRows-layout has-vertical-unset\"><div class=\"wp-block-themeisle-blocks-advanced-columns-overlay\"><\/div><div class=\"innerblocks-wrap\">\n<div id=\"wp-block-themeisle-blocks-advanced-column-cd1d7aff\" class=\"wp-block-themeisle-blocks-advanced-column\">\n<div class=\"wp-block-media-text has-media-on-the-right is-stacked-on-mobile animated backInLeft has-three-color has-text-color has-link-color wp-elements-58641cce3f65d81fdbbe8edc563c1c17\"><div class=\"wp-block-media-text__content\">\n<p><strong>FEU CH\u00c2TEAU FEU 2021<\/strong><\/p>\n\n\n\n<p class=\"has-small-font-size\">Entremetteur des mondes, Titus d\u2019Enfer livre une pop \u00e9nergique, un bestiaire fantasmagorique cadenc\u00e9 d\u2019accents graves et acidul\u00e9s. \u00c0 la crois\u00e9e d\u2019hier et de demain, camp\u00e9 entre morts et vivants, il invite \u00e0<br>une grande f\u00eate pa\u00efenne. Compos\u00e9 sur l\u2019orgue de son grand p\u00e8re (et accompagn\u00e9 de l\u2019orchestre Noibis), enregistr\u00e9 par l\u2019ing\u00e9nieur des stars de la sc\u00e8ne Syst\u00e8me D fran\u00e7aise Camille Jamain, c\u2019est sur le label Mis\u00e8Records qu\u2019il sortira en Septembre 2021 son album Feu Ch\u00e2teau Feu. Un nouvel EP, moins orchestral mais beaucoup plus pop et frontal est en cours de production pour 2024-2025 !<\/p>\n<\/div><figure class=\"wp-block-media-text__media\"><img decoding=\"async\" width=\"286\" height=\"284\" src=\"https:\/\/miserecords.com\/wp-content\/uploads\/2025\/01\/Capture-decran-2025-01-13-a-15.57.02.png\" alt=\"\" class=\"wp-image-306 size-full\" srcset=\"https:\/\/miserecords.com\/wp-content\/uploads\/2025\/01\/Capture-decran-2025-01-13-a-15.57.02.png 286w, https:\/\/miserecords.com\/wp-content\/uploads\/2025\/01\/Capture-decran-2025-01-13-a-15.57.02-150x150.png 150w\" sizes=\"(max-width: 286px) 100vw, 286px\" \/><\/figure><\/div>\n<\/div>\n\n\n\n<div id=\"wp-block-themeisle-blocks-advanced-column-7f1d3852\" class=\"wp-block-themeisle-blocks-advanced-column\">\n<div class=\"wp-block-media-text has-media-on-the-right is-stacked-on-mobile animated backInRight has-three-color has-text-color has-link-color has-small-font-size wp-elements-efd4724f656e3192ba7fe6e3d3e8f055\"><div class=\"wp-block-media-text__content\">\n<p><strong>A jou\u00e9 dans des llieux tels que :<\/strong><\/p>\n\n\n\n<p>SUPERSONIC PARIS, LE POPUP DU LABEL, LE CH\u00c2PITEAU DU CIRQUE ELECTRIQUE, LES AMARRES, L\u2019INTERNATIONNAL, L\u2019ESPACE B, LE MOTEL, LE FAUCH\u00c9 FEST, ET AUSSI AU JAPON ET AUX \u00c9TATS\uf6baUNIS<\/p>\n\n\n\n<p><em>Pour ce qui est du tordant et touchant Titus D\u2019En- fer, il faut l\u2019\u00e9couter pour le croire &#8211; Magic<\/em><\/p>\n\n\n\n<p><em>Il y a plein de choses surprenantes et qui d\u00e9- passent les fronti\u00e8res sur cette nouvelle compi- lation&#8230;(comme)&#8230; l\u2019inclassable Nature Morte du Parisien Titus d\u2019Enfer &#8211; FIP Raddio<\/em><\/p>\n<\/div><figure class=\"wp-block-media-text__media\"><img decoding=\"async\" width=\"472\" height=\"332\" src=\"https:\/\/miserecords.com\/wp-content\/uploads\/2025\/01\/Capture-decran-2025-01-13-a-15.59.40.png\" alt=\"\" class=\"wp-image-307 size-full\" srcset=\"https:\/\/miserecords.com\/wp-content\/uploads\/2025\/01\/Capture-decran-2025-01-13-a-15.59.40.png 472w, https:\/\/miserecords.com\/wp-content\/uploads\/2025\/01\/Capture-decran-2025-01-13-a-15.59.40-300x211.png 300w\" sizes=\"(max-width: 472px) 100vw, 472px\" \/><\/figure><\/div>\n<\/div>\n<\/div><\/div>\n\n\n\n<p class=\"has-text-align-center\"><strong>R\u00e9seaux sociaux : <\/strong><\/p>\n\n\n\n<ul class=\"wp-block-social-links aligncenter has-large-icon-size is-layout-flex wp-block-social-links-is-layout-flex\"><li class=\"wp-social-link wp-social-link-instagram  wp-block-social-link\"><a href=\"https:\/\/www.instagram.com\/titus.denfer\" class=\"wp-block-social-link-anchor\"><svg width=\"24\" height=\"24\" viewBox=\"0 0 24 24\" version=\"1.1\" xmlns=\"http:\/\/www.w3.org\/2000\/svg\" aria-hidden=\"true\" focusable=\"false\"><path d=\"M12,4.622c2.403,0,2.688,0.009,3.637,0.052c0.877,0.04,1.354,0.187,1.671,0.31c0.42,0.163,0.72,0.358,1.035,0.673 c0.315,0.315,0.51,0.615,0.673,1.035c0.123,0.317,0.27,0.794,0.31,1.671c0.043,0.949,0.052,1.234,0.052,3.637 s-0.009,2.688-0.052,3.637c-0.04,0.877-0.187,1.354-0.31,1.671c-0.163,0.42-0.358,0.72-0.673,1.035 c-0.315,0.315-0.615,0.51-1.035,0.673c-0.317,0.123-0.794,0.27-1.671,0.31c-0.949,0.043-1.233,0.052-3.637,0.052 s-2.688-0.009-3.637-0.052c-0.877-0.04-1.354-0.187-1.671-0.31c-0.42-0.163-0.72-0.358-1.035-0.673 c-0.315-0.315-0.51-0.615-0.673-1.035c-0.123-0.317-0.27-0.794-0.31-1.671C4.631,14.688,4.622,14.403,4.622,12 s0.009-2.688,0.052-3.637c0.04-0.877,0.187-1.354,0.31-1.671c0.163-0.42,0.358-0.72,0.673-1.035 c0.315-0.315,0.615-0.51,1.035-0.673c0.317-0.123,0.794-0.27,1.671-0.31C9.312,4.631,9.597,4.622,12,4.622 M12,3 C9.556,3,9.249,3.01,8.289,3.054C7.331,3.098,6.677,3.25,6.105,3.472C5.513,3.702,5.011,4.01,4.511,4.511 c-0.5,0.5-0.808,1.002-1.038,1.594C3.25,6.677,3.098,7.331,3.054,8.289C3.01,9.249,3,9.556,3,12c0,2.444,0.01,2.751,0.054,3.711 c0.044,0.958,0.196,1.612,0.418,2.185c0.23,0.592,0.538,1.094,1.038,1.594c0.5,0.5,1.002,0.808,1.594,1.038 c0.572,0.222,1.227,0.375,2.185,0.418C9.249,20.99,9.556,21,12,21s2.751-0.01,3.711-0.054c0.958-0.044,1.612-0.196,2.185-0.418 c0.592-0.23,1.094-0.538,1.594-1.038c0.5-0.5,0.808-1.002,1.038-1.594c0.222-0.572,0.375-1.227,0.418-2.185 C20.99,14.751,21,14.444,21,12s-0.01-2.751-0.054-3.711c-0.044-0.958-0.196-1.612-0.418-2.185c-0.23-0.592-0.538-1.094-1.038-1.594 c-0.5-0.5-1.002-0.808-1.594-1.038c-0.572-0.222-1.227-0.375-2.185-0.418C14.751,3.01,14.444,3,12,3L12,3z M12,7.378 c-2.552,0-4.622,2.069-4.622,4.622S9.448,16.622,12,16.622s4.622-2.069,4.622-4.622S14.552,7.378,12,7.378z M12,15 c-1.657,0-3-1.343-3-3s1.343-3,3-3s3,1.343,3,3S13.657,15,12,15z M16.804,6.116c-0.596,0-1.08,0.484-1.08,1.08 s0.484,1.08,1.08,1.08c0.596,0,1.08-0.484,1.08-1.08S17.401,6.116,16.804,6.116z\"><\/path><\/svg><span class=\"wp-block-social-link-label screen-reader-text\">Instagram<\/span><\/a><\/li>\n\n<li class=\"wp-social-link wp-social-link-facebook  wp-block-social-link\"><a href=\"https:\/\/www.facebook.com\/titusdenfer22\" class=\"wp-block-social-link-anchor\"><svg width=\"24\" height=\"24\" viewBox=\"0 0 24 24\" version=\"1.1\" xmlns=\"http:\/\/www.w3.org\/2000\/svg\" aria-hidden=\"true\" focusable=\"false\"><path d=\"M12 2C6.5 2 2 6.5 2 12c0 5 3.7 9.1 8.4 9.9v-7H7.9V12h2.5V9.8c0-2.5 1.5-3.9 3.8-3.9 1.1 0 2.2.2 2.2.2v2.5h-1.3c-1.2 0-1.6.8-1.6 1.6V12h2.8l-.4 2.9h-2.3v7C18.3 21.1 22 17 22 12c0-5.5-4.5-10-10-10z\"><\/path><\/svg><span class=\"wp-block-social-link-label screen-reader-text\">Facebook<\/span><\/a><\/li>\n\n<li class=\"wp-social-link wp-social-link-spotify  wp-block-social-link\"><a href=\"https:\/\/open.spotify.com\/intl-fr\/artist\/2E030YsecG4e5zRoGWPUUI?si=KObzFLMdTh6Q_4Hnt5VY6w&#038;nd=1&#038;dlsi=674000fab5224027\" class=\"wp-block-social-link-anchor\"><svg width=\"24\" height=\"24\" viewBox=\"0 0 24 24\" version=\"1.1\" xmlns=\"http:\/\/www.w3.org\/2000\/svg\" aria-hidden=\"true\" focusable=\"false\"><path d=\"M12,2C6.477,2,2,6.477,2,12c0,5.523,4.477,10,10,10c5.523,0,10-4.477,10-10C22,6.477,17.523,2,12,2 M16.586,16.424 c-0.18,0.295-0.563,0.387-0.857,0.207c-2.348-1.435-5.304-1.76-8.785-0.964c-0.335,0.077-0.67-0.133-0.746-0.469 c-0.077-0.335,0.132-0.67,0.469-0.746c3.809-0.871,7.077-0.496,9.713,1.115C16.673,15.746,16.766,16.13,16.586,16.424 M17.81,13.7 c-0.226,0.367-0.706,0.482-1.072,0.257c-2.687-1.652-6.785-2.131-9.965-1.166C6.36,12.917,5.925,12.684,5.8,12.273 C5.675,11.86,5.908,11.425,6.32,11.3c3.632-1.102,8.147-0.568,11.234,1.328C17.92,12.854,18.035,13.335,17.81,13.7 M17.915,10.865 c-3.223-1.914-8.54-2.09-11.618-1.156C5.804,9.859,5.281,9.58,5.131,9.086C4.982,8.591,5.26,8.069,5.755,7.919 c3.532-1.072,9.404-0.865,13.115,1.338c0.445,0.264,0.59,0.838,0.327,1.282C18.933,10.983,18.359,11.129,17.915,10.865\"><\/path><\/svg><span class=\"wp-block-social-link-label screen-reader-text\">Spotify<\/span><\/a><\/li><\/ul>\n\n\n\n<figure class=\"wp-block-embed is-type-rich is-provider-spotify wp-block-embed-spotify wp-embed-aspect-21-9 wp-has-aspect-ratio animated fadeIn slow\"><div class=\"wp-block-embed__wrapper\">\n<iframe title=\"Spotify Embed: Titus d&amp;apos;Enfer\" style=\"border-radius: 12px\" width=\"100%\" height=\"352\" frameborder=\"0\" allowfullscreen allow=\"autoplay; clipboard-write; encrypted-media; fullscreen; picture-in-picture\" loading=\"lazy\" src=\"https:\/\/open.spotify.com\/embed\/artist\/2E030YsecG4e5zRoGWPUUI?si=KObzFLMdTh6Q_4Hnt5VY6w&#038;nd=1&#038;dlsi=a74d1dedd2174bb6&#038;utm_source=oembed\"><\/iframe>\n<\/div><\/figure>\n","protected":false},"excerpt":{"rendered":"<p>pop d\u00e9sax\u00e9e &amp; \u00e9pique (musique postpop \/ mathpop) Titus d\u2019Enfer est le 22\u00e8me roi de la prestigieuse famille d\u2019Enfer. Apr\u00e8s l\u2019incendie de la biblioth\u00e8que en l\u2019an 22, o\u00f9 p\u00e9rit la totalit\u00e9 de sa famille et de ses sujets, le brave Titus, confront\u00e9 \u00e0 lui- m\u00eame, abandonna son ch\u00e2teau. Le voici parmi vous, pauvre et bossu, [&hellip;]<\/p>\n","protected":false},"author":1,"featured_media":0,"parent":0,"menu_order":0,"comment_status":"closed","ping_status":"closed","template":"","meta":{"_themeisle_gutenberg_block_has_review":false,"footnotes":""},"class_list":["post-304","page","type-page","status-publish","hentry"],"yoast_head":"<!-- This site is optimized with the Yoast SEO plugin v27.1.1 - https:\/\/yoast.com\/product\/yoast-seo-wordpress\/ -->\n<title>TITUS D&#039;ENFER - Mis\u00e8Records<\/title>\n<meta name=\"robots\" content=\"index, follow, max-snippet:-1, max-image-preview:large, max-video-preview:-1\" \/>\n<link rel=\"canonical\" href=\"https:\/\/miserecords.com\/?page_id=304\" \/>\n<meta property=\"og:locale\" content=\"fr_FR\" \/>\n<meta property=\"og:type\" content=\"article\" \/>\n<meta property=\"og:title\" content=\"TITUS D&#039;ENFER - Mis\u00e8Records\" \/>\n<meta property=\"og:description\" content=\"pop d\u00e9sax\u00e9e &amp; \u00e9pique (musique postpop \/ mathpop) Titus d\u2019Enfer est le 22\u00e8me roi de la prestigieuse famille d\u2019Enfer. Apr\u00e8s l\u2019incendie de la biblioth\u00e8que en l\u2019an 22, o\u00f9 p\u00e9rit la totalit\u00e9 de sa famille et de ses sujets, le brave Titus, confront\u00e9 \u00e0 lui- m\u00eame, abandonna son ch\u00e2teau. Le voici parmi vous, pauvre et bossu, [&hellip;]\" \/>\n<meta property=\"og:url\" content=\"https:\/\/miserecords.com\/?page_id=304\" \/>\n<meta property=\"og:site_name\" content=\"Mis\u00e8Records\" \/>\n<meta property=\"article:modified_time\" content=\"2025-02-11T15:14:55+00:00\" \/>\n<meta property=\"og:image\" content=\"https:\/\/miserecords.com\/wp-content\/uploads\/2023\/04\/Capture-decran-2023-04-25-a-13.43.45.png\" \/>\n\t<meta property=\"og:image:width\" content=\"980\" \/>\n\t<meta property=\"og:image:height\" content=\"1072\" \/>\n\t<meta property=\"og:image:type\" content=\"image\/png\" \/>\n<meta name=\"twitter:card\" content=\"summary_large_image\" \/>\n<meta name=\"twitter:label1\" content=\"Dur\u00e9e de lecture estim\u00e9e\" \/>\n\t<meta name=\"twitter:data1\" content=\"3 minutes\" \/>\n<script type=\"application\/ld+json\" class=\"yoast-schema-graph\">{\"@context\":\"https:\/\/schema.org\",\"@graph\":[{\"@type\":\"WebPage\",\"@id\":\"https:\/\/miserecords.com\/?page_id=304\",\"url\":\"https:\/\/miserecords.com\/?page_id=304\",\"name\":\"TITUS D'ENFER - Mis\u00e8Records\",\"isPartOf\":{\"@id\":\"https:\/\/miserecords.com\/#website\"},\"primaryImageOfPage\":{\"@id\":\"https:\/\/miserecords.com\/?page_id=304#primaryimage\"},\"image\":{\"@id\":\"https:\/\/miserecords.com\/?page_id=304#primaryimage\"},\"thumbnailUrl\":\"https:\/\/miserecords.com\/wp-content\/uploads\/2023\/04\/Capture-decran-2023-04-25-a-13.43.45-936x1024.png\",\"datePublished\":\"2025-01-13T15:01:02+00:00\",\"dateModified\":\"2025-02-11T15:14:55+00:00\",\"breadcrumb\":{\"@id\":\"https:\/\/miserecords.com\/?page_id=304#breadcrumb\"},\"inLanguage\":\"fr-FR\",\"potentialAction\":[{\"@type\":\"ReadAction\",\"target\":[\"https:\/\/miserecords.com\/?page_id=304\"]}]},{\"@type\":\"ImageObject\",\"inLanguage\":\"fr-FR\",\"@id\":\"https:\/\/miserecords.com\/?page_id=304#primaryimage\",\"url\":\"https:\/\/miserecords.com\/wp-content\/uploads\/2023\/04\/Capture-decran-2023-04-25-a-13.43.45.png\",\"contentUrl\":\"https:\/\/miserecords.com\/wp-content\/uploads\/2023\/04\/Capture-decran-2023-04-25-a-13.43.45.png\",\"width\":980,\"height\":1072},{\"@type\":\"BreadcrumbList\",\"@id\":\"https:\/\/miserecords.com\/?page_id=304#breadcrumb\",\"itemListElement\":[{\"@type\":\"ListItem\",\"position\":1,\"name\":\"Accueil\",\"item\":\"https:\/\/miserecords.com\/\"},{\"@type\":\"ListItem\",\"position\":2,\"name\":\"TITUS D&rsquo;ENFER\"}]},{\"@type\":\"WebSite\",\"@id\":\"https:\/\/miserecords.com\/#website\",\"url\":\"https:\/\/miserecords.com\/\",\"name\":\"Mis\u00e8Records\",\"description\":\"\",\"potentialAction\":[{\"@type\":\"SearchAction\",\"target\":{\"@type\":\"EntryPoint\",\"urlTemplate\":\"https:\/\/miserecords.com\/?s={search_term_string}\"},\"query-input\":{\"@type\":\"PropertyValueSpecification\",\"valueRequired\":true,\"valueName\":\"search_term_string\"}}],\"inLanguage\":\"fr-FR\"}]}<\/script>\n<!-- \/ Yoast SEO plugin. -->","yoast_head_json":{"title":"TITUS D'ENFER - Mis\u00e8Records","robots":{"index":"index","follow":"follow","max-snippet":"max-snippet:-1","max-image-preview":"max-image-preview:large","max-video-preview":"max-video-preview:-1"},"canonical":"https:\/\/miserecords.com\/?page_id=304","og_locale":"fr_FR","og_type":"article","og_title":"TITUS D'ENFER - Mis\u00e8Records","og_description":"pop d\u00e9sax\u00e9e &amp; \u00e9pique (musique postpop \/ mathpop) Titus d\u2019Enfer est le 22\u00e8me roi de la prestigieuse famille d\u2019Enfer. Apr\u00e8s l\u2019incendie de la biblioth\u00e8que en l\u2019an 22, o\u00f9 p\u00e9rit la totalit\u00e9 de sa famille et de ses sujets, le brave Titus, confront\u00e9 \u00e0 lui- m\u00eame, abandonna son ch\u00e2teau. Le voici parmi vous, pauvre et bossu, [&hellip;]","og_url":"https:\/\/miserecords.com\/?page_id=304","og_site_name":"Mis\u00e8Records","article_modified_time":"2025-02-11T15:14:55+00:00","og_image":[{"width":980,"height":1072,"url":"https:\/\/miserecords.com\/wp-content\/uploads\/2023\/04\/Capture-decran-2023-04-25-a-13.43.45.png","type":"image\/png"}],"twitter_card":"summary_large_image","twitter_misc":{"Dur\u00e9e de lecture estim\u00e9e":"3 minutes"},"schema":{"@context":"https:\/\/schema.org","@graph":[{"@type":"WebPage","@id":"https:\/\/miserecords.com\/?page_id=304","url":"https:\/\/miserecords.com\/?page_id=304","name":"TITUS D'ENFER - Mis\u00e8Records","isPartOf":{"@id":"https:\/\/miserecords.com\/#website"},"primaryImageOfPage":{"@id":"https:\/\/miserecords.com\/?page_id=304#primaryimage"},"image":{"@id":"https:\/\/miserecords.com\/?page_id=304#primaryimage"},"thumbnailUrl":"https:\/\/miserecords.com\/wp-content\/uploads\/2023\/04\/Capture-decran-2023-04-25-a-13.43.45-936x1024.png","datePublished":"2025-01-13T15:01:02+00:00","dateModified":"2025-02-11T15:14:55+00:00","breadcrumb":{"@id":"https:\/\/miserecords.com\/?page_id=304#breadcrumb"},"inLanguage":"fr-FR","potentialAction":[{"@type":"ReadAction","target":["https:\/\/miserecords.com\/?page_id=304"]}]},{"@type":"ImageObject","inLanguage":"fr-FR","@id":"https:\/\/miserecords.com\/?page_id=304#primaryimage","url":"https:\/\/miserecords.com\/wp-content\/uploads\/2023\/04\/Capture-decran-2023-04-25-a-13.43.45.png","contentUrl":"https:\/\/miserecords.com\/wp-content\/uploads\/2023\/04\/Capture-decran-2023-04-25-a-13.43.45.png","width":980,"height":1072},{"@type":"BreadcrumbList","@id":"https:\/\/miserecords.com\/?page_id=304#breadcrumb","itemListElement":[{"@type":"ListItem","position":1,"name":"Accueil","item":"https:\/\/miserecords.com\/"},{"@type":"ListItem","position":2,"name":"TITUS D&rsquo;ENFER"}]},{"@type":"WebSite","@id":"https:\/\/miserecords.com\/#website","url":"https:\/\/miserecords.com\/","name":"Mis\u00e8Records","description":"","potentialAction":[{"@type":"SearchAction","target":{"@type":"EntryPoint","urlTemplate":"https:\/\/miserecords.com\/?s={search_term_string}"},"query-input":{"@type":"PropertyValueSpecification","valueRequired":true,"valueName":"search_term_string"}}],"inLanguage":"fr-FR"}]}},"_links":{"self":[{"href":"https:\/\/miserecords.com\/index.php?rest_route=\/wp\/v2\/pages\/304","targetHints":{"allow":["GET"]}}],"collection":[{"href":"https:\/\/miserecords.com\/index.php?rest_route=\/wp\/v2\/pages"}],"about":[{"href":"https:\/\/miserecords.com\/index.php?rest_route=\/wp\/v2\/types\/page"}],"author":[{"embeddable":true,"href":"https:\/\/miserecords.com\/index.php?rest_route=\/wp\/v2\/users\/1"}],"replies":[{"embeddable":true,"href":"https:\/\/miserecords.com\/index.php?rest_route=%2Fwp%2Fv2%2Fcomments&post=304"}],"version-history":[{"count":8,"href":"https:\/\/miserecords.com\/index.php?rest_route=\/wp\/v2\/pages\/304\/revisions"}],"predecessor-version":[{"id":470,"href":"https:\/\/miserecords.com\/index.php?rest_route=\/wp\/v2\/pages\/304\/revisions\/470"}],"wp:attachment":[{"href":"https:\/\/miserecords.com\/index.php?rest_route=%2Fwp%2Fv2%2Fmedia&parent=304"}],"curies":[{"name":"wp","href":"https:\/\/api.w.org\/{rel}","templated":true}]}}