{"id":296,"date":"2025-01-13T14:53:29","date_gmt":"2025-01-13T14:53:29","guid":{"rendered":"https:\/\/miserecords.com\/?page_id=296"},"modified":"2025-02-11T15:12:52","modified_gmt":"2025-02-11T15:12:52","slug":"nou%d1%8fiture","status":"publish","type":"page","link":"https:\/\/miserecords.com\/?page_id=296","title":{"rendered":"Nou\u044fiture"},"content":{"rendered":"\n<p><strong>MindFuckRock (psychrock progressif)<\/strong><\/p>\n\n\n\n<div class=\"wp-block-media-text is-stacked-on-mobile\"><figure class=\"wp-block-media-text__media\"><img fetchpriority=\"high\" decoding=\"async\" width=\"720\" height=\"572\" src=\"https:\/\/miserecords.com\/wp-content\/uploads\/2025\/01\/Capture-decran-2025-01-13-a-15.47.52.png\" alt=\"\" class=\"wp-image-297 size-full\" srcset=\"https:\/\/miserecords.com\/wp-content\/uploads\/2025\/01\/Capture-decran-2025-01-13-a-15.47.52.png 720w, https:\/\/miserecords.com\/wp-content\/uploads\/2025\/01\/Capture-decran-2025-01-13-a-15.47.52-300x238.png 300w\" sizes=\"(max-width: 720px) 100vw, 720px\" \/><\/figure><div class=\"wp-block-media-text__content\">\n<p class=\"animated backInDown has-small-font-size\"><strong>Form\u00e9 en 2016 \u00e0 Paris, Nouriture est un groupe de mindfuckrock, style musical hybride n\u00e9 de la fusion du rock psych\u00e9, du prog, du grunge et du punk, le tout saupoudr\u00e9 d\u2019une bonne dose de second degr\u00e9 et de th\u00e9\u00e2tralit\u00e9. Chaque album raconte une histoire surr\u00e9aliste et loufoque \u00e0 grands coups de voyage interstellaire, de raves galactiques et de banquets sous hallucinog\u00e8nes.<\/strong><\/p>\n\n\n\n<p class=\"animated backInRight has-small-font-size\">C\u2019est sur la sc\u00e8ne que leur musique prend toute son ampleur :<br>chaque concert est pens\u00e9 comme un v\u00e9ritable show, sorte de pi\u00e8ce de th\u00e9\u00e2tre punk et tribale entre Frank Zappa, les Melvins et les Monty Python. La sc\u00e9nographie est un \u00e9l\u00e9ment central des prestations, avec du VJing, des costumes et des d\u00e9cors au service de la trame narrative de l\u2019album.<br>Aux danses endiabl\u00e9es et pogos fr\u00e9n\u00e9tiques succ\u00e8dent des gros break- downs des familles, apais\u00e9s seulement par un sacrifice de past\u00e8que.<br>De longues plages planantes viennent offrir un petit d\u00e9tour<br>dans l\u2019espace, avant un atterrissage en douceur&#8230;<\/p>\n<\/div><\/div>\n\n\n\n<div id=\"wp-block-themeisle-blocks-advanced-columns-ba2c97ef\" class=\"wp-block-themeisle-blocks-advanced-columns has-2-columns has-desktop-equal-layout has-tablet-equal-layout has-mobile-collapsedRows-layout has-vertical-unset\"><div class=\"wp-block-themeisle-blocks-advanced-columns-overlay\"><\/div><div class=\"innerblocks-wrap\">\n<div id=\"wp-block-themeisle-blocks-advanced-column-b811eaac\" class=\"wp-block-themeisle-blocks-advanced-column\">\n<div class=\"wp-block-media-text has-media-on-the-right is-stacked-on-mobile animated backInLeft has-three-color has-text-color has-link-color wp-elements-bcddc76931f7359d25b51ba3c4b48c17\"><div class=\"wp-block-media-text__content\">\n<p class=\"has-small-font-size\"><strong>BARBARA VOL.1 <\/strong><strong>PASTEQUE PLANET<\/strong><\/p>\n\n\n\n<p class=\"has-small-font-size\"><strong>MARS 2024<\/strong><\/p>\n\n\n\n<p class=\"has-small-font-size\"><em>Apr\u00e8s avoir r\u00e9gal\u00e9 vos oreilles des d\u00e9lices de \u201cKreg\u2019s adventure\u201d *,<br>les cuistots de NOU<\/em><em>\u042f<\/em><em>ITURE vous proposent de d\u00e9couvrir des saveurs nouvelles, assaisonn\u00e9es d\u2019un m\u00e9lange d\u2019\u00e9pices venues des quatre coins du monde. \u00abBarbara Vol.1 &#8211; Past\u00e8que Planet\u00bb, le nouvel opus du groupe, est un concept-album de 15 titres (1h15), enregistr\u00e9 et produit par La Canop\u00e9e Studio (Ch\u00e2tenay-Malabry), et d\u00e9voilant une histoire exclusive, illustr\u00e9e dans une bande dessin\u00e9e 50 pages couleur.<br>La cuisson est d\u00e9sormais termin\u00e9e. Il n\u2019y a plus qu\u2019\u00e0 servir !<\/em><\/p>\n<\/div><figure class=\"wp-block-media-text__media\"><img decoding=\"async\" width=\"280\" height=\"278\" src=\"https:\/\/miserecords.com\/wp-content\/uploads\/2025\/01\/Capture-decran-2025-01-13-a-15.50.09.png\" alt=\"\" class=\"wp-image-299 size-full\" srcset=\"https:\/\/miserecords.com\/wp-content\/uploads\/2025\/01\/Capture-decran-2025-01-13-a-15.50.09.png 280w, https:\/\/miserecords.com\/wp-content\/uploads\/2025\/01\/Capture-decran-2025-01-13-a-15.50.09-150x150.png 150w\" sizes=\"(max-width: 280px) 100vw, 280px\" \/><\/figure><\/div>\n<\/div>\n\n\n\n<div id=\"wp-block-themeisle-blocks-advanced-column-badfebca\" class=\"wp-block-themeisle-blocks-advanced-column animated backInRight\">\n<div class=\"wp-block-media-text has-media-on-the-right is-stacked-on-mobile has-small-font-size\"><div class=\"wp-block-media-text__content\">\n<p class=\"has-three-color has-text-color has-link-color wp-elements-4c7ee9841f3700b870ef1586ce3b64bb\"><strong>A partag\u00e9 la sc\u00e8ne avec :<\/strong><\/p>\n\n\n\n<p class=\"has-three-color has-text-color has-link-color wp-elements-f5935ceccd9984911835151c47f8d28f\">ZARBOTH, BARON CR\u00c2NE, <br>M-O-M, SUPER SANS PLOMB, NUMA, DON VITO, THE BIG IDEA, DRIVE WITH A DEAD GIRL&#8230; dans des lieux tels que LE SUPERSONIC, LA CANTINE DE BELLEVILLE, L\u2019INTERNATIONNAL, L\u2019OLYMPIC CAF\u00c9, LA BRAT CAVE, LE CIRQUE ELECTRIQUE, L\u2019ALIMENTATION G\u00c9N\u00c9RALE, LA PAROLE ERRANTE, LE CHINOIS DE MONTREUIL&#8230;<\/p>\n<\/div><figure class=\"wp-block-media-text__media\"><img decoding=\"async\" width=\"314\" height=\"318\" src=\"https:\/\/miserecords.com\/wp-content\/uploads\/2025\/01\/Capture-decran-2025-01-13-a-15.51.16.png\" alt=\"\" class=\"wp-image-300 size-full\" srcset=\"https:\/\/miserecords.com\/wp-content\/uploads\/2025\/01\/Capture-decran-2025-01-13-a-15.51.16.png 314w, https:\/\/miserecords.com\/wp-content\/uploads\/2025\/01\/Capture-decran-2025-01-13-a-15.51.16-296x300.png 296w\" sizes=\"(max-width: 314px) 100vw, 314px\" \/><\/figure><\/div>\n<\/div>\n<\/div><\/div>\n\n\n\n<p class=\"has-text-align-center\"><strong>R\u00e9seaux sociaux : <\/strong><\/p>\n\n\n\n<ul class=\"wp-block-social-links aligncenter has-large-icon-size is-layout-flex wp-block-social-links-is-layout-flex\"><li class=\"wp-social-link wp-social-link-instagram  wp-block-social-link\"><a href=\"https:\/\/www.instagram.com\/nouriture_band\/\" class=\"wp-block-social-link-anchor\"><svg width=\"24\" height=\"24\" viewBox=\"0 0 24 24\" version=\"1.1\" xmlns=\"http:\/\/www.w3.org\/2000\/svg\" aria-hidden=\"true\" focusable=\"false\"><path d=\"M12,4.622c2.403,0,2.688,0.009,3.637,0.052c0.877,0.04,1.354,0.187,1.671,0.31c0.42,0.163,0.72,0.358,1.035,0.673 c0.315,0.315,0.51,0.615,0.673,1.035c0.123,0.317,0.27,0.794,0.31,1.671c0.043,0.949,0.052,1.234,0.052,3.637 s-0.009,2.688-0.052,3.637c-0.04,0.877-0.187,1.354-0.31,1.671c-0.163,0.42-0.358,0.72-0.673,1.035 c-0.315,0.315-0.615,0.51-1.035,0.673c-0.317,0.123-0.794,0.27-1.671,0.31c-0.949,0.043-1.233,0.052-3.637,0.052 s-2.688-0.009-3.637-0.052c-0.877-0.04-1.354-0.187-1.671-0.31c-0.42-0.163-0.72-0.358-1.035-0.673 c-0.315-0.315-0.51-0.615-0.673-1.035c-0.123-0.317-0.27-0.794-0.31-1.671C4.631,14.688,4.622,14.403,4.622,12 s0.009-2.688,0.052-3.637c0.04-0.877,0.187-1.354,0.31-1.671c0.163-0.42,0.358-0.72,0.673-1.035 c0.315-0.315,0.615-0.51,1.035-0.673c0.317-0.123,0.794-0.27,1.671-0.31C9.312,4.631,9.597,4.622,12,4.622 M12,3 C9.556,3,9.249,3.01,8.289,3.054C7.331,3.098,6.677,3.25,6.105,3.472C5.513,3.702,5.011,4.01,4.511,4.511 c-0.5,0.5-0.808,1.002-1.038,1.594C3.25,6.677,3.098,7.331,3.054,8.289C3.01,9.249,3,9.556,3,12c0,2.444,0.01,2.751,0.054,3.711 c0.044,0.958,0.196,1.612,0.418,2.185c0.23,0.592,0.538,1.094,1.038,1.594c0.5,0.5,1.002,0.808,1.594,1.038 c0.572,0.222,1.227,0.375,2.185,0.418C9.249,20.99,9.556,21,12,21s2.751-0.01,3.711-0.054c0.958-0.044,1.612-0.196,2.185-0.418 c0.592-0.23,1.094-0.538,1.594-1.038c0.5-0.5,0.808-1.002,1.038-1.594c0.222-0.572,0.375-1.227,0.418-2.185 C20.99,14.751,21,14.444,21,12s-0.01-2.751-0.054-3.711c-0.044-0.958-0.196-1.612-0.418-2.185c-0.23-0.592-0.538-1.094-1.038-1.594 c-0.5-0.5-1.002-0.808-1.594-1.038c-0.572-0.222-1.227-0.375-2.185-0.418C14.751,3.01,14.444,3,12,3L12,3z M12,7.378 c-2.552,0-4.622,2.069-4.622,4.622S9.448,16.622,12,16.622s4.622-2.069,4.622-4.622S14.552,7.378,12,7.378z M12,15 c-1.657,0-3-1.343-3-3s1.343-3,3-3s3,1.343,3,3S13.657,15,12,15z M16.804,6.116c-0.596,0-1.08,0.484-1.08,1.08 s0.484,1.08,1.08,1.08c0.596,0,1.08-0.484,1.08-1.08S17.401,6.116,16.804,6.116z\"><\/path><\/svg><span class=\"wp-block-social-link-label screen-reader-text\">Instagram<\/span><\/a><\/li>\n\n<li class=\"wp-social-link wp-social-link-facebook  wp-block-social-link\"><a href=\"https:\/\/www.facebook.com\/NOURITURE\" class=\"wp-block-social-link-anchor\"><svg width=\"24\" height=\"24\" viewBox=\"0 0 24 24\" version=\"1.1\" xmlns=\"http:\/\/www.w3.org\/2000\/svg\" aria-hidden=\"true\" focusable=\"false\"><path d=\"M12 2C6.5 2 2 6.5 2 12c0 5 3.7 9.1 8.4 9.9v-7H7.9V12h2.5V9.8c0-2.5 1.5-3.9 3.8-3.9 1.1 0 2.2.2 2.2.2v2.5h-1.3c-1.2 0-1.6.8-1.6 1.6V12h2.8l-.4 2.9h-2.3v7C18.3 21.1 22 17 22 12c0-5.5-4.5-10-10-10z\"><\/path><\/svg><span class=\"wp-block-social-link-label screen-reader-text\">Facebook<\/span><\/a><\/li>\n\n<li class=\"wp-social-link wp-social-link-spotify  wp-block-social-link\"><a href=\"https:\/\/open.spotify.com\/intl-fr\/artist\/6gKIAOjlHlhBJMbq2aJe3w?si=YvmrGhl-RJuQsD5kurWlkA\" class=\"wp-block-social-link-anchor\"><svg width=\"24\" height=\"24\" viewBox=\"0 0 24 24\" version=\"1.1\" xmlns=\"http:\/\/www.w3.org\/2000\/svg\" aria-hidden=\"true\" focusable=\"false\"><path d=\"M12,2C6.477,2,2,6.477,2,12c0,5.523,4.477,10,10,10c5.523,0,10-4.477,10-10C22,6.477,17.523,2,12,2 M16.586,16.424 c-0.18,0.295-0.563,0.387-0.857,0.207c-2.348-1.435-5.304-1.76-8.785-0.964c-0.335,0.077-0.67-0.133-0.746-0.469 c-0.077-0.335,0.132-0.67,0.469-0.746c3.809-0.871,7.077-0.496,9.713,1.115C16.673,15.746,16.766,16.13,16.586,16.424 M17.81,13.7 c-0.226,0.367-0.706,0.482-1.072,0.257c-2.687-1.652-6.785-2.131-9.965-1.166C6.36,12.917,5.925,12.684,5.8,12.273 C5.675,11.86,5.908,11.425,6.32,11.3c3.632-1.102,8.147-0.568,11.234,1.328C17.92,12.854,18.035,13.335,17.81,13.7 M17.915,10.865 c-3.223-1.914-8.54-2.09-11.618-1.156C5.804,9.859,5.281,9.58,5.131,9.086C4.982,8.591,5.26,8.069,5.755,7.919 c3.532-1.072,9.404-0.865,13.115,1.338c0.445,0.264,0.59,0.838,0.327,1.282C18.933,10.983,18.359,11.129,17.915,10.865\"><\/path><\/svg><span class=\"wp-block-social-link-label screen-reader-text\">Spotify<\/span><\/a><\/li><\/ul>\n\n\n\n<figure class=\"wp-block-embed is-type-rich is-provider-spotify wp-block-embed-spotify wp-embed-aspect-21-9 wp-has-aspect-ratio animated fadeIn slow\"><div class=\"wp-block-embed__wrapper\">\n<iframe title=\"Spotify Embed: Nouriture\" style=\"border-radius: 12px\" width=\"100%\" height=\"352\" frameborder=\"0\" allowfullscreen allow=\"autoplay; clipboard-write; encrypted-media; fullscreen; picture-in-picture\" loading=\"lazy\" src=\"https:\/\/open.spotify.com\/embed\/artist\/6gKIAOjlHlhBJMbq2aJe3w?si=YvmrGhl-RJuQsD5kurWlkA&#038;nd=1&#038;dlsi=7bda48efa08c4c6d&#038;utm_source=oembed\"><\/iframe>\n<\/div><\/figure>\n\n\n\n<p><\/p>\n","protected":false},"excerpt":{"rendered":"<p>MindFuckRock (psychrock progressif) Form\u00e9 en 2016 \u00e0 Paris, Nouriture est un groupe de mindfuckrock, style musical hybride n\u00e9 de la fusion du rock psych\u00e9, du prog, du grunge et du punk, le tout saupoudr\u00e9 d\u2019une bonne dose de second degr\u00e9 et de th\u00e9\u00e2tralit\u00e9. Chaque album raconte une histoire surr\u00e9aliste et loufoque \u00e0 grands coups de [&hellip;]<\/p>\n","protected":false},"author":1,"featured_media":0,"parent":0,"menu_order":0,"comment_status":"closed","ping_status":"closed","template":"","meta":{"_themeisle_gutenberg_block_has_review":false,"footnotes":""},"class_list":["post-296","page","type-page","status-publish","hentry"],"yoast_head":"<!-- This site is optimized with the Yoast SEO plugin v27.1.1 - https:\/\/yoast.com\/product\/yoast-seo-wordpress\/ -->\n<title>Nou\u044fiture - Mis\u00e8Records<\/title>\n<meta name=\"robots\" content=\"index, follow, max-snippet:-1, max-image-preview:large, max-video-preview:-1\" \/>\n<link rel=\"canonical\" href=\"https:\/\/miserecords.com\/?page_id=296\" \/>\n<meta property=\"og:locale\" content=\"fr_FR\" \/>\n<meta property=\"og:type\" content=\"article\" \/>\n<meta property=\"og:title\" content=\"Nou\u044fiture - Mis\u00e8Records\" \/>\n<meta property=\"og:description\" content=\"MindFuckRock (psychrock progressif) Form\u00e9 en 2016 \u00e0 Paris, Nouriture est un groupe de mindfuckrock, style musical hybride n\u00e9 de la fusion du rock psych\u00e9, du prog, du grunge et du punk, le tout saupoudr\u00e9 d\u2019une bonne dose de second degr\u00e9 et de th\u00e9\u00e2tralit\u00e9. Chaque album raconte une histoire surr\u00e9aliste et loufoque \u00e0 grands coups de [&hellip;]\" \/>\n<meta property=\"og:url\" content=\"https:\/\/miserecords.com\/?page_id=296\" \/>\n<meta property=\"og:site_name\" content=\"Mis\u00e8Records\" \/>\n<meta property=\"article:modified_time\" content=\"2025-02-11T15:12:52+00:00\" \/>\n<meta property=\"og:image\" content=\"https:\/\/miserecords.com\/wp-content\/uploads\/2025\/01\/Capture-decran-2025-01-13-a-15.47.52.png\" \/>\n\t<meta property=\"og:image:width\" content=\"720\" \/>\n\t<meta property=\"og:image:height\" content=\"572\" \/>\n\t<meta property=\"og:image:type\" content=\"image\/png\" \/>\n<meta name=\"twitter:card\" content=\"summary_large_image\" \/>\n<meta name=\"twitter:label1\" content=\"Dur\u00e9e de lecture estim\u00e9e\" \/>\n\t<meta name=\"twitter:data1\" content=\"3 minutes\" \/>\n<script type=\"application\/ld+json\" class=\"yoast-schema-graph\">{\"@context\":\"https:\/\/schema.org\",\"@graph\":[{\"@type\":\"WebPage\",\"@id\":\"https:\/\/miserecords.com\/?page_id=296\",\"url\":\"https:\/\/miserecords.com\/?page_id=296\",\"name\":\"Nou\u044fiture - Mis\u00e8Records\",\"isPartOf\":{\"@id\":\"https:\/\/miserecords.com\/#website\"},\"primaryImageOfPage\":{\"@id\":\"https:\/\/miserecords.com\/?page_id=296#primaryimage\"},\"image\":{\"@id\":\"https:\/\/miserecords.com\/?page_id=296#primaryimage\"},\"thumbnailUrl\":\"https:\/\/miserecords.com\/wp-content\/uploads\/2025\/01\/Capture-decran-2025-01-13-a-15.47.52.png\",\"datePublished\":\"2025-01-13T14:53:29+00:00\",\"dateModified\":\"2025-02-11T15:12:52+00:00\",\"breadcrumb\":{\"@id\":\"https:\/\/miserecords.com\/?page_id=296#breadcrumb\"},\"inLanguage\":\"fr-FR\",\"potentialAction\":[{\"@type\":\"ReadAction\",\"target\":[\"https:\/\/miserecords.com\/?page_id=296\"]}]},{\"@type\":\"ImageObject\",\"inLanguage\":\"fr-FR\",\"@id\":\"https:\/\/miserecords.com\/?page_id=296#primaryimage\",\"url\":\"https:\/\/miserecords.com\/wp-content\/uploads\/2025\/01\/Capture-decran-2025-01-13-a-15.47.52.png\",\"contentUrl\":\"https:\/\/miserecords.com\/wp-content\/uploads\/2025\/01\/Capture-decran-2025-01-13-a-15.47.52.png\",\"width\":720,\"height\":572},{\"@type\":\"BreadcrumbList\",\"@id\":\"https:\/\/miserecords.com\/?page_id=296#breadcrumb\",\"itemListElement\":[{\"@type\":\"ListItem\",\"position\":1,\"name\":\"Accueil\",\"item\":\"https:\/\/miserecords.com\/\"},{\"@type\":\"ListItem\",\"position\":2,\"name\":\"Nou\u044fiture\"}]},{\"@type\":\"WebSite\",\"@id\":\"https:\/\/miserecords.com\/#website\",\"url\":\"https:\/\/miserecords.com\/\",\"name\":\"Mis\u00e8Records\",\"description\":\"\",\"potentialAction\":[{\"@type\":\"SearchAction\",\"target\":{\"@type\":\"EntryPoint\",\"urlTemplate\":\"https:\/\/miserecords.com\/?s={search_term_string}\"},\"query-input\":{\"@type\":\"PropertyValueSpecification\",\"valueRequired\":true,\"valueName\":\"search_term_string\"}}],\"inLanguage\":\"fr-FR\"}]}<\/script>\n<!-- \/ Yoast SEO plugin. -->","yoast_head_json":{"title":"Nou\u044fiture - Mis\u00e8Records","robots":{"index":"index","follow":"follow","max-snippet":"max-snippet:-1","max-image-preview":"max-image-preview:large","max-video-preview":"max-video-preview:-1"},"canonical":"https:\/\/miserecords.com\/?page_id=296","og_locale":"fr_FR","og_type":"article","og_title":"Nou\u044fiture - Mis\u00e8Records","og_description":"MindFuckRock (psychrock progressif) Form\u00e9 en 2016 \u00e0 Paris, Nouriture est un groupe de mindfuckrock, style musical hybride n\u00e9 de la fusion du rock psych\u00e9, du prog, du grunge et du punk, le tout saupoudr\u00e9 d\u2019une bonne dose de second degr\u00e9 et de th\u00e9\u00e2tralit\u00e9. Chaque album raconte une histoire surr\u00e9aliste et loufoque \u00e0 grands coups de [&hellip;]","og_url":"https:\/\/miserecords.com\/?page_id=296","og_site_name":"Mis\u00e8Records","article_modified_time":"2025-02-11T15:12:52+00:00","og_image":[{"width":720,"height":572,"url":"https:\/\/miserecords.com\/wp-content\/uploads\/2025\/01\/Capture-decran-2025-01-13-a-15.47.52.png","type":"image\/png"}],"twitter_card":"summary_large_image","twitter_misc":{"Dur\u00e9e de lecture estim\u00e9e":"3 minutes"},"schema":{"@context":"https:\/\/schema.org","@graph":[{"@type":"WebPage","@id":"https:\/\/miserecords.com\/?page_id=296","url":"https:\/\/miserecords.com\/?page_id=296","name":"Nou\u044fiture - Mis\u00e8Records","isPartOf":{"@id":"https:\/\/miserecords.com\/#website"},"primaryImageOfPage":{"@id":"https:\/\/miserecords.com\/?page_id=296#primaryimage"},"image":{"@id":"https:\/\/miserecords.com\/?page_id=296#primaryimage"},"thumbnailUrl":"https:\/\/miserecords.com\/wp-content\/uploads\/2025\/01\/Capture-decran-2025-01-13-a-15.47.52.png","datePublished":"2025-01-13T14:53:29+00:00","dateModified":"2025-02-11T15:12:52+00:00","breadcrumb":{"@id":"https:\/\/miserecords.com\/?page_id=296#breadcrumb"},"inLanguage":"fr-FR","potentialAction":[{"@type":"ReadAction","target":["https:\/\/miserecords.com\/?page_id=296"]}]},{"@type":"ImageObject","inLanguage":"fr-FR","@id":"https:\/\/miserecords.com\/?page_id=296#primaryimage","url":"https:\/\/miserecords.com\/wp-content\/uploads\/2025\/01\/Capture-decran-2025-01-13-a-15.47.52.png","contentUrl":"https:\/\/miserecords.com\/wp-content\/uploads\/2025\/01\/Capture-decran-2025-01-13-a-15.47.52.png","width":720,"height":572},{"@type":"BreadcrumbList","@id":"https:\/\/miserecords.com\/?page_id=296#breadcrumb","itemListElement":[{"@type":"ListItem","position":1,"name":"Accueil","item":"https:\/\/miserecords.com\/"},{"@type":"ListItem","position":2,"name":"Nou\u044fiture"}]},{"@type":"WebSite","@id":"https:\/\/miserecords.com\/#website","url":"https:\/\/miserecords.com\/","name":"Mis\u00e8Records","description":"","potentialAction":[{"@type":"SearchAction","target":{"@type":"EntryPoint","urlTemplate":"https:\/\/miserecords.com\/?s={search_term_string}"},"query-input":{"@type":"PropertyValueSpecification","valueRequired":true,"valueName":"search_term_string"}}],"inLanguage":"fr-FR"}]}},"_links":{"self":[{"href":"https:\/\/miserecords.com\/index.php?rest_route=\/wp\/v2\/pages\/296","targetHints":{"allow":["GET"]}}],"collection":[{"href":"https:\/\/miserecords.com\/index.php?rest_route=\/wp\/v2\/pages"}],"about":[{"href":"https:\/\/miserecords.com\/index.php?rest_route=\/wp\/v2\/types\/page"}],"author":[{"embeddable":true,"href":"https:\/\/miserecords.com\/index.php?rest_route=\/wp\/v2\/users\/1"}],"replies":[{"embeddable":true,"href":"https:\/\/miserecords.com\/index.php?rest_route=%2Fwp%2Fv2%2Fcomments&post=296"}],"version-history":[{"count":5,"href":"https:\/\/miserecords.com\/index.php?rest_route=\/wp\/v2\/pages\/296\/revisions"}],"predecessor-version":[{"id":468,"href":"https:\/\/miserecords.com\/index.php?rest_route=\/wp\/v2\/pages\/296\/revisions\/468"}],"wp:attachment":[{"href":"https:\/\/miserecords.com\/index.php?rest_route=%2Fwp%2Fv2%2Fmedia&parent=296"}],"curies":[{"name":"wp","href":"https:\/\/api.w.org\/{rel}","templated":true}]}}