{"id":162,"date":"2023-04-25T15:25:33","date_gmt":"2023-04-25T15:25:33","guid":{"rendered":"https:\/\/miserecords.com\/?page_id=162"},"modified":"2025-11-07T12:51:16","modified_gmt":"2025-11-07T12:51:16","slug":"a-propos-de-miserecords","status":"publish","type":"page","link":"https:\/\/miserecords.com\/?page_id=162","title":{"rendered":"MYTHOLOGIE"},"content":{"rendered":"\n<div class=\"wp-block-media-text has-media-on-the-right is-stacked-on-mobile animated backInUp has-luminous-vivid-amber-color has-three-background-color has-text-color has-background has-link-color wp-elements-0800e04ca5220cf0f21dac90763f2a5b\" style=\"grid-template-columns:auto 32%\"><div class=\"wp-block-media-text__content\">\n<p class=\"has-custom-couleur-4-color has-text-color has-link-color has-midsmall-font-size wp-elements-7c03d711ba19b77f652e0fbc238d4758\"><strong>Cr\u00e9\u00e9 en 2009 par Mahabdi, Mis\u00e8Records a \u00e9t\u00e9 imagin\u00e9 comme un regroupement m\u00e9diatique avant tout au service des musiques ind\u00e9pendantes&#8230; mais est-ce bien suffisant apr\u00e8s tout ?<\/strong><br><strong>Label, productions musicales, concerts, conseils &amp; relations presse \/ promo \/ r\u00e9seaux sociaux, vid\u00e9os, reportages, clips, court-m\u00e9trages, \u00e9missions et jeux en streaming&#8230; Voil\u00e0 c\u2019est mieux. Au service d\u2019une certaine id\u00e9e de la culture. On est dans le divertissement quoi.?<\/strong><\/p>\n<\/div><figure class=\"wp-block-media-text__media\"><img fetchpriority=\"high\" decoding=\"async\" width=\"1024\" height=\"1024\" src=\"https:\/\/miserecords.com\/wp-content\/uploads\/2023\/04\/MREC-logo-1080x1080-fond-noir-1024x1024.png\" alt=\"\" class=\"wp-image-203 size-full\" srcset=\"https:\/\/miserecords.com\/wp-content\/uploads\/2023\/04\/MREC-logo-1080x1080-fond-noir-1024x1024.png 1024w, https:\/\/miserecords.com\/wp-content\/uploads\/2023\/04\/MREC-logo-1080x1080-fond-noir-300x300.png 300w, https:\/\/miserecords.com\/wp-content\/uploads\/2023\/04\/MREC-logo-1080x1080-fond-noir-150x150.png 150w, https:\/\/miserecords.com\/wp-content\/uploads\/2023\/04\/MREC-logo-1080x1080-fond-noir-768x768.png 768w, https:\/\/miserecords.com\/wp-content\/uploads\/2023\/04\/MREC-logo-1080x1080-fond-noir.png 1080w\" sizes=\"(max-width: 1024px) 100vw, 1024px\" \/><\/figure><\/div>\n\n\n\n<div class=\"wp-block-media-text alignfull is-stacked-on-mobile animated fadeIn slower has-four-color has-text-color has-link-color wp-elements-a37d95608e8cd225e19e33bbfe259db8\" style=\"grid-template-columns:31% auto\"><figure class=\"wp-block-media-text__media\"><img decoding=\"async\" width=\"842\" height=\"1024\" src=\"https:\/\/miserecords.com\/wp-content\/uploads\/2025\/11\/EL-JEFFE-842x1024.jpg\" alt=\"\" class=\"wp-image-514 size-full\" srcset=\"https:\/\/miserecords.com\/wp-content\/uploads\/2025\/11\/EL-JEFFE-842x1024.jpg 842w, https:\/\/miserecords.com\/wp-content\/uploads\/2025\/11\/EL-JEFFE-247x300.jpg 247w, https:\/\/miserecords.com\/wp-content\/uploads\/2025\/11\/EL-JEFFE-768x933.jpg 768w, https:\/\/miserecords.com\/wp-content\/uploads\/2025\/11\/EL-JEFFE-1264x1536.jpg 1264w, https:\/\/miserecords.com\/wp-content\/uploads\/2025\/11\/EL-JEFFE.jpg 1666w\" sizes=\"(max-width: 842px) 100vw, 842px\" \/><\/figure><div class=\"wp-block-media-text__content\">\n<p><\/p>\n\n\n\n<p class=\"has-four-color has-text-color has-link-color has-midsmall-font-size wp-elements-7e42224ceee3f543b4e0b3e3746836ca\"><strong>CEO ENTREPRENEUR, BORN IN 1666. ALEX D. MAHABDI.<br>NOTRE GRAND PATRON AVEC SA BELLE CHEMISE ROUGE.<\/strong><\/p>\n\n\n\n<p class=\"has-small-font-size\"><br>(UN PEU DE L\u00c8CHE-BOTTE \u00c7A NE FAIT PAS DE MAL NON ?) <\/p>\n\n\n\n<p class=\"has-midsmall-font-size\"><em>ON A BEAU LE CRITIQUER, IL A TOUT FAIT POUR LE LABEL. <br>\/\/\/GRAPHISTE ? FAIT<br>\/\/\/CAMERAMAN ? MAXI FAIT <br>\/\/\/INGE SON ? FAIT<br>\/\/\/MONTEUR ? FAIT <br>\/\/\/LES R\u00c9SEAUX ? FAIT <br>\/\/\/PR\u00c9SENTATEUR ? FAIT <br>\/\/\/VENDEUR ? FAIT <br>BON JE M&rsquo;ARR\u00caTE L\u00c0 MAIS VOUS AVEZ CAPT\u00c9 L&rsquo;HISTOIRE. <br><\/em>MAIS SANS SON \u00c9QUIPE, LE LABEL NE SERAIT PAS LE LABEL.<\/p>\n\n\n\n<p class=\"has-small-font-size\"><br><br><\/p>\n<\/div><\/div>\n\n\n\n<blockquote class=\"wp-block-quote is-layout-flow wp-block-quote-is-layout-flow\">\n<h2 class=\"wp-block-heading animated backInLeft has-custom-couleur-4-color has-text-color has-link-color wp-elements-682d8ac189d055b18cee5417691569f6\">Pr\u00e9sentation de notre \u00e9quipe<\/h2>\n\n\n\n<p><\/p>\n\n\n\n<p class=\"animated backInRight has-four-color has-text-color has-link-color wp-elements-b5de0990c86f2a48b355dd98a04f5d7c\"><em>Voici une partie de la direction du label, Secr\u00e9taires G\u00e9n\u00e9raux, Charg\u00e9s de projets et autres Grands Vizirs. Les 10 magnifiques, sauf qu&rsquo;ils sont 6. Pour l&rsquo;instant. <br>Ce qui ne nous emp\u00eache pas de faire appel \u00e0 une legion d&rsquo;amis, partenaires, et m\u00eame ennemis, afin de mener \u00e0 bien nos projets&#8230; <\/em><\/p>\n\n\n\n<figure class=\"wp-block-image size-full animated backInUp\"><img decoding=\"async\" width=\"1614\" height=\"590\" src=\"https:\/\/miserecords.com\/wp-content\/uploads\/2025\/02\/Organigramme-MREC-2.png\" alt=\"\" class=\"wp-image-438\" srcset=\"https:\/\/miserecords.com\/wp-content\/uploads\/2025\/02\/Organigramme-MREC-2.png 1614w, https:\/\/miserecords.com\/wp-content\/uploads\/2025\/02\/Organigramme-MREC-2-300x110.png 300w, https:\/\/miserecords.com\/wp-content\/uploads\/2025\/02\/Organigramme-MREC-2-1024x374.png 1024w, https:\/\/miserecords.com\/wp-content\/uploads\/2025\/02\/Organigramme-MREC-2-768x281.png 768w, https:\/\/miserecords.com\/wp-content\/uploads\/2025\/02\/Organigramme-MREC-2-1536x561.png 1536w\" sizes=\"(max-width: 1614px) 100vw, 1614px\" \/><\/figure>\n<\/blockquote>\n\n\n\n<p><\/p>\n\n\n\n<p class=\"animated backInDown has-four-color has-text-color has-link-color wp-elements-b87003a26fc095ab6d207b455f1224dc\"><strong>Avec notre partenaire Nouxe Productions, nous proposons \u00e9galement certaines de nos prestations \u00e0 d\u2019autres groupes et entit\u00e9s, comme la captation vid\u00e9o \/ photo \/ sonore de concert ou de sessions de studio, le streaming, la r\u00e9alisation de clips, la cr\u00e9ation de visuels et d\u2019identit\u00e9s graphiques, le community management&#8230;<\/strong><\/p>\n\n\n\n<p class=\"animated backInDown has-four-color has-text-color has-link-color wp-elements-69376765c4737fe822a6d6dee88bcd71\"><strong>Bon \u00e9videmment, c\u2019est payant. Mais c\u2019est s\u00fbrement mieux et moins cher que nos concurrents, et en g\u00e9n\u00e9ral nous sommes humbles.<\/strong><\/p>\n\n\n\n<div id=\"wp-block-themeisle-blocks-advanced-columns-65ee514a\" class=\"wp-block-themeisle-blocks-advanced-columns has-2-columns has-desktop-equal-layout has-tablet-equal-layout has-mobile-collapsedRows-layout has-vertical-unset\"><div class=\"wp-block-themeisle-blocks-advanced-columns-overlay\"><\/div><div class=\"innerblocks-wrap\">\n<div id=\"wp-block-themeisle-blocks-advanced-column-961af0bd\" class=\"wp-block-themeisle-blocks-advanced-column\"><\/div>\n\n\n\n<div id=\"wp-block-themeisle-blocks-advanced-column-410bc687\" class=\"wp-block-themeisle-blocks-advanced-column\"><\/div>\n<\/div><\/div>\n\n\n\n<div id=\"wp-block-themeisle-blocks-advanced-columns-35b357e1\" class=\"wp-block-themeisle-blocks-advanced-columns has-3-columns has-desktop-equal-layout has-tablet-equal-layout has-mobile-collapsedRows-layout has-vertical-unset\"><div class=\"wp-block-themeisle-blocks-advanced-columns-overlay\"><\/div><div class=\"innerblocks-wrap\">\n<div id=\"wp-block-themeisle-blocks-advanced-column-3be708e6\" class=\"wp-block-themeisle-blocks-advanced-column\">\n<figure class=\"wp-block-embed is-type-video is-provider-vimeo wp-block-embed-vimeo wp-embed-aspect-16-9 wp-has-aspect-ratio\"><div class=\"wp-block-embed__wrapper\">\n<iframe title=\"AFTERMOVIES                                           \/\/\/ Showreel Mis\u00e8Records Filmwerks &#039;23\" src=\"https:\/\/player.vimeo.com\/video\/832662584?dnt=1&amp;app_id=122963\" width=\"500\" height=\"281\" frameborder=\"0\" allow=\"autoplay; fullscreen; picture-in-picture; clipboard-write; encrypted-media; web-share\" referrerpolicy=\"strict-origin-when-cross-origin\"><\/iframe>\n<\/div><\/figure>\n<\/div>\n\n\n\n<div id=\"wp-block-themeisle-blocks-advanced-column-300c52fb\" class=\"wp-block-themeisle-blocks-advanced-column\">\n<figure class=\"wp-block-embed is-type-video is-provider-vimeo wp-block-embed-vimeo wp-embed-aspect-16-9 wp-has-aspect-ratio\"><div class=\"wp-block-embed__wrapper\">\n<iframe title=\"EPK - PROMO RS - PHOTOS                                       \/\/\/ Showreel Mis\u00e8Records Filmwerks &#039;23\" src=\"https:\/\/player.vimeo.com\/video\/832709730?dnt=1&amp;app_id=122963\" width=\"500\" height=\"281\" frameborder=\"0\" allow=\"autoplay; fullscreen; picture-in-picture; clipboard-write; encrypted-media; web-share\" referrerpolicy=\"strict-origin-when-cross-origin\"><\/iframe>\n<\/div><\/figure>\n<\/div>\n\n\n\n<div id=\"wp-block-themeisle-blocks-advanced-column-bf187eaf\" class=\"wp-block-themeisle-blocks-advanced-column\">\n<figure class=\"wp-block-embed is-type-video is-provider-vimeo wp-block-embed-vimeo wp-embed-aspect-16-9 wp-has-aspect-ratio\"><div class=\"wp-block-embed__wrapper\">\n<iframe title=\"CAPTATIONS CONCERT                               \/\/\/ Showreel Mis\u00e8Records Filmwerks &#039;23\" src=\"https:\/\/player.vimeo.com\/video\/825444377?dnt=1&amp;app_id=122963\" width=\"500\" height=\"281\" frameborder=\"0\" allow=\"autoplay; fullscreen; picture-in-picture; clipboard-write; encrypted-media; web-share\" referrerpolicy=\"strict-origin-when-cross-origin\"><\/iframe>\n<\/div><\/figure>\n<\/div>\n<\/div><\/div>\n\n\n\n<div id=\"wp-block-themeisle-blocks-advanced-columns-b544727c\" class=\"wp-block-themeisle-blocks-advanced-columns has-1-columns has-desktop-equal-layout has-tablet-equal-layout has-mobile-equal-layout has-vertical-unset\"><div class=\"wp-block-themeisle-blocks-advanced-columns-overlay\"><\/div><div class=\"innerblocks-wrap\">\n<div id=\"wp-block-themeisle-blocks-advanced-column-dcb513d9\" class=\"wp-block-themeisle-blocks-advanced-column\">\n<h2 class=\"wp-block-heading has-text-align-center animated backInRight has-custom-couleur-4-color has-three-background-color has-text-color has-background has-link-color has-moderate-font-size wp-elements-a1322b6ed3ea65eee603e526a215afcc\">IN MEMORIAM<\/h2>\n<\/div>\n<\/div><\/div>\n\n\n\n<figure class=\"wp-block-embed is-type-video is-provider-youtube wp-block-embed-youtube wp-embed-aspect-16-9 wp-has-aspect-ratio animated backInLeft\"><div class=\"wp-block-embed__wrapper\">\n<iframe title=\"HACHEM DRISS, 1988-2024, H\u00c9RO DE MIS\u00c8RECORDS POUR LES SI\u00c8CLES DES SI\u00c8CLES\" width=\"500\" height=\"281\" src=\"https:\/\/www.youtube.com\/embed\/hbcXJe7KiVA?feature=oembed\" frameborder=\"0\" allow=\"accelerometer; autoplay; clipboard-write; encrypted-media; gyroscope; picture-in-picture; web-share\" referrerpolicy=\"strict-origin-when-cross-origin\" allowfullscreen><\/iframe>\n<\/div><\/figure>\n\n\n\n<p class=\"has-text-align-center animated backInRight has-custom-couleur-4-color has-three-background-color has-text-color has-background has-link-color has-medium-font-size wp-elements-d691ff7f91954ffba5f3457fdc1e55b6\"><strong>\u00c0 NOTRE AMI, NOTRE FR\u00c8RE, H\u00c9RO DE MIS\u00c8RECORDS. <\/strong><\/p>\n","protected":false},"excerpt":{"rendered":"<p>Cr\u00e9\u00e9 en 2009 par Mahabdi, Mis\u00e8Records a \u00e9t\u00e9 imagin\u00e9 comme un regroupement m\u00e9diatique avant tout au service des musiques ind\u00e9pendantes&#8230; mais est-ce bien suffisant apr\u00e8s tout ?Label, productions musicales, concerts, conseils &amp; relations presse \/ promo \/ r\u00e9seaux sociaux, vid\u00e9os, reportages, clips, court-m\u00e9trages, \u00e9missions et jeux en streaming&#8230; Voil\u00e0 c\u2019est mieux. Au service d\u2019une certaine [&hellip;]<\/p>\n","protected":false},"author":1,"featured_media":0,"parent":0,"menu_order":0,"comment_status":"closed","ping_status":"closed","template":"","meta":{"_themeisle_gutenberg_block_has_review":false,"footnotes":""},"class_list":["post-162","page","type-page","status-publish","hentry"],"yoast_head":"<!-- This site is optimized with the Yoast SEO plugin v27.1.1 - https:\/\/yoast.com\/product\/yoast-seo-wordpress\/ -->\n<title>MYTHOLOGIE - Mis\u00e8Records<\/title>\n<meta name=\"robots\" content=\"index, follow, max-snippet:-1, max-image-preview:large, max-video-preview:-1\" \/>\n<link rel=\"canonical\" href=\"https:\/\/miserecords.com\/?page_id=162\" \/>\n<meta property=\"og:locale\" content=\"fr_FR\" \/>\n<meta property=\"og:type\" content=\"article\" \/>\n<meta property=\"og:title\" content=\"MYTHOLOGIE - Mis\u00e8Records\" \/>\n<meta property=\"og:description\" content=\"Cr\u00e9\u00e9 en 2009 par Mahabdi, Mis\u00e8Records a \u00e9t\u00e9 imagin\u00e9 comme un regroupement m\u00e9diatique avant tout au service des musiques ind\u00e9pendantes&#8230; mais est-ce bien suffisant apr\u00e8s tout ?Label, productions musicales, concerts, conseils &amp; relations presse \/ promo \/ r\u00e9seaux sociaux, vid\u00e9os, reportages, clips, court-m\u00e9trages, \u00e9missions et jeux en streaming&#8230; Voil\u00e0 c\u2019est mieux. Au service d\u2019une certaine [&hellip;]\" \/>\n<meta property=\"og:url\" content=\"https:\/\/miserecords.com\/?page_id=162\" \/>\n<meta property=\"og:site_name\" content=\"Mis\u00e8Records\" \/>\n<meta property=\"article:modified_time\" content=\"2025-11-07T12:51:16+00:00\" \/>\n<meta property=\"og:image\" content=\"https:\/\/miserecords.com\/wp-content\/uploads\/2023\/04\/MREC-logo-1080x1080-fond-noir.png\" \/>\n\t<meta property=\"og:image:width\" content=\"1080\" \/>\n\t<meta property=\"og:image:height\" content=\"1080\" \/>\n\t<meta property=\"og:image:type\" content=\"image\/png\" \/>\n<meta name=\"twitter:card\" content=\"summary_large_image\" \/>\n<meta name=\"twitter:label1\" content=\"Dur\u00e9e de lecture estim\u00e9e\" \/>\n\t<meta name=\"twitter:data1\" content=\"2 minutes\" \/>\n<script type=\"application\/ld+json\" class=\"yoast-schema-graph\">{\"@context\":\"https:\/\/schema.org\",\"@graph\":[{\"@type\":\"WebPage\",\"@id\":\"https:\/\/miserecords.com\/?page_id=162\",\"url\":\"https:\/\/miserecords.com\/?page_id=162\",\"name\":\"MYTHOLOGIE - Mis\u00e8Records\",\"isPartOf\":{\"@id\":\"https:\/\/miserecords.com\/#website\"},\"primaryImageOfPage\":{\"@id\":\"https:\/\/miserecords.com\/?page_id=162#primaryimage\"},\"image\":{\"@id\":\"https:\/\/miserecords.com\/?page_id=162#primaryimage\"},\"thumbnailUrl\":\"https:\/\/miserecords.com\/wp-content\/uploads\/2023\/04\/MREC-logo-1080x1080-fond-noir-1024x1024.png\",\"datePublished\":\"2023-04-25T15:25:33+00:00\",\"dateModified\":\"2025-11-07T12:51:16+00:00\",\"breadcrumb\":{\"@id\":\"https:\/\/miserecords.com\/?page_id=162#breadcrumb\"},\"inLanguage\":\"fr-FR\",\"potentialAction\":[{\"@type\":\"ReadAction\",\"target\":[\"https:\/\/miserecords.com\/?page_id=162\"]}]},{\"@type\":\"ImageObject\",\"inLanguage\":\"fr-FR\",\"@id\":\"https:\/\/miserecords.com\/?page_id=162#primaryimage\",\"url\":\"https:\/\/miserecords.com\/wp-content\/uploads\/2023\/04\/MREC-logo-1080x1080-fond-noir.png\",\"contentUrl\":\"https:\/\/miserecords.com\/wp-content\/uploads\/2023\/04\/MREC-logo-1080x1080-fond-noir.png\",\"width\":1080,\"height\":1080},{\"@type\":\"BreadcrumbList\",\"@id\":\"https:\/\/miserecords.com\/?page_id=162#breadcrumb\",\"itemListElement\":[{\"@type\":\"ListItem\",\"position\":1,\"name\":\"Accueil\",\"item\":\"https:\/\/miserecords.com\/\"},{\"@type\":\"ListItem\",\"position\":2,\"name\":\"MYTHOLOGIE\"}]},{\"@type\":\"WebSite\",\"@id\":\"https:\/\/miserecords.com\/#website\",\"url\":\"https:\/\/miserecords.com\/\",\"name\":\"Mis\u00e8Records\",\"description\":\"\",\"potentialAction\":[{\"@type\":\"SearchAction\",\"target\":{\"@type\":\"EntryPoint\",\"urlTemplate\":\"https:\/\/miserecords.com\/?s={search_term_string}\"},\"query-input\":{\"@type\":\"PropertyValueSpecification\",\"valueRequired\":true,\"valueName\":\"search_term_string\"}}],\"inLanguage\":\"fr-FR\"}]}<\/script>\n<!-- \/ Yoast SEO plugin. -->","yoast_head_json":{"title":"MYTHOLOGIE - Mis\u00e8Records","robots":{"index":"index","follow":"follow","max-snippet":"max-snippet:-1","max-image-preview":"max-image-preview:large","max-video-preview":"max-video-preview:-1"},"canonical":"https:\/\/miserecords.com\/?page_id=162","og_locale":"fr_FR","og_type":"article","og_title":"MYTHOLOGIE - Mis\u00e8Records","og_description":"Cr\u00e9\u00e9 en 2009 par Mahabdi, Mis\u00e8Records a \u00e9t\u00e9 imagin\u00e9 comme un regroupement m\u00e9diatique avant tout au service des musiques ind\u00e9pendantes&#8230; mais est-ce bien suffisant apr\u00e8s tout ?Label, productions musicales, concerts, conseils &amp; relations presse \/ promo \/ r\u00e9seaux sociaux, vid\u00e9os, reportages, clips, court-m\u00e9trages, \u00e9missions et jeux en streaming&#8230; Voil\u00e0 c\u2019est mieux. Au service d\u2019une certaine [&hellip;]","og_url":"https:\/\/miserecords.com\/?page_id=162","og_site_name":"Mis\u00e8Records","article_modified_time":"2025-11-07T12:51:16+00:00","og_image":[{"width":1080,"height":1080,"url":"https:\/\/miserecords.com\/wp-content\/uploads\/2023\/04\/MREC-logo-1080x1080-fond-noir.png","type":"image\/png"}],"twitter_card":"summary_large_image","twitter_misc":{"Dur\u00e9e de lecture estim\u00e9e":"2 minutes"},"schema":{"@context":"https:\/\/schema.org","@graph":[{"@type":"WebPage","@id":"https:\/\/miserecords.com\/?page_id=162","url":"https:\/\/miserecords.com\/?page_id=162","name":"MYTHOLOGIE - Mis\u00e8Records","isPartOf":{"@id":"https:\/\/miserecords.com\/#website"},"primaryImageOfPage":{"@id":"https:\/\/miserecords.com\/?page_id=162#primaryimage"},"image":{"@id":"https:\/\/miserecords.com\/?page_id=162#primaryimage"},"thumbnailUrl":"https:\/\/miserecords.com\/wp-content\/uploads\/2023\/04\/MREC-logo-1080x1080-fond-noir-1024x1024.png","datePublished":"2023-04-25T15:25:33+00:00","dateModified":"2025-11-07T12:51:16+00:00","breadcrumb":{"@id":"https:\/\/miserecords.com\/?page_id=162#breadcrumb"},"inLanguage":"fr-FR","potentialAction":[{"@type":"ReadAction","target":["https:\/\/miserecords.com\/?page_id=162"]}]},{"@type":"ImageObject","inLanguage":"fr-FR","@id":"https:\/\/miserecords.com\/?page_id=162#primaryimage","url":"https:\/\/miserecords.com\/wp-content\/uploads\/2023\/04\/MREC-logo-1080x1080-fond-noir.png","contentUrl":"https:\/\/miserecords.com\/wp-content\/uploads\/2023\/04\/MREC-logo-1080x1080-fond-noir.png","width":1080,"height":1080},{"@type":"BreadcrumbList","@id":"https:\/\/miserecords.com\/?page_id=162#breadcrumb","itemListElement":[{"@type":"ListItem","position":1,"name":"Accueil","item":"https:\/\/miserecords.com\/"},{"@type":"ListItem","position":2,"name":"MYTHOLOGIE"}]},{"@type":"WebSite","@id":"https:\/\/miserecords.com\/#website","url":"https:\/\/miserecords.com\/","name":"Mis\u00e8Records","description":"","potentialAction":[{"@type":"SearchAction","target":{"@type":"EntryPoint","urlTemplate":"https:\/\/miserecords.com\/?s={search_term_string}"},"query-input":{"@type":"PropertyValueSpecification","valueRequired":true,"valueName":"search_term_string"}}],"inLanguage":"fr-FR"}]}},"_links":{"self":[{"href":"https:\/\/miserecords.com\/index.php?rest_route=\/wp\/v2\/pages\/162","targetHints":{"allow":["GET"]}}],"collection":[{"href":"https:\/\/miserecords.com\/index.php?rest_route=\/wp\/v2\/pages"}],"about":[{"href":"https:\/\/miserecords.com\/index.php?rest_route=\/wp\/v2\/types\/page"}],"author":[{"embeddable":true,"href":"https:\/\/miserecords.com\/index.php?rest_route=\/wp\/v2\/users\/1"}],"replies":[{"embeddable":true,"href":"https:\/\/miserecords.com\/index.php?rest_route=%2Fwp%2Fv2%2Fcomments&post=162"}],"version-history":[{"count":45,"href":"https:\/\/miserecords.com\/index.php?rest_route=\/wp\/v2\/pages\/162\/revisions"}],"predecessor-version":[{"id":582,"href":"https:\/\/miserecords.com\/index.php?rest_route=\/wp\/v2\/pages\/162\/revisions\/582"}],"wp:attachment":[{"href":"https:\/\/miserecords.com\/index.php?rest_route=%2Fwp%2Fv2%2Fmedia&parent=162"}],"curies":[{"name":"wp","href":"https:\/\/api.w.org\/{rel}","templated":true}]}}