{"id":147,"date":"2023-04-25T15:27:43","date_gmt":"2023-04-25T15:27:43","guid":{"rendered":"https:\/\/miserecords.com\/?page_id=147"},"modified":"2025-11-06T16:59:59","modified_gmt":"2025-11-06T16:59:59","slug":"misereshop","status":"publish","type":"page","link":"https:\/\/miserecords.com\/?page_id=147","title":{"rendered":"MIS\u00c8RESHOP"},"content":{"rendered":"\n<p class=\"has-text-align-center is-style-default has-three-background-color has-background has-medium-font-size\"><strong>\u00ab\u00a0IL FAUT LAISSER SA CHANCE AU PRODUIT\u00a0\u00bb<\/strong><\/p>\n\n\n\n<div id=\"wp-block-themeisle-blocks-advanced-columns-1106c0f8\" class=\"wp-block-themeisle-blocks-advanced-columns has-1-columns has-desktop-oneTwo-layout has-tablet-equal-layout has-mobile-collapsedRows-layout has-vertical-unset\"><div class=\"wp-block-themeisle-blocks-advanced-columns-overlay\"><\/div><div class=\"innerblocks-wrap\">\n<div id=\"wp-block-themeisle-blocks-advanced-column-b7f91384\" class=\"wp-block-themeisle-blocks-advanced-column\">\n<div class=\"wp-block-media-text is-stacked-on-mobile animated backInUp has-three-color has-luminous-vivid-amber-background-color has-text-color has-background has-link-color wp-elements-9beb6a859a366764c0d1bdc754bb65df\" style=\"grid-template-columns:30% auto\"><figure class=\"wp-block-media-text__media\"><img fetchpriority=\"high\" decoding=\"async\" width=\"1024\" height=\"1024\" src=\"https:\/\/miserecords.com\/wp-content\/uploads\/2025\/11\/TSHIRT-MPB-INSTA-1024x1024.jpg\" alt=\"\" class=\"wp-image-526 size-full\" srcset=\"https:\/\/miserecords.com\/wp-content\/uploads\/2025\/11\/TSHIRT-MPB-INSTA-1024x1024.jpg 1024w, https:\/\/miserecords.com\/wp-content\/uploads\/2025\/11\/TSHIRT-MPB-INSTA-300x300.jpg 300w, https:\/\/miserecords.com\/wp-content\/uploads\/2025\/11\/TSHIRT-MPB-INSTA-150x150.jpg 150w, https:\/\/miserecords.com\/wp-content\/uploads\/2025\/11\/TSHIRT-MPB-INSTA-768x768.jpg 768w, https:\/\/miserecords.com\/wp-content\/uploads\/2025\/11\/TSHIRT-MPB-INSTA.jpg 1500w\" sizes=\"(max-width: 1024px) 100vw, 1024px\" \/><\/figure><div class=\"wp-block-media-text__content\">\n<p class=\"has-moderate-font-size\"><strong>TICHEURTES &amp; GOODIES : <\/strong><\/p>\n\n\n\n<p><em>Nos ticheurtes sont disponibles en tailles homme du S au 2XL et en taille femme du XS au XL. <\/em><\/p>\n\n\n\n<p><em>S\u00e9rigraphi\u00e9s, en coton bio 180g, imprim\u00e9s en France. <\/em><\/p>\n<\/div><\/div>\n<\/div>\n<\/div><\/div>\n\n\n\n<div class=\"wp-block-media-text has-media-on-the-right is-stacked-on-mobile animated backInDown has-three-color has-luminous-vivid-amber-background-color has-text-color has-background has-link-color wp-elements-1db546c25ef84fb31e76b7f410f5676e\" style=\"grid-template-columns:auto 26%\"><div class=\"wp-block-media-text__content\">\n<p><strong>\/\/\/Ticheurtes<br>\/\/\/Chaussettes<br>\/\/\/Eco cups <br>\/\/\/Chaises de camping (celles avec les porte-bi\u00e8res l\u00e0)<\/strong><br><br><strong>De nombreux projets en cours de cr\u00e9ation ! <\/strong><\/p>\n<\/div><figure class=\"wp-block-media-text__media\"><img decoding=\"async\" width=\"768\" height=\"1024\" src=\"https:\/\/miserecords.com\/wp-content\/uploads\/2025\/11\/Asako-TSHIRT-MREC-25-analog-768x1024.jpg\" alt=\"\" class=\"wp-image-540 size-full\" srcset=\"https:\/\/miserecords.com\/wp-content\/uploads\/2025\/11\/Asako-TSHIRT-MREC-25-analog-768x1024.jpg 768w, https:\/\/miserecords.com\/wp-content\/uploads\/2025\/11\/Asako-TSHIRT-MREC-25-analog-225x300.jpg 225w, https:\/\/miserecords.com\/wp-content\/uploads\/2025\/11\/Asako-TSHIRT-MREC-25-analog-1152x1536.jpg 1152w, https:\/\/miserecords.com\/wp-content\/uploads\/2025\/11\/Asako-TSHIRT-MREC-25-analog.jpg 1250w\" sizes=\"(max-width: 768px) 100vw, 768px\" \/><\/figure><\/div>\n\n\n\n<p class=\"has-text-align-center animated fadeIn has-three-background-color has-background has-medium-font-size\"> \u00ab\u00a0<strong>IL Y EN A UN PEU PLUS JE VOUS LE LAISSE <\/strong>?\u00a0\u00bb<\/p>\n\n\n\n<div class=\"wp-block-media-text is-stacked-on-mobile animated backInLeft\" style=\"grid-template-columns:22% auto\"><figure class=\"wp-block-media-text__media\"><img decoding=\"async\" width=\"200\" height=\"179\" src=\"https:\/\/miserecords.com\/wp-content\/uploads\/2023\/04\/270032791_459992208842076_2752511960215916883_n-4.png\" alt=\"\" class=\"wp-image-159 size-full\"\/><\/figure><div class=\"wp-block-media-text__content\">\n<p><strong>Les boutiques Mis\u00e8Reshop s&rsquo;installent dans vos concerts, march\u00e9s, dans votre t\u00e9l\u00e9phone &amp; m\u00eame votre salon ! <br>Suivez-nous sur les r\u00e9seaux sociaux pour trouver le prochain Mis\u00e8Reshop ! <\/strong><\/p>\n<\/div><\/div>\n\n\n\n<p><\/p>\n","protected":false},"excerpt":{"rendered":"<p>\u00ab\u00a0IL FAUT LAISSER SA CHANCE AU PRODUIT\u00a0\u00bb \/\/\/Ticheurtes\/\/\/Chaussettes\/\/\/Eco cups \/\/\/Chaises de camping (celles avec les porte-bi\u00e8res l\u00e0) De nombreux projets en cours de cr\u00e9ation ! \u00ab\u00a0IL Y EN A UN PEU PLUS JE VOUS LE LAISSE ?\u00a0\u00bb Les boutiques Mis\u00e8Reshop s&rsquo;installent dans vos concerts, march\u00e9s, dans votre t\u00e9l\u00e9phone &amp; m\u00eame votre salon ! Suivez-nous sur [&hellip;]<\/p>\n","protected":false},"author":1,"featured_media":0,"parent":0,"menu_order":0,"comment_status":"closed","ping_status":"closed","template":"","meta":{"_themeisle_gutenberg_block_has_review":false,"footnotes":""},"class_list":["post-147","page","type-page","status-publish","hentry"],"yoast_head":"<!-- This site is optimized with the Yoast SEO plugin v27.1.1 - https:\/\/yoast.com\/product\/yoast-seo-wordpress\/ -->\n<title>MIS\u00c8RESHOP - Mis\u00e8Records<\/title>\n<meta name=\"robots\" content=\"index, follow, max-snippet:-1, max-image-preview:large, max-video-preview:-1\" \/>\n<link rel=\"canonical\" href=\"https:\/\/miserecords.com\/?page_id=147\" \/>\n<meta property=\"og:locale\" content=\"fr_FR\" \/>\n<meta property=\"og:type\" content=\"article\" \/>\n<meta property=\"og:title\" content=\"MIS\u00c8RESHOP - Mis\u00e8Records\" \/>\n<meta property=\"og:description\" content=\"\u00ab\u00a0IL FAUT LAISSER SA CHANCE AU PRODUIT\u00a0\u00bb \/\/\/Ticheurtes\/\/\/Chaussettes\/\/\/Eco cups \/\/\/Chaises de camping (celles avec les porte-bi\u00e8res l\u00e0) De nombreux projets en cours de cr\u00e9ation ! \u00ab\u00a0IL Y EN A UN PEU PLUS JE VOUS LE LAISSE ?\u00a0\u00bb Les boutiques Mis\u00e8Reshop s&rsquo;installent dans vos concerts, march\u00e9s, dans votre t\u00e9l\u00e9phone &amp; m\u00eame votre salon ! Suivez-nous sur [&hellip;]\" \/>\n<meta property=\"og:url\" content=\"https:\/\/miserecords.com\/?page_id=147\" \/>\n<meta property=\"og:site_name\" content=\"Mis\u00e8Records\" \/>\n<meta property=\"article:modified_time\" content=\"2025-11-06T16:59:59+00:00\" \/>\n<meta property=\"og:image\" content=\"https:\/\/miserecords.com\/wp-content\/uploads\/2025\/11\/TSHIRT-MPB-INSTA.jpg\" \/>\n\t<meta property=\"og:image:width\" content=\"1500\" \/>\n\t<meta property=\"og:image:height\" content=\"1500\" \/>\n\t<meta property=\"og:image:type\" content=\"image\/jpeg\" \/>\n<meta name=\"twitter:card\" content=\"summary_large_image\" \/>\n<meta name=\"twitter:label1\" content=\"Dur\u00e9e de lecture estim\u00e9e\" \/>\n\t<meta name=\"twitter:data1\" content=\"2 minutes\" \/>\n<script type=\"application\/ld+json\" class=\"yoast-schema-graph\">{\"@context\":\"https:\/\/schema.org\",\"@graph\":[{\"@type\":\"WebPage\",\"@id\":\"https:\/\/miserecords.com\/?page_id=147\",\"url\":\"https:\/\/miserecords.com\/?page_id=147\",\"name\":\"MIS\u00c8RESHOP - Mis\u00e8Records\",\"isPartOf\":{\"@id\":\"https:\/\/miserecords.com\/#website\"},\"primaryImageOfPage\":{\"@id\":\"https:\/\/miserecords.com\/?page_id=147#primaryimage\"},\"image\":{\"@id\":\"https:\/\/miserecords.com\/?page_id=147#primaryimage\"},\"thumbnailUrl\":\"https:\/\/miserecords.com\/wp-content\/uploads\/2025\/11\/TSHIRT-MPB-INSTA-1024x1024.jpg\",\"datePublished\":\"2023-04-25T15:27:43+00:00\",\"dateModified\":\"2025-11-06T16:59:59+00:00\",\"breadcrumb\":{\"@id\":\"https:\/\/miserecords.com\/?page_id=147#breadcrumb\"},\"inLanguage\":\"fr-FR\",\"potentialAction\":[{\"@type\":\"ReadAction\",\"target\":[\"https:\/\/miserecords.com\/?page_id=147\"]}]},{\"@type\":\"ImageObject\",\"inLanguage\":\"fr-FR\",\"@id\":\"https:\/\/miserecords.com\/?page_id=147#primaryimage\",\"url\":\"https:\/\/miserecords.com\/wp-content\/uploads\/2025\/11\/TSHIRT-MPB-INSTA.jpg\",\"contentUrl\":\"https:\/\/miserecords.com\/wp-content\/uploads\/2025\/11\/TSHIRT-MPB-INSTA.jpg\",\"width\":1500,\"height\":1500},{\"@type\":\"BreadcrumbList\",\"@id\":\"https:\/\/miserecords.com\/?page_id=147#breadcrumb\",\"itemListElement\":[{\"@type\":\"ListItem\",\"position\":1,\"name\":\"Accueil\",\"item\":\"https:\/\/miserecords.com\/\"},{\"@type\":\"ListItem\",\"position\":2,\"name\":\"MIS\u00c8RESHOP\"}]},{\"@type\":\"WebSite\",\"@id\":\"https:\/\/miserecords.com\/#website\",\"url\":\"https:\/\/miserecords.com\/\",\"name\":\"Mis\u00e8Records\",\"description\":\"\",\"potentialAction\":[{\"@type\":\"SearchAction\",\"target\":{\"@type\":\"EntryPoint\",\"urlTemplate\":\"https:\/\/miserecords.com\/?s={search_term_string}\"},\"query-input\":{\"@type\":\"PropertyValueSpecification\",\"valueRequired\":true,\"valueName\":\"search_term_string\"}}],\"inLanguage\":\"fr-FR\"}]}<\/script>\n<!-- \/ Yoast SEO plugin. -->","yoast_head_json":{"title":"MIS\u00c8RESHOP - Mis\u00e8Records","robots":{"index":"index","follow":"follow","max-snippet":"max-snippet:-1","max-image-preview":"max-image-preview:large","max-video-preview":"max-video-preview:-1"},"canonical":"https:\/\/miserecords.com\/?page_id=147","og_locale":"fr_FR","og_type":"article","og_title":"MIS\u00c8RESHOP - Mis\u00e8Records","og_description":"\u00ab\u00a0IL FAUT LAISSER SA CHANCE AU PRODUIT\u00a0\u00bb \/\/\/Ticheurtes\/\/\/Chaussettes\/\/\/Eco cups \/\/\/Chaises de camping (celles avec les porte-bi\u00e8res l\u00e0) De nombreux projets en cours de cr\u00e9ation ! \u00ab\u00a0IL Y EN A UN PEU PLUS JE VOUS LE LAISSE ?\u00a0\u00bb Les boutiques Mis\u00e8Reshop s&rsquo;installent dans vos concerts, march\u00e9s, dans votre t\u00e9l\u00e9phone &amp; m\u00eame votre salon ! Suivez-nous sur [&hellip;]","og_url":"https:\/\/miserecords.com\/?page_id=147","og_site_name":"Mis\u00e8Records","article_modified_time":"2025-11-06T16:59:59+00:00","og_image":[{"width":1500,"height":1500,"url":"https:\/\/miserecords.com\/wp-content\/uploads\/2025\/11\/TSHIRT-MPB-INSTA.jpg","type":"image\/jpeg"}],"twitter_card":"summary_large_image","twitter_misc":{"Dur\u00e9e de lecture estim\u00e9e":"2 minutes"},"schema":{"@context":"https:\/\/schema.org","@graph":[{"@type":"WebPage","@id":"https:\/\/miserecords.com\/?page_id=147","url":"https:\/\/miserecords.com\/?page_id=147","name":"MIS\u00c8RESHOP - Mis\u00e8Records","isPartOf":{"@id":"https:\/\/miserecords.com\/#website"},"primaryImageOfPage":{"@id":"https:\/\/miserecords.com\/?page_id=147#primaryimage"},"image":{"@id":"https:\/\/miserecords.com\/?page_id=147#primaryimage"},"thumbnailUrl":"https:\/\/miserecords.com\/wp-content\/uploads\/2025\/11\/TSHIRT-MPB-INSTA-1024x1024.jpg","datePublished":"2023-04-25T15:27:43+00:00","dateModified":"2025-11-06T16:59:59+00:00","breadcrumb":{"@id":"https:\/\/miserecords.com\/?page_id=147#breadcrumb"},"inLanguage":"fr-FR","potentialAction":[{"@type":"ReadAction","target":["https:\/\/miserecords.com\/?page_id=147"]}]},{"@type":"ImageObject","inLanguage":"fr-FR","@id":"https:\/\/miserecords.com\/?page_id=147#primaryimage","url":"https:\/\/miserecords.com\/wp-content\/uploads\/2025\/11\/TSHIRT-MPB-INSTA.jpg","contentUrl":"https:\/\/miserecords.com\/wp-content\/uploads\/2025\/11\/TSHIRT-MPB-INSTA.jpg","width":1500,"height":1500},{"@type":"BreadcrumbList","@id":"https:\/\/miserecords.com\/?page_id=147#breadcrumb","itemListElement":[{"@type":"ListItem","position":1,"name":"Accueil","item":"https:\/\/miserecords.com\/"},{"@type":"ListItem","position":2,"name":"MIS\u00c8RESHOP"}]},{"@type":"WebSite","@id":"https:\/\/miserecords.com\/#website","url":"https:\/\/miserecords.com\/","name":"Mis\u00e8Records","description":"","potentialAction":[{"@type":"SearchAction","target":{"@type":"EntryPoint","urlTemplate":"https:\/\/miserecords.com\/?s={search_term_string}"},"query-input":{"@type":"PropertyValueSpecification","valueRequired":true,"valueName":"search_term_string"}}],"inLanguage":"fr-FR"}]}},"_links":{"self":[{"href":"https:\/\/miserecords.com\/index.php?rest_route=\/wp\/v2\/pages\/147","targetHints":{"allow":["GET"]}}],"collection":[{"href":"https:\/\/miserecords.com\/index.php?rest_route=\/wp\/v2\/pages"}],"about":[{"href":"https:\/\/miserecords.com\/index.php?rest_route=\/wp\/v2\/types\/page"}],"author":[{"embeddable":true,"href":"https:\/\/miserecords.com\/index.php?rest_route=\/wp\/v2\/users\/1"}],"replies":[{"embeddable":true,"href":"https:\/\/miserecords.com\/index.php?rest_route=%2Fwp%2Fv2%2Fcomments&post=147"}],"version-history":[{"count":25,"href":"https:\/\/miserecords.com\/index.php?rest_route=\/wp\/v2\/pages\/147\/revisions"}],"predecessor-version":[{"id":563,"href":"https:\/\/miserecords.com\/index.php?rest_route=\/wp\/v2\/pages\/147\/revisions\/563"}],"wp:attachment":[{"href":"https:\/\/miserecords.com\/index.php?rest_route=%2Fwp%2Fv2%2Fmedia&parent=147"}],"curies":[{"name":"wp","href":"https:\/\/api.w.org\/{rel}","templated":true}]}}