{"id":135,"date":"2023-04-25T15:28:06","date_gmt":"2023-04-25T15:28:06","guid":{"rendered":"https:\/\/miserecords.com\/?page_id=135"},"modified":"2025-02-11T12:41:58","modified_gmt":"2025-02-11T12:41:58","slug":"videos","status":"publish","type":"page","link":"https:\/\/miserecords.com\/?page_id=135","title":{"rendered":"VID\u00c9OS"},"content":{"rendered":"\n<div id=\"wp-block-themeisle-blocks-advanced-columns-5a2aa2bc\" class=\"wp-block-themeisle-blocks-advanced-columns has-2-columns has-desktop-equal-layout has-tablet-equal-layout has-mobile-collapsedRows-layout has-vertical-unset\"><div class=\"wp-block-themeisle-blocks-advanced-columns-overlay\"><\/div><div class=\"innerblocks-wrap\">\n<div id=\"wp-block-themeisle-blocks-advanced-column-5cf5464a\" class=\"wp-block-themeisle-blocks-advanced-column\">\n<figure class=\"wp-block-embed is-type-video is-provider-youtube wp-block-embed-youtube wp-embed-aspect-16-9 wp-has-aspect-ratio\"><div class=\"wp-block-embed__wrapper\">\n<iframe title=\"&quot;Pornomustache&quot; - Aggressive Extension Live @ Mis\u00e8Records&#039; Studios\" width=\"500\" height=\"281\" src=\"https:\/\/www.youtube.com\/embed\/LRweSho5LFs?feature=oembed\" frameborder=\"0\" allow=\"accelerometer; autoplay; clipboard-write; encrypted-media; gyroscope; picture-in-picture; web-share\" referrerpolicy=\"strict-origin-when-cross-origin\" allowfullscreen><\/iframe>\n<\/div><\/figure>\n<\/div>\n\n\n\n<div id=\"wp-block-themeisle-blocks-advanced-column-07a0a3ef\" class=\"wp-block-themeisle-blocks-advanced-column\">\n<blockquote class=\"wp-block-quote is-layout-flow wp-block-quote-is-layout-flow\">\n<p class=\"animated backInDown\"><strong>Des interviews pour commencer, des captations de concert, des clips, des reportages, des courts-m\u00e9trage, des rediffusions d\u2019\u00e9mission ou best-of de streamings pour terminer :<br>TOUTES NOS VID\u00c9OS SONT SUR NOTRE CHA\u00ceNE YOUTUBE !<\/strong><\/p>\n<\/blockquote>\n<\/div>\n<\/div><\/div>\n\n\n\n<div class=\"wp-block-group is-layout-constrained wp-block-group-is-layout-constrained\">\n<div class=\"wp-block-buttons has-custom-font-size animated backInUp has-small-font-size is-content-justification-center is-layout-flex wp-container-core-buttons-is-layout-766bf85b wp-block-buttons-is-layout-flex\">\n<div class=\"wp-block-button has-custom-width wp-block-button__width-25 is-style-fill\"><a class=\"wp-block-button__link has-text-color wp-element-button\" href=\"https:\/\/www.youtube.com\/playlist?list=PLdxo3-96KU_-Mp4XwXDpuhyUdC8U6sKu0\" style=\"color:#ffc000\" target=\"_blank\" rel=\"noreferrer noopener\">Interviews<\/a><\/div>\n\n\n\n<div class=\"wp-block-button\"><a class=\"wp-block-button__link has-text-color wp-element-button\" href=\"https:\/\/www.youtube.com\/@MiseRecords\/playlists\" style=\"color:#ffc000\" target=\"_blank\" rel=\"noreferrer noopener\">COncerts &amp; sessions studio<\/a><\/div>\n\n\n\n<div class=\"wp-block-button\"><a class=\"wp-block-button__link has-text-color wp-element-button\" href=\"https:\/\/www.youtube.com\/playlist?list=PLdxo3-96KU_86VtAewgz9siTr7bqoazdd\" style=\"color:#ffc000\" target=\"_blank\" rel=\"noreferrer noopener\">Aftermovies &amp; reportages<\/a><\/div>\n\n\n\n<div class=\"wp-block-button\"><a class=\"wp-block-button__link has-text-color has-text-align-center wp-element-button\" href=\"https:\/\/www.youtube.com\/@MiseRecords\/playlists\" style=\"color:#ffc000\" target=\"_blank\" rel=\"noreferrer noopener\">rediffusions<\/a><\/div>\n<\/div>\n<\/div>\n\n\n\n<p><\/p>\n","protected":false},"excerpt":{"rendered":"","protected":false},"author":1,"featured_media":0,"parent":0,"menu_order":0,"comment_status":"closed","ping_status":"closed","template":"","meta":{"_themeisle_gutenberg_block_has_review":false,"footnotes":""},"class_list":["post-135","page","type-page","status-publish","hentry"],"yoast_head":"<!-- This site is optimized with the Yoast SEO plugin v27.1.1 - https:\/\/yoast.com\/product\/yoast-seo-wordpress\/ -->\n<title>VID\u00c9OS - Mis\u00e8Records<\/title>\n<meta name=\"robots\" content=\"index, follow, max-snippet:-1, max-image-preview:large, max-video-preview:-1\" \/>\n<link rel=\"canonical\" href=\"https:\/\/miserecords.com\/?page_id=135\" \/>\n<meta property=\"og:locale\" content=\"fr_FR\" \/>\n<meta property=\"og:type\" content=\"article\" \/>\n<meta property=\"og:title\" content=\"VID\u00c9OS - Mis\u00e8Records\" \/>\n<meta property=\"og:url\" content=\"https:\/\/miserecords.com\/?page_id=135\" \/>\n<meta property=\"og:site_name\" content=\"Mis\u00e8Records\" \/>\n<meta property=\"article:modified_time\" content=\"2025-02-11T12:41:58+00:00\" \/>\n<meta name=\"twitter:card\" content=\"summary_large_image\" \/>\n<meta name=\"twitter:label1\" content=\"Dur\u00e9e de lecture estim\u00e9e\" \/>\n\t<meta name=\"twitter:data1\" content=\"1 minute\" \/>\n<script type=\"application\/ld+json\" class=\"yoast-schema-graph\">{\"@context\":\"https:\/\/schema.org\",\"@graph\":[{\"@type\":\"WebPage\",\"@id\":\"https:\/\/miserecords.com\/?page_id=135\",\"url\":\"https:\/\/miserecords.com\/?page_id=135\",\"name\":\"VID\u00c9OS - Mis\u00e8Records\",\"isPartOf\":{\"@id\":\"https:\/\/miserecords.com\/#website\"},\"datePublished\":\"2023-04-25T15:28:06+00:00\",\"dateModified\":\"2025-02-11T12:41:58+00:00\",\"breadcrumb\":{\"@id\":\"https:\/\/miserecords.com\/?page_id=135#breadcrumb\"},\"inLanguage\":\"fr-FR\",\"potentialAction\":[{\"@type\":\"ReadAction\",\"target\":[\"https:\/\/miserecords.com\/?page_id=135\"]}]},{\"@type\":\"BreadcrumbList\",\"@id\":\"https:\/\/miserecords.com\/?page_id=135#breadcrumb\",\"itemListElement\":[{\"@type\":\"ListItem\",\"position\":1,\"name\":\"Accueil\",\"item\":\"https:\/\/miserecords.com\/\"},{\"@type\":\"ListItem\",\"position\":2,\"name\":\"VID\u00c9OS\"}]},{\"@type\":\"WebSite\",\"@id\":\"https:\/\/miserecords.com\/#website\",\"url\":\"https:\/\/miserecords.com\/\",\"name\":\"Mis\u00e8Records\",\"description\":\"\",\"potentialAction\":[{\"@type\":\"SearchAction\",\"target\":{\"@type\":\"EntryPoint\",\"urlTemplate\":\"https:\/\/miserecords.com\/?s={search_term_string}\"},\"query-input\":{\"@type\":\"PropertyValueSpecification\",\"valueRequired\":true,\"valueName\":\"search_term_string\"}}],\"inLanguage\":\"fr-FR\"}]}<\/script>\n<!-- \/ Yoast SEO plugin. -->","yoast_head_json":{"title":"VID\u00c9OS - Mis\u00e8Records","robots":{"index":"index","follow":"follow","max-snippet":"max-snippet:-1","max-image-preview":"max-image-preview:large","max-video-preview":"max-video-preview:-1"},"canonical":"https:\/\/miserecords.com\/?page_id=135","og_locale":"fr_FR","og_type":"article","og_title":"VID\u00c9OS - Mis\u00e8Records","og_url":"https:\/\/miserecords.com\/?page_id=135","og_site_name":"Mis\u00e8Records","article_modified_time":"2025-02-11T12:41:58+00:00","twitter_card":"summary_large_image","twitter_misc":{"Dur\u00e9e de lecture estim\u00e9e":"1 minute"},"schema":{"@context":"https:\/\/schema.org","@graph":[{"@type":"WebPage","@id":"https:\/\/miserecords.com\/?page_id=135","url":"https:\/\/miserecords.com\/?page_id=135","name":"VID\u00c9OS - Mis\u00e8Records","isPartOf":{"@id":"https:\/\/miserecords.com\/#website"},"datePublished":"2023-04-25T15:28:06+00:00","dateModified":"2025-02-11T12:41:58+00:00","breadcrumb":{"@id":"https:\/\/miserecords.com\/?page_id=135#breadcrumb"},"inLanguage":"fr-FR","potentialAction":[{"@type":"ReadAction","target":["https:\/\/miserecords.com\/?page_id=135"]}]},{"@type":"BreadcrumbList","@id":"https:\/\/miserecords.com\/?page_id=135#breadcrumb","itemListElement":[{"@type":"ListItem","position":1,"name":"Accueil","item":"https:\/\/miserecords.com\/"},{"@type":"ListItem","position":2,"name":"VID\u00c9OS"}]},{"@type":"WebSite","@id":"https:\/\/miserecords.com\/#website","url":"https:\/\/miserecords.com\/","name":"Mis\u00e8Records","description":"","potentialAction":[{"@type":"SearchAction","target":{"@type":"EntryPoint","urlTemplate":"https:\/\/miserecords.com\/?s={search_term_string}"},"query-input":{"@type":"PropertyValueSpecification","valueRequired":true,"valueName":"search_term_string"}}],"inLanguage":"fr-FR"}]}},"_links":{"self":[{"href":"https:\/\/miserecords.com\/index.php?rest_route=\/wp\/v2\/pages\/135","targetHints":{"allow":["GET"]}}],"collection":[{"href":"https:\/\/miserecords.com\/index.php?rest_route=\/wp\/v2\/pages"}],"about":[{"href":"https:\/\/miserecords.com\/index.php?rest_route=\/wp\/v2\/types\/page"}],"author":[{"embeddable":true,"href":"https:\/\/miserecords.com\/index.php?rest_route=\/wp\/v2\/users\/1"}],"replies":[{"embeddable":true,"href":"https:\/\/miserecords.com\/index.php?rest_route=%2Fwp%2Fv2%2Fcomments&post=135"}],"version-history":[{"count":9,"href":"https:\/\/miserecords.com\/index.php?rest_route=\/wp\/v2\/pages\/135\/revisions"}],"predecessor-version":[{"id":448,"href":"https:\/\/miserecords.com\/index.php?rest_route=\/wp\/v2\/pages\/135\/revisions\/448"}],"wp:attachment":[{"href":"https:\/\/miserecords.com\/index.php?rest_route=%2Fwp%2Fv2%2Fmedia&parent=135"}],"curies":[{"name":"wp","href":"https:\/\/api.w.org\/{rel}","templated":true}]}}